{"id":2,"date":"2020-10-29T15:43:41","date_gmt":"2020-10-29T14:43:41","guid":{"rendered":"https:\/\/tenutapadi.it\/?page_id=2"},"modified":"2024-03-19T17:49:58","modified_gmt":"2024-03-19T16:49:58","slug":"pagina-di-esempio","status":"publish","type":"page","link":"https:\/\/tenutapadi.it\/de\/","title":{"rendered":"Home Page"},"content":{"rendered":"<div class=\"wp-block-group bwa-2cols-alternate\"><div class=\"wp-block-group__inner-container is-layout-flow wp-block-group-is-layout-flow\">\n<div class=\"wp-block-columns margin-bottom0 is-layout-flex wp-container-core-columns-is-layout-9d6595d7 wp-block-columns-is-layout-flex\">\n<div class=\"wp-block-column is-layout-flow wp-block-column-is-layout-flow\">\n<figure class=\"wp-block-image size-colsm3 margin-bottom0 altered-move\"><img width=\"480\" height=\"640\" data-src=\"https:\/\/tenutapadi.it\/wp-content\/uploads\/2020\/10\/MG_0943-scaled-480x640.jpg\" alt=\"\" class=\"wp-image-49 lazyload bwa-img\"\/><\/figure>\n<\/div>\n\n\n\n<div class=\"wp-block-column hidden-xs is-layout-flow wp-block-column-is-layout-flow\">    <div class=\"bwa-grid-3-3-3\">\n    \t<div class=\"cementina-item\"><img style=\"transition-delay: 0ms;\" data-src=\"https:\/\/tenutapadi.it\/wp-content\/themes\/padi-theme-v2\/images\/textures\/cementina\/cementina-001.png\" class=\"lazyload bwa-img shadowed\" alt=\"Tenut\u00e0 Pad\u00ec\" \/><\/div><div class=\"cementina-item\"><img style=\"transition-delay: 100ms;\" data-src=\"https:\/\/tenutapadi.it\/wp-content\/themes\/padi-theme-v2\/images\/textures\/cementina\/cementina-002.png\" class=\"lazyload bwa-img shadowed\" alt=\"Tenut\u00e0 Pad\u00ec\" \/><\/div><div class=\"cementina-item\"><img style=\"transition-delay: 200ms;\" data-src=\"https:\/\/tenutapadi.it\/wp-content\/themes\/padi-theme-v2\/images\/textures\/cementina\/cementina-003.png\" class=\"lazyload bwa-img shadowed\" alt=\"Tenut\u00e0 Pad\u00ec\" \/><\/div><div class=\"cementina-item\"><img style=\"transition-delay: 300ms;\" data-src=\"https:\/\/tenutapadi.it\/wp-content\/themes\/padi-theme-v2\/images\/textures\/cementina\/cementina-004.png\" class=\"lazyload bwa-img shadowed\" alt=\"Tenut\u00e0 Pad\u00ec\" \/><\/div><div class=\"cementina-item flex-bwa\"><h3 class=\"margin0 padding15 font-alt-alt text-center inst-color\">Eine lukanische rote Liebe<\/h3><\/div><div class=\"cementina-item\"><img style=\"transition-delay: 500ms;\" data-src=\"https:\/\/tenutapadi.it\/wp-content\/themes\/padi-theme-v2\/images\/textures\/cementina\/cementina-006.png\" class=\"lazyload bwa-img shadowed\" alt=\"Tenut\u00e0 Pad\u00ec\" \/><\/div><div class=\"cementina-item\"><img style=\"transition-delay: 600ms;\" data-src=\"https:\/\/tenutapadi.it\/wp-content\/themes\/padi-theme-v2\/images\/textures\/cementina\/cementina-007.png\" class=\"lazyload bwa-img shadowed\" alt=\"Tenut\u00e0 Pad\u00ec\" \/><\/div><div class=\"cementina-item\"><img style=\"transition-delay: 700ms;\" data-src=\"https:\/\/tenutapadi.it\/wp-content\/themes\/padi-theme-v2\/images\/textures\/cementina\/cementina-008.png\" class=\"lazyload bwa-img shadowed\" alt=\"Tenut\u00e0 Pad\u00ec\" \/><\/div><div class=\"cementina-item\"><img style=\"transition-delay: 800ms;\" data-src=\"https:\/\/tenutapadi.it\/wp-content\/themes\/padi-theme-v2\/images\/textures\/cementina\/cementina-009.png\" class=\"lazyload bwa-img shadowed\" alt=\"Tenut\u00e0 Pad\u00ec\" \/><\/div><div class=\"cementina-item\"><img style=\"transition-delay: 900ms;\" data-src=\"https:\/\/tenutapadi.it\/wp-content\/themes\/padi-theme-v2\/images\/textures\/cementina\/cementina-010.png\" class=\"lazyload bwa-img shadowed\" alt=\"Tenut\u00e0 Pad\u00ec\" \/><\/div><div class=\"cementina-item\"><img style=\"transition-delay: 1000ms;\" data-src=\"https:\/\/tenutapadi.it\/wp-content\/themes\/padi-theme-v2\/images\/textures\/cementina\/cementina-011.png\" class=\"lazyload bwa-img shadowed\" alt=\"Tenut\u00e0 Pad\u00ec\" \/><\/div><div class=\"cementina-item\"><img style=\"transition-delay: 1100ms;\" data-src=\"https:\/\/tenutapadi.it\/wp-content\/themes\/padi-theme-v2\/images\/textures\/cementina\/cementina-012.png\" class=\"lazyload bwa-img shadowed\" alt=\"Tenut\u00e0 Pad\u00ec\" \/><\/div>    <\/div>\n    \n<\/div>\n\n\n\n<div class=\"wp-block-column is-vertically-aligned-center is-layout-flow wp-block-column-is-layout-flow\">\n<h1 class=\"extra-title h1 wp-block-heading\">Weingut Pad\u00ec<\/h1>\n\n\n\n<div class=\"wp-block-group padding30\"><div class=\"wp-block-group__inner-container is-layout-flow wp-block-group-is-layout-flow\">\n<p>Tenuta Pad\u00ec ist ein junger landwirtschaftlicher Betrieb, der aus dem Wunsch heraus entstanden ist, eines der Nischenprodukte der lukanischen Gastronomie aufzuwerten und bekannt zu machen<\/p>\n\n\n\n<p class=\"has-text-align-right font-alt-alt simple-link\"><a href=\"https:\/\/tenutapadi.it\/de\/unsere-geschichte\/\" data-type=\"page\" data-id=\"62\">Finden Sie heraus, wer wir sind<\/a><\/p>\n<\/div><\/div>\n<\/div>\n<\/div>\n\n\n\n<div class=\"wp-block-columns margin-bottom0 is-layout-flex wp-container-core-columns-is-layout-9d6595d7 wp-block-columns-is-layout-flex\">\n<div class=\"wp-block-column is-layout-flow wp-block-column-is-layout-flow\">\n<figure class=\"wp-block-image size-full margin-bottom0 altered-move speed-high\"><img width=\"480\" height=\"640\" data-src=\"https:\/\/tenutapadi.it\/wp-content\/uploads\/2022\/01\/MG_0788_2-scaled-480x640-1.jpg\" alt=\"\" class=\"wp-image-566 lazyload bwa-img\" srcset=\"https:\/\/tenutapadi.it\/wp-content\/uploads\/2022\/01\/MG_0788_2-scaled-480x640-1.jpg 480w, https:\/\/tenutapadi.it\/wp-content\/uploads\/2022\/01\/MG_0788_2-scaled-480x640-1-225x300.jpg 225w\" sizes=\"(max-width: 480px) 100vw, 480px\" \/><\/figure>\n<\/div>\n\n\n\n<div class=\"wp-block-column hidden-xs is-layout-flow wp-block-column-is-layout-flow\">    <div class=\"bwa-grid-3-3-3\">\n    \t<div class=\"cementina-item\"><img style=\"transition-delay: 0ms;\" data-src=\"https:\/\/tenutapadi.it\/wp-content\/themes\/padi-theme-v2\/images\/textures\/cementina\/cementina-001.png\" class=\"lazyload bwa-img shadowed\" alt=\"Tenut\u00e0 Pad\u00ec\" \/><\/div><div class=\"cementina-item\"><img style=\"transition-delay: 100ms;\" data-src=\"https:\/\/tenutapadi.it\/wp-content\/themes\/padi-theme-v2\/images\/textures\/cementina\/cementina-002.png\" class=\"lazyload bwa-img shadowed\" alt=\"Tenut\u00e0 Pad\u00ec\" \/><\/div><div class=\"cementina-item\"><img style=\"transition-delay: 200ms;\" data-src=\"https:\/\/tenutapadi.it\/wp-content\/themes\/padi-theme-v2\/images\/textures\/cementina\/cementina-003.png\" class=\"lazyload bwa-img shadowed\" alt=\"Tenut\u00e0 Pad\u00ec\" \/><\/div><div class=\"cementina-item\"><img style=\"transition-delay: 300ms;\" data-src=\"https:\/\/tenutapadi.it\/wp-content\/themes\/padi-theme-v2\/images\/textures\/cementina\/cementina-004.png\" class=\"lazyload bwa-img shadowed\" alt=\"Tenut\u00e0 Pad\u00ec\" \/><\/div><div class=\"cementina-item flex-bwa\"><h3 class=\"margin0 padding15 font-alt-alt text-center inst-color\">Der K\u00f6nig unserer K\u00fcche<\/h3><\/div><div class=\"cementina-item\"><img style=\"transition-delay: 500ms;\" data-src=\"https:\/\/tenutapadi.it\/wp-content\/themes\/padi-theme-v2\/images\/textures\/cementina\/cementina-006.png\" class=\"lazyload bwa-img shadowed\" alt=\"Tenut\u00e0 Pad\u00ec\" \/><\/div><div class=\"cementina-item\"><img style=\"transition-delay: 600ms;\" data-src=\"https:\/\/tenutapadi.it\/wp-content\/themes\/padi-theme-v2\/images\/textures\/cementina\/cementina-007.png\" class=\"lazyload bwa-img shadowed\" alt=\"Tenut\u00e0 Pad\u00ec\" \/><\/div><div class=\"cementina-item\"><img style=\"transition-delay: 700ms;\" data-src=\"https:\/\/tenutapadi.it\/wp-content\/themes\/padi-theme-v2\/images\/textures\/cementina\/cementina-008.png\" class=\"lazyload bwa-img shadowed\" alt=\"Tenut\u00e0 Pad\u00ec\" \/><\/div><div class=\"cementina-item\"><img style=\"transition-delay: 800ms;\" data-src=\"https:\/\/tenutapadi.it\/wp-content\/themes\/padi-theme-v2\/images\/textures\/cementina\/cementina-009.png\" class=\"lazyload bwa-img shadowed\" alt=\"Tenut\u00e0 Pad\u00ec\" \/><\/div><div class=\"cementina-item\"><img style=\"transition-delay: 900ms;\" data-src=\"https:\/\/tenutapadi.it\/wp-content\/themes\/padi-theme-v2\/images\/textures\/cementina\/cementina-010.png\" class=\"lazyload bwa-img shadowed\" alt=\"Tenut\u00e0 Pad\u00ec\" \/><\/div><div class=\"cementina-item\"><img style=\"transition-delay: 1000ms;\" data-src=\"https:\/\/tenutapadi.it\/wp-content\/themes\/padi-theme-v2\/images\/textures\/cementina\/cementina-011.png\" class=\"lazyload bwa-img shadowed\" alt=\"Tenut\u00e0 Pad\u00ec\" \/><\/div><div class=\"cementina-item\"><img style=\"transition-delay: 1100ms;\" data-src=\"https:\/\/tenutapadi.it\/wp-content\/themes\/padi-theme-v2\/images\/textures\/cementina\/cementina-012.png\" class=\"lazyload bwa-img shadowed\" alt=\"Tenut\u00e0 Pad\u00ec\" \/><\/div>    <\/div>\n    \n<\/div>\n\n\n\n<div class=\"wp-block-column is-vertically-aligned-center is-layout-flow wp-block-column-is-layout-flow\">\n<h1 class=\"extra-title h1 wp-block-heading\">Der Pfeffer<br>Crusco<\/h1>\n\n\n\n<div class=\"wp-block-group padding30\"><div class=\"wp-block-group__inner-container is-layout-flow wp-block-group-is-layout-flow\">\n<p>Der \"peperone crusco\", im lukanischen Dialekt \"Zafaran crusk\", ist ein Symbol f\u00fcr die lukanische gastronomische Tradition, deren besondere Merkmale...<\/p>\n\n\n\n<p class=\"has-text-align-right font-alt-alt simple-link\"><a href=\"https:\/\/tenutapadi.it\/de\/der-crusco-pfeffer\/\" data-type=\"page\" data-id=\"68\">Lesen Sie weiter<\/a><\/p>\n<\/div><\/div>\n<\/div>\n<\/div>\n\n\n\n<div class=\"wp-block-columns margin-bottom0 is-layout-flex wp-container-core-columns-is-layout-9d6595d7 wp-block-columns-is-layout-flex\">\n<div class=\"wp-block-column is-layout-flow wp-block-column-is-layout-flow\">\n<figure class=\"wp-block-image size-colsm3 margin-bottom0 altered-move speed-high\"><img width=\"480\" height=\"640\" data-src=\"https:\/\/tenutapadi.it\/wp-content\/uploads\/2020\/10\/MG_0984-scaled-480x640.jpg\" alt=\"\" class=\"wp-image-48 lazyload bwa-img\"\/><\/figure>\n<\/div>\n\n\n\n<div class=\"wp-block-column hidden-xs is-layout-flow wp-block-column-is-layout-flow\">    <div class=\"bwa-grid-3-3-3\">\n    \t<div class=\"cementina-item\"><img style=\"transition-delay: 0ms;\" data-src=\"https:\/\/tenutapadi.it\/wp-content\/themes\/padi-theme-v2\/images\/textures\/cementina\/cementina-001.png\" class=\"lazyload bwa-img shadowed\" alt=\"Tenut\u00e0 Pad\u00ec\" \/><\/div><div class=\"cementina-item\"><img style=\"transition-delay: 100ms;\" data-src=\"https:\/\/tenutapadi.it\/wp-content\/themes\/padi-theme-v2\/images\/textures\/cementina\/cementina-002.png\" class=\"lazyload bwa-img shadowed\" alt=\"Tenut\u00e0 Pad\u00ec\" \/><\/div><div class=\"cementina-item\"><img style=\"transition-delay: 200ms;\" data-src=\"https:\/\/tenutapadi.it\/wp-content\/themes\/padi-theme-v2\/images\/textures\/cementina\/cementina-003.png\" class=\"lazyload bwa-img shadowed\" alt=\"Tenut\u00e0 Pad\u00ec\" \/><\/div><div class=\"cementina-item\"><img style=\"transition-delay: 300ms;\" data-src=\"https:\/\/tenutapadi.it\/wp-content\/themes\/padi-theme-v2\/images\/textures\/cementina\/cementina-004.png\" class=\"lazyload bwa-img shadowed\" alt=\"Tenut\u00e0 Pad\u00ec\" \/><\/div><div class=\"cementina-item flex-bwa\"><h3 class=\"margin0 padding15 font-alt-alt text-center inst-color\">Die G\u00fcte der lukanischen Tradition<\/h3><\/div><div class=\"cementina-item\"><img style=\"transition-delay: 500ms;\" data-src=\"https:\/\/tenutapadi.it\/wp-content\/themes\/padi-theme-v2\/images\/textures\/cementina\/cementina-006.png\" class=\"lazyload bwa-img shadowed\" alt=\"Tenut\u00e0 Pad\u00ec\" \/><\/div><div class=\"cementina-item\"><img style=\"transition-delay: 600ms;\" data-src=\"https:\/\/tenutapadi.it\/wp-content\/themes\/padi-theme-v2\/images\/textures\/cementina\/cementina-007.png\" class=\"lazyload bwa-img shadowed\" alt=\"Tenut\u00e0 Pad\u00ec\" \/><\/div><div class=\"cementina-item\"><img style=\"transition-delay: 700ms;\" data-src=\"https:\/\/tenutapadi.it\/wp-content\/themes\/padi-theme-v2\/images\/textures\/cementina\/cementina-008.png\" class=\"lazyload bwa-img shadowed\" alt=\"Tenut\u00e0 Pad\u00ec\" \/><\/div><div class=\"cementina-item\"><img style=\"transition-delay: 800ms;\" data-src=\"https:\/\/tenutapadi.it\/wp-content\/themes\/padi-theme-v2\/images\/textures\/cementina\/cementina-009.png\" class=\"lazyload bwa-img shadowed\" alt=\"Tenut\u00e0 Pad\u00ec\" \/><\/div><div class=\"cementina-item\"><img style=\"transition-delay: 900ms;\" data-src=\"https:\/\/tenutapadi.it\/wp-content\/themes\/padi-theme-v2\/images\/textures\/cementina\/cementina-010.png\" class=\"lazyload bwa-img shadowed\" alt=\"Tenut\u00e0 Pad\u00ec\" \/><\/div><div class=\"cementina-item\"><img style=\"transition-delay: 1000ms;\" data-src=\"https:\/\/tenutapadi.it\/wp-content\/themes\/padi-theme-v2\/images\/textures\/cementina\/cementina-011.png\" class=\"lazyload bwa-img shadowed\" alt=\"Tenut\u00e0 Pad\u00ec\" \/><\/div><div class=\"cementina-item\"><img style=\"transition-delay: 1100ms;\" data-src=\"https:\/\/tenutapadi.it\/wp-content\/themes\/padi-theme-v2\/images\/textures\/cementina\/cementina-012.png\" class=\"lazyload bwa-img shadowed\" alt=\"Tenut\u00e0 Pad\u00ec\" \/><\/div>    <\/div>\n    \n<\/div>\n\n\n\n<div class=\"wp-block-column is-vertically-aligned-center is-layout-flow wp-block-column-is-layout-flow\">\n<h1 class=\"extra-title h1 wp-block-heading\">Unsere Produkte<\/h1>\n\n\n\n<div class=\"wp-block-group padding30\"><div class=\"wp-block-group__inner-container is-layout-flow wp-block-group-is-layout-flow\">\n<p>Alle Phasen des Produktionszyklus bis hin zur Verpackung werden dank der fachkundigen H\u00e4nde unserer \u00f6rtlichen Landwirte ausschlie\u00dflich von Hand ausgef\u00fchrt...<\/p>\n\n\n\n<p class=\"has-text-align-right font-alt-alt simple-link\"><a href=\"https:\/\/tenutapadi.it\/de\/shop\/\" data-type=\"page\" data-id=\"5\">Zum Shop gehen<\/a><\/p>\n<\/div><\/div>\n<\/div>\n<\/div>\n\n\n\n<div class=\"wp-block-columns margin-bottom0 is-layout-flex wp-container-core-columns-is-layout-9d6595d7 wp-block-columns-is-layout-flex\">\n<div class=\"wp-block-column is-layout-flow wp-block-column-is-layout-flow\">\n<figure class=\"wp-block-image size-colsm3 margin-bottom0 altered-move speed-high\"><img width=\"1707\" height=\"2560\" data-src=\"https:\/\/tenutapadi.it\/wp-content\/uploads\/2020\/10\/MG_0905-scaled.jpg\" alt=\"\" class=\"wp-image-46 lazyload bwa-img\" srcset=\"https:\/\/tenutapadi.it\/wp-content\/uploads\/2020\/10\/MG_0905-scaled.jpg 1707w, https:\/\/tenutapadi.it\/wp-content\/uploads\/2020\/10\/MG_0905-scaled-1200x1800.jpg 1200w, https:\/\/tenutapadi.it\/wp-content\/uploads\/2020\/10\/MG_0905-200x300.jpg 200w, https:\/\/tenutapadi.it\/wp-content\/uploads\/2020\/10\/MG_0905-683x1024.jpg 683w, https:\/\/tenutapadi.it\/wp-content\/uploads\/2020\/10\/MG_0905-768x1152.jpg 768w, https:\/\/tenutapadi.it\/wp-content\/uploads\/2020\/10\/MG_0905-1024x1536.jpg 1024w, https:\/\/tenutapadi.it\/wp-content\/uploads\/2020\/10\/MG_0905-1366x2048.jpg 1366w, https:\/\/tenutapadi.it\/wp-content\/uploads\/2020\/10\/MG_0905-640x960.jpg 640w\" sizes=\"(max-width: 1707px) 100vw, 1707px\" \/><\/figure>\n<\/div>\n\n\n\n<div class=\"wp-block-column hidden-xs is-layout-flow wp-block-column-is-layout-flow\">    <div class=\"bwa-grid-3-3-3\">\n    \t<div class=\"cementina-item\"><img style=\"transition-delay: 0ms;\" data-src=\"https:\/\/tenutapadi.it\/wp-content\/themes\/padi-theme-v2\/images\/textures\/cementina\/cementina-001.png\" class=\"lazyload bwa-img shadowed\" alt=\"Tenut\u00e0 Pad\u00ec\" \/><\/div><div class=\"cementina-item\"><img style=\"transition-delay: 100ms;\" data-src=\"https:\/\/tenutapadi.it\/wp-content\/themes\/padi-theme-v2\/images\/textures\/cementina\/cementina-002.png\" class=\"lazyload bwa-img shadowed\" alt=\"Tenut\u00e0 Pad\u00ec\" \/><\/div><div class=\"cementina-item\"><img style=\"transition-delay: 200ms;\" data-src=\"https:\/\/tenutapadi.it\/wp-content\/themes\/padi-theme-v2\/images\/textures\/cementina\/cementina-003.png\" class=\"lazyload bwa-img shadowed\" alt=\"Tenut\u00e0 Pad\u00ec\" \/><\/div><div class=\"cementina-item\"><img style=\"transition-delay: 300ms;\" data-src=\"https:\/\/tenutapadi.it\/wp-content\/themes\/padi-theme-v2\/images\/textures\/cementina\/cementina-004.png\" class=\"lazyload bwa-img shadowed\" alt=\"Tenut\u00e0 Pad\u00ec\" \/><\/div><div class=\"cementina-item flex-bwa\"><h3 class=\"margin0 padding15 font-alt-alt text-center inst-color\">Weingut Pad\u00ec<\/h3><\/div><div class=\"cementina-item\"><img style=\"transition-delay: 500ms;\" data-src=\"https:\/\/tenutapadi.it\/wp-content\/themes\/padi-theme-v2\/images\/textures\/cementina\/cementina-006.png\" class=\"lazyload bwa-img shadowed\" alt=\"Tenut\u00e0 Pad\u00ec\" \/><\/div><div class=\"cementina-item\"><img style=\"transition-delay: 600ms;\" data-src=\"https:\/\/tenutapadi.it\/wp-content\/themes\/padi-theme-v2\/images\/textures\/cementina\/cementina-007.png\" class=\"lazyload bwa-img shadowed\" alt=\"Tenut\u00e0 Pad\u00ec\" \/><\/div><div class=\"cementina-item\"><img style=\"transition-delay: 700ms;\" data-src=\"https:\/\/tenutapadi.it\/wp-content\/themes\/padi-theme-v2\/images\/textures\/cementina\/cementina-008.png\" class=\"lazyload bwa-img shadowed\" alt=\"Tenut\u00e0 Pad\u00ec\" \/><\/div><div class=\"cementina-item\"><img style=\"transition-delay: 800ms;\" data-src=\"https:\/\/tenutapadi.it\/wp-content\/themes\/padi-theme-v2\/images\/textures\/cementina\/cementina-009.png\" class=\"lazyload bwa-img shadowed\" alt=\"Tenut\u00e0 Pad\u00ec\" \/><\/div><div class=\"cementina-item\"><img style=\"transition-delay: 900ms;\" data-src=\"https:\/\/tenutapadi.it\/wp-content\/themes\/padi-theme-v2\/images\/textures\/cementina\/cementina-010.png\" class=\"lazyload bwa-img shadowed\" alt=\"Tenut\u00e0 Pad\u00ec\" \/><\/div><div class=\"cementina-item\"><img style=\"transition-delay: 1000ms;\" data-src=\"https:\/\/tenutapadi.it\/wp-content\/themes\/padi-theme-v2\/images\/textures\/cementina\/cementina-011.png\" class=\"lazyload bwa-img shadowed\" alt=\"Tenut\u00e0 Pad\u00ec\" \/><\/div><div class=\"cementina-item\"><img style=\"transition-delay: 1100ms;\" data-src=\"https:\/\/tenutapadi.it\/wp-content\/themes\/padi-theme-v2\/images\/textures\/cementina\/cementina-012.png\" class=\"lazyload bwa-img shadowed\" alt=\"Tenut\u00e0 Pad\u00ec\" \/><\/div><div class=\"cementina-item\"><img style=\"transition-delay: 1200ms;\" data-src=\"https:\/\/tenutapadi.it\/wp-content\/themes\/padi-theme-v2\/images\/textures\/cementina\/cementina-006.png\" class=\"lazyload bwa-img shadowed\" alt=\"Tenut\u00e0 Pad\u00ec\" \/><\/div><div class=\"cementina-item\"><img style=\"transition-delay: 1300ms;\" data-src=\"https:\/\/tenutapadi.it\/wp-content\/themes\/padi-theme-v2\/images\/textures\/cementina\/cementina-005.png\" class=\"lazyload bwa-img shadowed\" alt=\"Tenut\u00e0 Pad\u00ec\" \/><\/div><div class=\"cementina-item\"><img style=\"transition-delay: 1400ms;\" data-src=\"https:\/\/tenutapadi.it\/wp-content\/themes\/padi-theme-v2\/images\/textures\/cementina\/cementina-004.png\" class=\"lazyload bwa-img shadowed\" alt=\"Tenut\u00e0 Pad\u00ec\" \/><\/div><div class=\"cementina-item\"><img style=\"transition-delay: 1500ms;\" data-src=\"https:\/\/tenutapadi.it\/wp-content\/themes\/padi-theme-v2\/images\/textures\/cementina\/cementina-003.png\" class=\"lazyload bwa-img shadowed\" alt=\"Tenut\u00e0 Pad\u00ec\" \/><\/div><div class=\"cementina-item\"><img style=\"transition-delay: 1600ms;\" data-src=\"https:\/\/tenutapadi.it\/wp-content\/themes\/padi-theme-v2\/images\/textures\/cementina\/cementina-002.png\" class=\"lazyload bwa-img shadowed\" alt=\"Tenut\u00e0 Pad\u00ec\" \/><\/div><div class=\"cementina-item\"><img style=\"transition-delay: 1700ms;\" data-src=\"https:\/\/tenutapadi.it\/wp-content\/themes\/padi-theme-v2\/images\/textures\/cementina\/cementina-001.png\" class=\"lazyload bwa-img shadowed\" alt=\"Tenut\u00e0 Pad\u00ec\" \/><\/div>    <\/div>\n    \n<\/div>\n\n\n\n<div class=\"wp-block-column is-vertically-aligned-center is-layout-flow wp-block-column-is-layout-flow\">\n<h1 class=\"extra-title h1 wp-block-heading\">HO.RE.CA Betreiber<\/h1>\n\n\n\n<div class=\"wp-block-group padding30\"><div class=\"wp-block-group__inner-container is-layout-flow wp-block-group-is-layout-flow\">\n<p>Der Online Shop ist f\u00fcr den Endverbraucher reserviert.<br>Wenn Sie ein professioneller Marktteilnehmer im Bereich HO.RE.CA sind, senden Sie eine E-Mail-Anfrage, um Ihre Preisliste zu erhalten<\/p>\n\n\n\n<p class=\"has-text-align-right font-alt-alt simple-link\"><a href=\"https:\/\/tenutapadi.it\/de\/einzelhandler\/\" data-type=\"page\" data-id=\"76\">Kontakt aufnehmen<\/a><\/p>\n<\/div><\/div>\n\n\n\n<figure class=\"wp-block-image size-full\"><img width=\"627\" height=\"726\" data-src=\"https:\/\/tenutapadi.it\/wp-content\/uploads\/2020\/10\/localization.png\" alt=\"\" class=\"wp-image-79 lazyload bwa-img\" srcset=\"https:\/\/tenutapadi.it\/wp-content\/uploads\/2020\/10\/localization.png 627w, https:\/\/tenutapadi.it\/wp-content\/uploads\/2020\/10\/localization-259x300.png 259w\" sizes=\"(max-width: 627px) 100vw, 627px\" \/><\/figure>\n\n\n\n<div class=\"wp-block-buttons is-content-justification-right is-layout-flex wp-block-buttons-is-layout-flex\">\n<div class=\"wp-block-button width-pr-100 margin-top30 is-style-outline white-space-nowrap is-style-outline--1\"><a class=\"wp-block-button__link no-border-radius\" href=\"https:\/\/tenutapadi.it\/de\/einzelhandler\/\">Preisliste anfordern<\/a><\/div>\n<\/div>\n\n\n\n<p><\/p>\n<\/div>\n<\/div>\n\n\n\n<p><\/p>\n<\/div><\/div>","protected":false},"excerpt":{"rendered":"<p>Tenuta Pad\u00ec Tenuta Pad\u00ec \u00e8 una giovane azienda agricola, nata dalla volont\u00e0 di valorizzare e diffondere la conoscenza di uno dei prodotti di nicchia della gastronomia lucana Scopri chi siamo Il PeperoneCrusco Il peperone crusco, in dialetto lucano \u201cZafaran crusk\u201d \u00e8 un simbolo della tradizione gastronomica lucana, le cui caratteristiche peculiari sono&#8230; Continua a leggere [&hellip;]<\/p>","protected":false},"author":1,"featured_media":0,"parent":0,"menu_order":0,"comment_status":"closed","ping_status":"closed","template":"page-templates\/presentazione.php","meta":{"footnotes":""},"class_list":["post-2","page","type-page","status-publish","hentry"],"_links":{"self":[{"href":"https:\/\/tenutapadi.it\/de\/wp-json\/wp\/v2\/pages\/2","targetHints":{"allow":["GET"]}}],"collection":[{"href":"https:\/\/tenutapadi.it\/de\/wp-json\/wp\/v2\/pages"}],"about":[{"href":"https:\/\/tenutapadi.it\/de\/wp-json\/wp\/v2\/types\/page"}],"author":[{"embeddable":true,"href":"https:\/\/tenutapadi.it\/de\/wp-json\/wp\/v2\/users\/1"}],"replies":[{"embeddable":true,"href":"https:\/\/tenutapadi.it\/de\/wp-json\/wp\/v2\/comments?post=2"}],"version-history":[{"count":39,"href":"https:\/\/tenutapadi.it\/de\/wp-json\/wp\/v2\/pages\/2\/revisions"}],"predecessor-version":[{"id":567,"href":"https:\/\/tenutapadi.it\/de\/wp-json\/wp\/v2\/pages\/2\/revisions\/567"}],"wp:attachment":[{"href":"https:\/\/tenutapadi.it\/de\/wp-json\/wp\/v2\/media?parent=2"}],"curies":[{"name":"wp","href":"https:\/\/api.w.org\/{rel}","templated":true}]}}