{"id":1002,"date":"2024-03-03T22:23:40","date_gmt":"2024-03-03T21:23:40","guid":{"rendered":"https:\/\/tenutapadi.it\/?post_type=product&#038;p=1002"},"modified":"2026-01-22T10:58:57","modified_gmt":"2026-01-22T09:58:57","slug":"chondicrusco-paprikacreme","status":"publish","type":"product","link":"https:\/\/tenutapadi.it\/de\/produkt\/chondicrusco-paprikacreme\/","title":{"rendered":"Tenuta Pad\u00ec CondiCrusco | Crema di Peperoni Cruschi di Senise IGP | Lucano Gew\u00fcrz"},"content":{"rendered":"<p><strong>DAS LUKANISCHE GEW\u00dcRZ<\/strong><\/p>\n<p>La <strong>Paprikacreme<\/strong> von <strong>PGI Senise<\/strong> ist eine gastronomische Delikatesse, die sich perfekt zum W\u00fcrzen von Bruschetta oder Nudelgerichten eignet und jede Zubereitung mit ihrem Geschmack bereichert. <strong>kr\u00e4ftiger und schmackhafter Geschmack<\/strong>. Ausschlie\u00dflich hergestellt aus <strong>Pfeffersorten der g.g.A. Senise<\/strong>diese <strong>Creme<\/strong> kapselt alle <strong>Reichtum der lukanischen Aromen<\/strong>i in einem <strong>Samtige und unwiderstehliche Textur<\/strong>.<\/p>\n<p><strong>EIN TRADITIONELLES REZEPT<\/strong><\/p>\n<p>La <strong>Handwerkskunst<\/strong>vollst\u00e4ndig handgefertigt und unter dem wachsamen Auge des Menschen, stellt sicher, dass jeder Schritt des Prozesses gepflegt wird. <strong>Kleinstdetails<\/strong>. Diese <strong>traditionelle Methode<\/strong> erm\u00f6glicht es, eine schmackhafte und wohlschmeckende Konfit\u00fcre zu erhalten, wie sie fr\u00fcher \u00fcblich war, wobei die organoleptischen Eigenschaften des Produkts erhalten bleiben. <strong>frische Paprikaschoten<\/strong>.<\/p>\n<p>Jedes Glas Senise g.g.A. Pfeffersahne ist das Ergebnis einer perfekten Kombination aus der Qualit\u00e4t des <strong>Ausgangsmaterial<\/strong> und Handwerkskunst und bietet ein Produkt <strong>echt<\/strong> e <strong>authentisch<\/strong>die in der Lage sind, jedes Gericht zu einem Erlebnis zu machen <strong>einzigartig kulinarisch<\/strong>.<\/p>\n<p>F\u00c4LLIGKEIT 12 MONATE<\/p>\n<p><span style=\"font-weight: 400;\">TENUTA PAD\u00cc:<\/span><b> Mit Liebe kultivieren<\/b><\/p>\n<p><b>EINE ROTE LUKANISCHE LIEBE<\/b><span style=\"font-weight: 400;\"> \u2764<\/span><\/p>\n<p><span style=\"font-weight: 400;\">Die Tenuta Pad\u00ec, H\u00fcterin des roten Goldes von Lukanien, zelebriert in all ihren Formen die Exzellenz der g.g.A. von Senise: Seine Majest\u00e4t der Peperone Crusco.<\/span><\/p>\n<p><b>DER K\u00d6NIG UNSERER K\u00dcCHE<\/b><span style=\"font-weight: 400;\"> \ud83d\udc51\ud83c\udf36<\/span><\/p>\n<p><span style=\"font-weight: 400;\">S\u00fc\u00df, knackig, von purpurroter Farbe und mit sehr d\u00fcnnem Fruchtfleisch. Dies sind die Merkmale, die den Crusco-Pfeffer, im lukanischen Dialekt \"Zafaran crusk\", einzigartig machen.<\/span><\/p>\n<p><b>QUALIT\u00c4T OHNE KOMPROMISSE<\/b><span style=\"font-weight: 400;\"> \ud83c\udf1f<\/span><\/p>\n<p><span style=\"font-weight: 400;\">Jeder einzelne Schritt des Prozesses, vom Anbau bis zur Verarbeitung, betrifft uns direkt.<\/span><\/p>\n<p><span style=\"font-weight: 400;\">Tenuta Pad\u00ec w\u00e4hlt nur die besten Samen von Pflanzen aus, die im Gebiet der g.g.A. wachsen.<\/span><\/p>\n<p><span style=\"font-weight: 400;\">Die Verpflanzung der Setzlinge und die Ernte der Beeren erfolgen von Hand.<\/span><\/p>\n<p><span style=\"font-weight: 400;\">Die Trocknung erfolgt in einem Gew\u00e4chshaus auf nat\u00fcrliche Weise ohne mechanische Hilfsmittel.<\/span><\/p>\n<p><b>SIE WERDEN SICH AUF DEN ERSTEN BLICK VERLIEBEN<\/b><span style=\"font-weight: 400;\"> \ud83d\ude0d<\/span><\/p>\n<p><span style=\"font-weight: 400;\">Nur die besten, von allen Kernen befreiten Beeren werden ausgew\u00e4hlt, um in unser eigenes natives Oliven\u00f6l extra 100% Bio aus Lucania getaucht zu werden. Nur Liebe, Sorgfalt und h\u00f6chste Qualit\u00e4t der Zutaten, ohne Kompromisse.<\/span><\/p>\n<p>&nbsp;<\/p>","protected":false},"excerpt":{"rendered":"<p class=\"p1\"><span class=\"s1\">Die Paprikacreme Senise IGP eignet sich hervorragend zum W\u00fcrzen von Bruschetta oder Nudelgerichten und hat einen kr\u00e4ftigen und schmackhaften Geschmack.<\/span><\/p>\n<p>Der gesamte Prozess wird von Hand und unter den wachsamen Augen des Menschen durchgef\u00fchrt, und auf diese Weise entsteht eine schmackhafte und wohlschmeckende Konfit\u00fcre, genau wie in fr\u00fcheren Zeiten.<\/p>","protected":false},"featured_media":1105,"comment_status":"closed","ping_status":"closed","template":"","meta":[],"product_brand":[],"product_cat":[41,32,39],"product_tag":[],"class_list":{"0":"post-1002","1":"product","2":"type-product","3":"status-publish","4":"has-post-thumbnail","6":"product_cat-le-selezioni-gourmet","7":"product_cat-le-conserve-di-tenuta-padi","8":"product_cat-fantasiosi","10":"first","11":"instock","12":"sale","13":"taxable","14":"shipping-taxable","15":"purchasable","16":"product-type-variable"},"_links":{"self":[{"href":"https:\/\/tenutapadi.it\/de\/wp-json\/wp\/v2\/product\/1002","targetHints":{"allow":["GET"]}}],"collection":[{"href":"https:\/\/tenutapadi.it\/de\/wp-json\/wp\/v2\/product"}],"about":[{"href":"https:\/\/tenutapadi.it\/de\/wp-json\/wp\/v2\/types\/product"}],"replies":[{"embeddable":true,"href":"https:\/\/tenutapadi.it\/de\/wp-json\/wp\/v2\/comments?post=1002"}],"wp:featuredmedia":[{"embeddable":true,"href":"https:\/\/tenutapadi.it\/de\/wp-json\/wp\/v2\/media\/1105"}],"wp:attachment":[{"href":"https:\/\/tenutapadi.it\/de\/wp-json\/wp\/v2\/media?parent=1002"}],"wp:term":[{"taxonomy":"product_brand","embeddable":true,"href":"https:\/\/tenutapadi.it\/de\/wp-json\/wp\/v2\/product_brand?post=1002"},{"taxonomy":"product_cat","embeddable":true,"href":"https:\/\/tenutapadi.it\/de\/wp-json\/wp\/v2\/product_cat?post=1002"},{"taxonomy":"product_tag","embeddable":true,"href":"https:\/\/tenutapadi.it\/de\/wp-json\/wp\/v2\/product_tag?post=1002"}],"curies":[{"name":"wp","href":"https:\/\/api.w.org\/{rel}","templated":true}]}}