{"id":147,"date":"2020-10-30T04:21:52","date_gmt":"2020-10-30T03:21:52","guid":{"rendered":"https:\/\/tenutapadi.it\/?post_type=product&#038;p=147"},"modified":"2025-12-04T19:08:44","modified_gmt":"2025-12-04T18:08:44","slug":"ganze-gebratene-cruschi-paprikaschoten-im-glas","status":"publish","type":"product","link":"https:\/\/tenutapadi.it\/de\/produkt\/ganze-gebratene-cruschi-paprikaschoten-im-glas\/","title":{"rendered":"Tenuta Pad\u00ec Peperoni Cruschi di Senise g.g.A. | Ganz im Glas | bereits in nativem Oliven\u00f6l extra gebraten"},"content":{"rendered":"<p><strong>EIN UNWIDERSTEHLICHES PRODUKT<\/strong><\/p>\n<p>Die Paprikaschoten der g.g.A. Senise, <strong>sorgf\u00e4ltig gebraten<\/strong> unter <strong>natives \u00d6l extra<\/strong> mit Oliven\u00f6l, sind sie bereit, in ihrer ganzen G\u00fcte genossen zu werden. Sie eignen sich perfekt als Aperitif oder Snack und bieten ein einzigartiges und authentisches Geschmackserlebnis. Aber ihr <strong>Qualit\u00e4t<\/strong> Aber das ist noch nicht alles: Sie schmecken noch besser zu Risottos, Suppen, Vorspeisen und Hauptgerichten, sowohl mit Fleisch als auch mit Fisch.<\/p>\n<p>Unsere Cruschi-Paprikaschoten sind verpackt <strong>im Glas<\/strong> um eine optimale Konservierung zu gew\u00e4hrleisten und das Produkt und seinen authentischen Geschmack in vollem Umfang zu erhalten.\ud83c\udf36\ufe0f<\/p>\n<p><strong>PERFEKT F\u00dcR JEDES GERICHT<\/strong><\/p>\n<p>Ihre<strong> Vielseitigkeit<\/strong> macht sie zu einer idealen Zutat, um eine Vielzahl von Gerichten zu bereichern und ihnen einen Hauch von Geschmack und Knusprigkeit zu verleihen, der jedes Gericht aufwertet. <strong>kulinarische Zubereitung<\/strong>. Probieren Sie sie als raffinierte Vorspeise oder als Hauptbestandteil eines Gerichts <strong>Gourmet<\/strong>Die Paprika der g.g.A. Senise eignen sich perfekt f\u00fcr jede Gelegenheit und erf\u00fcllen auch die <strong>Anspruchsvolle Gaumen.<\/strong><\/p>\n<p>Jeder Schritt des Prozesses, von der Auswahl der Paprika bis zum Braten, wird von uns auf der Tenuta Pad\u00ec mit Sorgfalt und Hingabe verfolgt, um ein Produkt von h\u00f6chster Qualit\u00e4t zu garantieren und die Authentizit\u00e4t und Tradition der lukanischen Aromen zu bewahren.<\/p>\n<p>F\u00c4LLIGKEIT 12 MONATE<\/p>\n<p><span style=\"font-weight: 400;\">TENUTA PAD\u00cc:<\/span><b> Mit Liebe kultivieren<\/b><\/p>\n<p><b>EINE ROTE LUKANISCHE LIEBE<\/b><span style=\"font-weight: 400;\"> \u2764<\/span><\/p>\n<p><span style=\"font-weight: 400;\">Die Tenuta Pad\u00ec, H\u00fcterin des roten Goldes von Lukanien, zelebriert in all ihren Formen die Exzellenz der g.g.A. von Senise: Seine Majest\u00e4t der Peperone Crusco.<\/span><\/p>\n<p><b>DER K\u00d6NIG UNSERER K\u00dcCHE<\/b><span style=\"font-weight: 400;\"> \ud83d\udc51\ud83c\udf36<\/span><\/p>\n<p><span style=\"font-weight: 400;\">S\u00fc\u00df, knackig, von purpurroter Farbe und mit sehr d\u00fcnnem Fruchtfleisch. Dies sind die Merkmale, die den Crusco-Pfeffer, im lukanischen Dialekt \"Zafaran crusk\", einzigartig machen.<\/span><\/p>\n<p><b>QUALIT\u00c4T OHNE KOMPROMISSE<\/b><span style=\"font-weight: 400;\"> \ud83c\udf1f<\/span><\/p>\n<p><span style=\"font-weight: 400;\">Jeder einzelne Schritt des Prozesses, vom Anbau bis zur Verarbeitung, betrifft uns direkt.<\/span><\/p>\n<p><span style=\"font-weight: 400;\">Tenuta Pad\u00ec w\u00e4hlt nur die besten Samen von Pflanzen aus, die im Gebiet der g.g.A. wachsen.<\/span><\/p>\n<p><span style=\"font-weight: 400;\">Die Verpflanzung der Setzlinge und die Ernte der Beeren erfolgen von Hand.<\/span><\/p>\n<p><span style=\"font-weight: 400;\">Die Trocknung erfolgt in einem Gew\u00e4chshaus auf nat\u00fcrliche Weise ohne mechanische Hilfsmittel.<\/span><\/p>\n<p><b>SIE WERDEN SICH AUF DEN ERSTEN BLICK VERLIEBEN<\/b><span style=\"font-weight: 400;\"> \ud83d\ude0d<\/span><\/p>\n<p><span style=\"font-weight: 400;\">Nur die besten, von allen Kernen befreiten Beeren werden ausgew\u00e4hlt, um in unser eigenes natives Oliven\u00f6l extra 100% Bio aus Lucania getaucht zu werden. Nur Liebe, Sorgfalt und h\u00f6chste Qualit\u00e4t der Zutaten, ohne Kompromisse.<\/span><\/p>","protected":false},"excerpt":{"rendered":"<p><span data-doc-id=\"8048521000001312001\" data-doc-type=\"writer\">Die Paprikaschoten der g.g.A. Senise werden in nativem Oliven\u00f6l extra gebraten und sind dann bereit zum Verzehr.<\/span><br class=\"zw-br\" \/>Er eignet sich perfekt als Aperitif oder Snack, aber noch besser passt er zu Risotto, Suppen, Nudelgerichten und Hauptgerichten mit Fleisch oder Fisch.<\/p>","protected":false},"featured_media":570,"comment_status":"closed","ping_status":"closed","template":"","meta":[],"product_brand":[],"product_cat":[15,31],"product_tag":[],"class_list":{"0":"post-147","1":"product","2":"type-product","3":"status-publish","4":"has-post-thumbnail","6":"product_cat-peperoni-cruschi","7":"product_cat-peperoni-di-senise-igp","9":"first","10":"instock","11":"sale","12":"featured","13":"taxable","14":"shipping-taxable","15":"purchasable","16":"product-type-variable","17":"has-default-attributes"},"_links":{"self":[{"href":"https:\/\/tenutapadi.it\/de\/wp-json\/wp\/v2\/product\/147","targetHints":{"allow":["GET"]}}],"collection":[{"href":"https:\/\/tenutapadi.it\/de\/wp-json\/wp\/v2\/product"}],"about":[{"href":"https:\/\/tenutapadi.it\/de\/wp-json\/wp\/v2\/types\/product"}],"replies":[{"embeddable":true,"href":"https:\/\/tenutapadi.it\/de\/wp-json\/wp\/v2\/comments?post=147"}],"wp:featuredmedia":[{"embeddable":true,"href":"https:\/\/tenutapadi.it\/de\/wp-json\/wp\/v2\/media\/570"}],"wp:attachment":[{"href":"https:\/\/tenutapadi.it\/de\/wp-json\/wp\/v2\/media?parent=147"}],"wp:term":[{"taxonomy":"product_brand","embeddable":true,"href":"https:\/\/tenutapadi.it\/de\/wp-json\/wp\/v2\/product_brand?post=147"},{"taxonomy":"product_cat","embeddable":true,"href":"https:\/\/tenutapadi.it\/de\/wp-json\/wp\/v2\/product_cat?post=147"},{"taxonomy":"product_tag","embeddable":true,"href":"https:\/\/tenutapadi.it\/de\/wp-json\/wp\/v2\/product_tag?post=147"}],"curies":[{"name":"wp","href":"https:\/\/api.w.org\/{rel}","templated":true}]}}