{"id":1748,"date":"2024-10-14T10:16:21","date_gmt":"2024-10-14T08:16:21","guid":{"rendered":"https:\/\/tenutapadi.it\/?post_type=product&#038;p=1748"},"modified":"2025-11-09T21:58:59","modified_gmt":"2025-11-09T20:58:59","slug":"box-starter-pack-padi-seal","status":"publish","type":"product","link":"https:\/\/tenutapadi.it\/de\/produkt\/box-starter-pack-padi-seal\/","title":{"rendered":"Box Starter Pack Gourmet Peperone Crusco di Senise IGP | Delizie Lucane mit Peperoni Cruschi, Nudeln, Zafaran-Pulver, Marmelade und Chili-Pfeffer"},"content":{"rendered":"<p><strong>Gourmet Starter Pack Box: Eine Reise durch die Aromen von Lucania<\/strong><\/p>\n<p>La <strong>Kiste von Tenuta Pad\u00ec<\/strong> ist ein einzigartiges Erlebnis, das die authentische Essenz der lukanischen kulinarischen Tradition verk\u00f6rpert, wobei der absolute Protagonist die <strong>Peperone Crusco di Senise g.g.A.<\/strong>. Perfekt f\u00fcr diejenigen, die <strong>entdecken<\/strong> o <strong>geben.<\/strong> i <strong>unverwechselbare Geschmacksrichtungen<\/strong> unseres Landes, enth\u00e4lt eine sorgf\u00e4ltige Auswahl an handwerklichen Produkten, die diesen gastronomischen Reichtum optimal zur Geltung bringen.<\/p>\n<p>Im Inneren finden Sie:<\/p>\n<ul>\n<li><strong>100 g \"Crusco di Senise IGP Zafaran Pisat\"-Pfefferpulver<\/strong>: gemahlenes Gew\u00fcrz, ideal um jedes Gericht mit dem intensiven Geschmack des Crusco-Pfeffers zu bereichern<\/li>\n<li><strong>90 g ganze Paprikaschoten Cruschi di Senise g.g.A. im Glas<\/strong>bereits in nativem Oliven\u00f6l extra gebraten, bereit zum Verzehr als Snack oder Beilage<\/li>\n<li><strong>2 Packungen Strascinati al Peperone Crusco di Senise IGP<\/strong>Nudeln: typisch lukanische Nudeln, hergestellt aus italienischem Hartweizengrie\u00df und Saatenmehl und Crusco-Pfefferpulver<\/li>\n<li><strong>100 g getrocknete Paprikaschoten Cruschi di Senise IGP<\/strong>: getrocknet und bratfertig, um die Tradition zu Hause wiederherzustellen<\/li>\n<li><strong>Ein Glas Lucano-Paprika in nativem Oliven\u00f6l extra<\/strong>perfekt, um Ihren Gerichten eine pikante Note zu verleihen<\/li>\n<li><strong>100 g Senise IGP-Pfefferkonfit\u00fcre<\/strong>frisch geerntet, verarbeitet zu einer k\u00f6stlichen s\u00fc\u00df-w\u00fcrzigen Marmelade<\/li>\n<li><strong>40 g zerkleinerte Paprikaschoten in Glas-Chipform<\/strong>in nativem Oliven\u00f6l extra gebraten f\u00fcr einen knusprigen, unwiderstehlichen Snack<\/li>\n<li><strong>30 g Peperoni Cruschi di Senise IGP in Chips-Format im Aluminiumbeutel<\/strong>bereits in nativem Oliven\u00f6l extra gebraten, praktisch zum Mitnehmen f\u00fcr eine leckere Pause<\/li>\n<\/ul>\n<p>Diese Schachtel ist ideal f\u00fcr alle, die in die traditionellen lukanischen Aromen eintauchen oder ein exklusives und authentisches Geschenk machen wollen, das die zertifizierte Qualit\u00e4t der Produkte feiert. <strong>Peperone Crusco di Senise g.g.A.<\/strong> in all seinen Formen. Entdecken Sie das Vergn\u00fcgen, Lucania mit jedem Bissen zu genie\u00dfen!<\/p>\n<p>F\u00c4LLIGKEIT: 12 MONATE<\/p>\n<p><span style=\"font-weight: 400;\">TENUTA PAD\u00cc:<\/span><b> Mit Liebe kultivieren<\/b><\/p>\n<p><b>EINE ROTE LUKANISCHE LIEBE<\/b><span style=\"font-weight: 400;\"> \u2764<\/span><\/p>\n<p><span style=\"font-weight: 400;\">Die Tenuta Pad\u00ec, H\u00fcterin des roten Goldes von Lukanien, zelebriert in all ihren Formen die Exzellenz der g.g.A. von Senise: Seine Majest\u00e4t der Peperone Crusco.<\/span><\/p>\n<p><b>DER K\u00d6NIG UNSERER K\u00dcCHE<\/b><span style=\"font-weight: 400;\"> \ud83d\udc51\ud83c\udf36<\/span><\/p>\n<p><span style=\"font-weight: 400;\">S\u00fc\u00df, knackig, von purpurroter Farbe und mit sehr d\u00fcnnem Fruchtfleisch. Dies sind die Merkmale, die den Crusco-Pfeffer, im lukanischen Dialekt \"Zafaran crusk\", einzigartig machen.<\/span><\/p>\n<p><b>QUALIT\u00c4T OHNE KOMPROMISSE<\/b><span style=\"font-weight: 400;\"> \ud83c\udf1f<\/span><\/p>\n<p><span style=\"font-weight: 400;\">Jeder einzelne Schritt des Prozesses, vom Anbau bis zur Verarbeitung, betrifft uns direkt.<\/span><\/p>\n<p><span style=\"font-weight: 400;\">Tenuta Pad\u00ec w\u00e4hlt nur die besten Samen von Pflanzen aus, die im Gebiet der g.g.A. wachsen.<\/span><\/p>\n<p><span style=\"font-weight: 400;\">Die Verpflanzung der Setzlinge und die Ernte der Beeren erfolgen von Hand.<\/span><\/p>\n<p><span style=\"font-weight: 400;\">Die Trocknung erfolgt in einem Gew\u00e4chshaus auf nat\u00fcrliche Weise ohne mechanische Hilfsmittel.<\/span><\/p>\n<p><b>SIE WERDEN SICH AUF DEN ERSTEN BLICK VERLIEBEN<\/b><span style=\"font-weight: 400;\"> \ud83d\ude0d<\/span><\/p>\n<p><span style=\"font-weight: 400;\">Nur die besten, von allen Kernen befreiten Beeren werden ausgew\u00e4hlt, um in unser eigenes natives Oliven\u00f6l extra 100% Bio aus Lucania getaucht zu werden. Nur Liebe, Sorgfalt und h\u00f6chste Qualit\u00e4t der Zutaten, ohne Kompromisse.<\/span><\/p>","protected":false},"excerpt":{"rendered":"<p>La <strong>Tenuta Pad\u00ec Starter Pack<\/strong> ist ein einzigartiges Erlebnis, das die authentische Essenz der lukanischen kulinarischen Tradition verk\u00f6rpert, wobei der absolute Protagonist die <strong>Peperone Crusco di Senise g.g.A.<\/strong>. Perfekt f\u00fcr diejenigen, die <strong>entdecken<\/strong> o <strong>geben.<\/strong> i <strong>unverwechselbare Geschmacksrichtungen<\/strong> unseres Landes, enth\u00e4lt eine sorgf\u00e4ltige Auswahl an handwerklichen Produkten, die diesen gastronomischen Reichtum optimal zur Geltung bringen.<\/p>\n<p><strong>Einf\u00fchrungsangebot: KOSTENLOSER VERSAND<\/strong><\/p>","protected":false},"featured_media":1791,"comment_status":"closed","ping_status":"closed","template":"","meta":[],"product_brand":[],"product_cat":[15,31,41,32,16,39],"product_tag":[34],"class_list":{"0":"post-1748","1":"product","2":"type-product","3":"status-publish","4":"has-post-thumbnail","6":"product_cat-peperoni-cruschi","7":"product_cat-peperoni-di-senise-igp","8":"product_cat-le-selezioni-gourmet","9":"product_cat-le-conserve-di-tenuta-padi","10":"product_cat-le-box","11":"product_cat-fantasiosi","12":"product_tag-igp","14":"first","15":"instock","16":"sale","17":"featured","18":"taxable","19":"shipping-taxable","20":"purchasable","21":"product-type-variable"},"_links":{"self":[{"href":"https:\/\/tenutapadi.it\/de\/wp-json\/wp\/v2\/product\/1748","targetHints":{"allow":["GET"]}}],"collection":[{"href":"https:\/\/tenutapadi.it\/de\/wp-json\/wp\/v2\/product"}],"about":[{"href":"https:\/\/tenutapadi.it\/de\/wp-json\/wp\/v2\/types\/product"}],"replies":[{"embeddable":true,"href":"https:\/\/tenutapadi.it\/de\/wp-json\/wp\/v2\/comments?post=1748"}],"wp:featuredmedia":[{"embeddable":true,"href":"https:\/\/tenutapadi.it\/de\/wp-json\/wp\/v2\/media\/1791"}],"wp:attachment":[{"href":"https:\/\/tenutapadi.it\/de\/wp-json\/wp\/v2\/media?parent=1748"}],"wp:term":[{"taxonomy":"product_brand","embeddable":true,"href":"https:\/\/tenutapadi.it\/de\/wp-json\/wp\/v2\/product_brand?post=1748"},{"taxonomy":"product_cat","embeddable":true,"href":"https:\/\/tenutapadi.it\/de\/wp-json\/wp\/v2\/product_cat?post=1748"},{"taxonomy":"product_tag","embeddable":true,"href":"https:\/\/tenutapadi.it\/de\/wp-json\/wp\/v2\/product_tag?post=1748"}],"curies":[{"name":"wp","href":"https:\/\/api.w.org\/{rel}","templated":true}]}}