{"id":403,"date":"2021-03-12T15:15:51","date_gmt":"2021-03-12T14:15:51","guid":{"rendered":"https:\/\/tenutapadi.it\/?post_type=product&#038;p=403"},"modified":"2026-03-30T20:55:32","modified_gmt":"2026-03-30T18:55:32","slug":"peperone-crusco-dunkle-schokolade","status":"publish","type":"product","link":"https:\/\/tenutapadi.it\/de\/produkt\/peperone-crusco-dunkle-schokolade\/","title":{"rendered":"Tenuta Pad\u00ec Peperone Cruschi di Senise g.g.A. | umh\u00fcllt von Zartbitterschokolade | gebraten in nativem Oliven\u00f6l extra"},"content":{"rendered":"<p><strong>EIN GOURMET-REZEPT<\/strong><\/p>\n<p>Paprika der g.g.A. Senise, bereits gebraten, um die Knackigkeit zu erh\u00f6hen und die <strong>einzigartiger Geschmack<\/strong>sind nun mit dunkler Schokolade \u00fcberzogen, was eine harmonische Kombination von Geschmack und Textur ergibt. Diese <strong>Gourmet-Delikatesse<\/strong> ist perfekt, um mit einem guten Rum oder Whisky genossen zu werden, der einen Hauch von <strong>Eleganz<\/strong> e <strong>Veredelung<\/strong> am Ende der Mahlzeit.<\/p>\n<p>Verpackt <strong>im Glas<\/strong> einhalten <strong>optimale Konservierung<\/strong> e<\/p>\n<p>k\u00f6nnen l\u00e4nger genossen werden. Durch die Konservierung ihrer<strong> Knusprigkeit<\/strong> und ihre<strong> einzigartiger Geschmack<\/strong>.<\/p>\n<p>Das Treffen zwischen der <strong>intensiver Geschmack<\/strong> von gebratenen Paprika und den <strong>S\u00fc\u00dfe<\/strong> Schokolade umh\u00fcllen <strong>Fondant<\/strong> erstellt eine<strong>sensorische Erfahrung<\/strong> Unvergesslich, das selbst die anspruchsvollsten <strong>verw\u00f6hnte Gaumen<\/strong>. Dieser s\u00fc\u00dfe Snack ist ideal, um eine Dinnerparty auf unvergessliche Weise zu beenden und bietet einen <strong>Augenblick der Freude<\/strong> und entspannen Sie sich nach jedem Bissen. Erleben Sie die Harmonie der Geschm\u00e4cker mit Senise IGP-Paprika, umh\u00fcllt von dunkler Schokolade, einer authentischen <strong>Italienische Delikatesse<\/strong> mit Klasse und Geschmack zu genie\u00dfen.<\/p>\n<p>F\u00c4LLIGKEIT 12 MONATE<\/p>\n<p><span style=\"font-weight: 400;\">TENUTA PAD\u00cc:<\/span><b> Mit Liebe kultivieren<\/b><\/p>\n<p><b>EINE ROTE LUKANISCHE LIEBE<\/b><span style=\"font-weight: 400;\"> \u2764<\/span><\/p>\n<p><span style=\"font-weight: 400;\">Die Tenuta Pad\u00ec, H\u00fcterin des roten Goldes von Lukanien, zelebriert in all ihren Formen die Exzellenz der g.g.A. von Senise: Seine Majest\u00e4t der Peperone Crusco.<\/span><\/p>\n<p><b>DER K\u00d6NIG UNSERER K\u00dcCHE<\/b><span style=\"font-weight: 400;\"> \ud83d\udc51\ud83c\udf36<\/span><\/p>\n<p><span style=\"font-weight: 400;\">S\u00fc\u00df, knackig, von purpurroter Farbe und mit sehr d\u00fcnnem Fruchtfleisch. Dies sind die Merkmale, die den Crusco-Pfeffer, im lukanischen Dialekt \"Zafaran crusk\", einzigartig machen.<\/span><\/p>\n<p><b>QUALIT\u00c4T OHNE KOMPROMISSE<\/b><span style=\"font-weight: 400;\"> \ud83c\udf1f<\/span><\/p>\n<p><span style=\"font-weight: 400;\">Jeder einzelne Schritt des Prozesses, vom Anbau bis zur Verarbeitung, betrifft uns direkt.<\/span><\/p>\n<p><span style=\"font-weight: 400;\">Tenuta Pad\u00ec w\u00e4hlt nur die besten Samen von Pflanzen aus, die im Gebiet der g.g.A. wachsen.<\/span><\/p>\n<p><span style=\"font-weight: 400;\">Die Verpflanzung der Setzlinge und die Ernte der Beeren erfolgen von Hand.<\/span><\/p>\n<p><span style=\"font-weight: 400;\">Die Trocknung erfolgt in einem Gew\u00e4chshaus auf nat\u00fcrliche Weise ohne mechanische Hilfsmittel.<\/span><\/p>\n<p><b>SIE WERDEN SICH AUF DEN ERSTEN BLICK VERLIEBEN<\/b><span style=\"font-weight: 400;\"> \ud83d\ude0d<\/span><\/p>\n<p><span style=\"font-weight: 400;\">Nur die besten, von allen Kernen befreiten Beeren werden ausgew\u00e4hlt, um in unser eigenes natives Oliven\u00f6l extra 100% Bio aus Lucania getaucht zu werden. Nur Liebe, Sorgfalt und h\u00f6chste Qualit\u00e4t der Zutaten, ohne Kompromisse.<\/span><\/p>","protected":false},"excerpt":{"rendered":"<p>Paprikaschoten aus Senise IGP, gebraten und mit dunkler Schokolade \u00fcberzogen.<\/p>\n<p>Genie\u00dfen Sie ihn mit einem guten Rum oder Whisky als s\u00fc\u00dfen Snack am Ende einer Mahlzeit.<\/p>","protected":false},"featured_media":552,"comment_status":"closed","ping_status":"closed","template":"","meta":[],"product_brand":[],"product_cat":[15,41,39],"product_tag":[],"class_list":{"0":"post-403","1":"product","2":"type-product","3":"status-publish","4":"has-post-thumbnail","6":"product_cat-peperoni-cruschi","7":"product_cat-le-selezioni-gourmet","8":"product_cat-fantasiosi","10":"first","11":"instock","12":"sale","13":"featured","14":"taxable","15":"shipping-taxable","16":"purchasable","17":"product-type-variable","18":"has-default-attributes"},"_links":{"self":[{"href":"https:\/\/tenutapadi.it\/de\/wp-json\/wp\/v2\/product\/403","targetHints":{"allow":["GET"]}}],"collection":[{"href":"https:\/\/tenutapadi.it\/de\/wp-json\/wp\/v2\/product"}],"about":[{"href":"https:\/\/tenutapadi.it\/de\/wp-json\/wp\/v2\/types\/product"}],"replies":[{"embeddable":true,"href":"https:\/\/tenutapadi.it\/de\/wp-json\/wp\/v2\/comments?post=403"}],"wp:featuredmedia":[{"embeddable":true,"href":"https:\/\/tenutapadi.it\/de\/wp-json\/wp\/v2\/media\/552"}],"wp:attachment":[{"href":"https:\/\/tenutapadi.it\/de\/wp-json\/wp\/v2\/media?parent=403"}],"wp:term":[{"taxonomy":"product_brand","embeddable":true,"href":"https:\/\/tenutapadi.it\/de\/wp-json\/wp\/v2\/product_brand?post=403"},{"taxonomy":"product_cat","embeddable":true,"href":"https:\/\/tenutapadi.it\/de\/wp-json\/wp\/v2\/product_cat?post=403"},{"taxonomy":"product_tag","embeddable":true,"href":"https:\/\/tenutapadi.it\/de\/wp-json\/wp\/v2\/product_tag?post=403"}],"curies":[{"name":"wp","href":"https:\/\/api.w.org\/{rel}","templated":true}]}}