{"id":424,"date":"2021-03-12T16:13:40","date_gmt":"2021-03-12T15:13:40","guid":{"rendered":"https:\/\/tenutapadi.it\/?post_type=product&#038;p=424"},"modified":"2025-12-03T13:30:27","modified_gmt":"2025-12-03T12:30:27","slug":"ganze-cruschi-paprikaschoten-im-aluminiumbeutel","status":"publish","type":"product","link":"https:\/\/tenutapadi.it\/de\/produkt\/ganze-cruschi-paprikaschoten-im-aluminiumbeutel\/","title":{"rendered":"Tenuta Pad\u00ec Peperoni Cruschi di Senise IGP Ganz im Alubeutel | Bereits in nativem Oliven\u00f6l extra gebraten | Fertig zum Verzehr"},"content":{"rendered":"<p><strong>WAS SIND SIE?<\/strong><\/p>\n<p>Unser <strong>Paprikaschoten der g.g.A. Senise,<\/strong> <strong>bereits gebraten<\/strong> sorgf\u00e4ltig in <strong>natives \u00d6l extra<\/strong> mit Oliven\u00f6l, sind sie bereit, in ihrer ganzen G\u00fcte genossen zu werden. Diese Paprikaschoten, die mit Leidenschaft von uns bei <strong>Weingut Pad\u00ec<\/strong>Sie durchlaufen einen sorgf\u00e4ltigen Prozess, vom Boden bis zur Verpackung, der bei jedem Bissen eine unvergleichliche Qualit\u00e4t garantiert.<\/p>\n<p><strong>DAS GEHEIMNIS IHRES GESCHMACKS<\/strong><\/p>\n<p>Liebe zum Detail <strong>Details<\/strong>behalten unsere Paprikaschoten ihre <strong>authentischer Geschmack<\/strong> und die <strong>unwiderstehliche Knusprigkeit<\/strong>und bieten ein einzigartiges und echtes kulinarisches Erlebnis. Ideal als Aperitif oder Snack, sind sie perfekt f\u00fcr jede Gelegenheit und verleihen einen Hauch von <strong>Lukanische Tradition<\/strong> an Ihrem Tisch.<\/p>\n<p><strong>BEREIT ZUM GENIESSEN<\/strong><\/p>\n<p>Unser Engagement f\u00fcr Qualit\u00e4t spiegelt sich in jeder Phase des Produktionsprozesses wider und sorgt daf\u00fcr, dass jede Paprika ihr urspr\u00fcngliches Aussehen beh\u00e4lt. <strong>unverwechselbarer Geschmack<\/strong> und seine <strong>perfekte Konsistenz<\/strong>. Ohne die notwendige Vorbereitung sind sie <strong>bereit<\/strong> zu sein <strong>sofort genossen<\/strong>Damit wird es leicht, italienische Authentizit\u00e4t auf den Tisch zu bringen.<\/p>\n<p>W\u00e4hlen Sie die IGP Senise-Paprikaschoten von Tenuta Pad\u00ec, um jedes Gericht in ein unvergessliches kulinarisches Erlebnis zu verwandeln und Ihre geselligen Momente mit dem unverwechselbaren Geschmack der italienischen Tradition zu bereichern.<\/p>\n<p>TENUTA PAD\u00cc:<strong> Mit Liebe kultivieren<\/strong><\/p>\n<p><strong>EINE ROTE LUKANISCHE LIEBE<\/strong>\u00a0\u2764<\/p>\n<p>Die Tenuta Pad\u00ec, H\u00fcterin des roten Goldes von Lukanien, zelebriert in all ihren Formen die Exzellenz der g.g.A. von Senise: Seine Majest\u00e4t der Peperone Crusco.<\/p>\n<p><strong>DER K\u00d6NIG UNSERER K\u00dcCHE<\/strong>\u00a0\ud83d\udc51\ud83c\udf36<\/p>\n<p>S\u00fc\u00df, knackig, von purpurroter Farbe und mit sehr d\u00fcnnem Fruchtfleisch. Dies sind die Merkmale, die den Crusco-Pfeffer, im lukanischen Dialekt \"Zafaran crusk\", einzigartig machen.<\/p>\n<p><strong>QUALIT\u00c4T OHNE KOMPROMISSE<\/strong>\u00a0\ud83c\udf1f<\/p>\n<p>Jeder einzelne Schritt des Prozesses, vom Anbau bis zur Verarbeitung, betrifft uns direkt.<\/p>\n<p>Tenuta Pad\u00ec w\u00e4hlt nur die besten Samen von Pflanzen aus, die im Gebiet der g.g.A. wachsen.<\/p>\n<p>Die Verpflanzung der Setzlinge und die Ernte der Beeren erfolgen von Hand.<\/p>\n<p>Die Trocknung erfolgt in einem Gew\u00e4chshaus auf nat\u00fcrliche Weise ohne mechanische Hilfsmittel.<\/p>\n<p><strong>SIE WERDEN SICH AUF DEN ERSTEN BLICK VERLIEBEN<\/strong>\u00a0\ud83d\ude0d<\/p>\n<p>Nur die besten, von allen Kernen befreiten Beeren werden ausgew\u00e4hlt, um in unser eigenes natives Oliven\u00f6l extra 100% Bio aus Lucania getaucht zu werden. Nur Liebe, Sorgfalt und h\u00f6chste Qualit\u00e4t der Zutaten, ohne Kompromisse.<\/p>","protected":false},"excerpt":{"rendered":"<p><span data-doc-id=\"8048521000001312001\" data-doc-type=\"writer\">Die Paprikaschoten der g.g.A. Senise werden in nativem Oliven\u00f6l extra gebraten und sind dann bereit zum Verzehr.<\/span><br class=\"zw-br\" \/>Perfekt als Aperitif oder Snack.<\/p>","protected":false},"featured_media":569,"comment_status":"closed","ping_status":"closed","template":"","meta":[],"product_brand":[],"product_cat":[15,31],"product_tag":[],"class_list":{"0":"post-424","1":"product","2":"type-product","3":"status-publish","4":"has-post-thumbnail","6":"product_cat-peperoni-cruschi","7":"product_cat-peperoni-di-senise-igp","9":"first","10":"instock","11":"sale","12":"featured","13":"taxable","14":"shipping-taxable","15":"purchasable","16":"product-type-variable"},"_links":{"self":[{"href":"https:\/\/tenutapadi.it\/de\/wp-json\/wp\/v2\/product\/424","targetHints":{"allow":["GET"]}}],"collection":[{"href":"https:\/\/tenutapadi.it\/de\/wp-json\/wp\/v2\/product"}],"about":[{"href":"https:\/\/tenutapadi.it\/de\/wp-json\/wp\/v2\/types\/product"}],"replies":[{"embeddable":true,"href":"https:\/\/tenutapadi.it\/de\/wp-json\/wp\/v2\/comments?post=424"}],"wp:featuredmedia":[{"embeddable":true,"href":"https:\/\/tenutapadi.it\/de\/wp-json\/wp\/v2\/media\/569"}],"wp:attachment":[{"href":"https:\/\/tenutapadi.it\/de\/wp-json\/wp\/v2\/media?parent=424"}],"wp:term":[{"taxonomy":"product_brand","embeddable":true,"href":"https:\/\/tenutapadi.it\/de\/wp-json\/wp\/v2\/product_brand?post=424"},{"taxonomy":"product_cat","embeddable":true,"href":"https:\/\/tenutapadi.it\/de\/wp-json\/wp\/v2\/product_cat?post=424"},{"taxonomy":"product_tag","embeddable":true,"href":"https:\/\/tenutapadi.it\/de\/wp-json\/wp\/v2\/product_tag?post=424"}],"curies":[{"name":"wp","href":"https:\/\/api.w.org\/{rel}","templated":true}]}}