{"id":5187,"date":"2025-08-04T10:56:10","date_gmt":"2025-08-04T08:56:10","guid":{"rendered":"https:\/\/tenutapadi.it\/?post_type=product&#038;p=5187"},"modified":"2026-03-01T14:59:54","modified_gmt":"2026-03-01T13:59:54","slug":"box-aperitivo-peperone-crusco-taralli-funghi","status":"publish","type":"product","link":"https:\/\/tenutapadi.it\/de\/produkt\/box-aperitivo-peperone-crusco-taralli-funghi\/","title":{"rendered":"Aperitivo Crusco Gourmet Lucano Box mit zersto\u00dfenem Paprika, taralli al peperone crusco, lukanischen Pilzen, zersto\u00dfenem Paprikaaufstrich und Crusco-Chips."},"content":{"rendered":"<h2><strong>Lucano Gourmet-Aperitif-Box<\/strong>Eine Reise durch die authentischen Aromen von Lucania<\/h2>\n<p>Eine einzigartige Erfahrung unterzeichnet <strong>Weingut Pad\u00ec<\/strong>, f\u00fcr alle, die die unverf\u00e4lschten Aromen S\u00fcditaliens lieben und sich selbst einen ganz besonderen Gourmet-Aperitif g\u00f6nnen - oder verschenken - wollen.<\/p>\n<p>Unbestrittener Protagonist? <strong>Der Peperone Crusco di Senise g.g.A.<\/strong>, Das lukanische rote Gold in all seinen Formen: knackig, intensiv, lecker.<\/p>\n<h3><strong>Der Inhalt der Box:<\/strong><\/h3>\n<ul>\n<li><strong>5 Packungen Taralli al Peperone Crusco (je 150 g)<\/strong><br \/>\nKr\u00fcmelig, handwerklich, mit Weizenmehl und Crusco-Pfefferpulver hergestellt. Perfekt f\u00fcr sich allein oder in Kombination mit K\u00e4se und Wurstwaren.<\/li>\n<li><strong>1 Glas lukanische Cardoncelli-Pilze (200 g)<\/strong><br \/>\nAngebaut und verarbeitet in der Basilikata, eingelegt in nativem Oliven\u00f6l extra: ideal auf Bruschetta oder als rustikale Vorspeise.<\/li>\n<li><strong>1 Condicrusco-Aufstrich (110 g)<\/strong><br \/>\nUna crema a base di peperone crusco: da spalmare su pane caldo o per dare un tocco in pi\u00f9 a ogni aperitivo.<\/li>\n<li><strong>1 Crusco-Pfefferchips (30 g)<\/strong><br \/>\nFertig zum Verzehr, knusprig und leicht, frittiert in EVO-\u00d6l: ein einzigartiger lukanischer Snack.<\/li>\n<li><strong>1 Dose mit 90 g bereits gebratenen Cruschi-Paprikaschoten<\/strong><br \/>\nPeperoni cruschi di Senise IGP, gebrauchsfertig. Knusprig, authentisch, allein oder in Kombination mit Wurstwaren und K\u00e4se zu genie\u00dfen.<\/li>\n<\/ul>\n<h3><strong>Eine Gelegenheit, die man nicht verpassen sollte:<\/strong><\/h3>\n<p><strong>Realer Wert: <del>53,40 \u20ac<\/del> - Sonderpreis: 49,90 \u20ac<\/strong><br \/>\n<strong>Kostenloser Versand<\/strong> in ganz Italien enthalten!<\/p>\n<p><strong>PRODUKTHALTBARKEIT: 12 MONATE<\/strong><\/p>\n<hr \/>\n<h3><strong>Tenuta Pad\u00ec: Wir kultivieren mit Liebe \u2764\ufe0f<\/strong><\/h3>\n<p>Mit dem <strong>Lucano Gourmet-Aperitif-Box<\/strong> nehmen Sie lukanische Spitzenleistungen und eine in jedem Schritt kontrollierte Lieferkette mit nach Hause:<\/p>\n<ul>\n<li><strong>Ausgew\u00e4hlte Samen<\/strong> aus Pflanzen, die ausschlie\u00dflich aus dem Gebiet der g.g.A. Senise stammen<\/li>\n<li><strong>Manueller Anbau und Ernte<\/strong>, unter voller Achtung der Tradition<\/li>\n<li><strong>Nat\u00fcrliche Trocknung<\/strong> in einem Gew\u00e4chshaus, ohne Einsatz von Maschinen<\/li>\n<li><strong>Frittieren in nativem BIO-\u00d6l extra<\/strong> Lucano, 100% aus unserer eigenen Produktion<\/li>\n<\/ul>\n<p><strong>Das Ergebnis?<\/strong> Ein knuspriges, s\u00fc\u00dfes und leichtes Produkt mit einer purpurroten Farbe und einem Geschmack, der \u00fcberzeugt.<\/p>\n<h3><strong>Du wirst dich auf den ersten Blick verlieben \ud83d\ude0d.<\/strong><\/h3>\n<p>Finden Sie heraus, warum die <strong>Crusco-Pfeffer<\/strong> gilt als der K\u00f6nig der lukanischen K\u00fcche. In dieser Box erz\u00e4hlt jeder Geschmack eine Geschichte von Liebe, Land und Tradition.<\/p>","protected":false},"excerpt":{"rendered":"<p><strong>Lucano Gourmet-Aperitif-Box<\/strong> von <strong>Weingut Pad\u00ec<\/strong>eine unwiderstehliche Mischung aus <strong>Taralli, Cardoncelli-Pilze, streichf\u00e4hige Sahne und Cruschi-Paprika<\/strong> in all ihren Variationen.<\/p>\n<p>A <strong>authentischer, geschmacksintensiver Aperitif<\/strong>, die lukanische Tradition zu feiern.<\/p>\n<p><strong>Nur 49,90 \u20ac<\/strong> (anstelle von <del>53,40 \u20ac<\/del>) mit <strong>kostenloser Versand inklusive<\/strong>!<\/p>","protected":false},"featured_media":5199,"comment_status":"closed","ping_status":"closed","template":"","meta":[],"product_brand":[],"product_cat":[15,31,41,32,16,39],"product_tag":[34],"class_list":{"0":"post-5187","1":"product","2":"type-product","3":"status-publish","4":"has-post-thumbnail","6":"product_cat-peperoni-cruschi","7":"product_cat-peperoni-di-senise-igp","8":"product_cat-le-selezioni-gourmet","9":"product_cat-le-conserve-di-tenuta-padi","10":"product_cat-le-box","11":"product_cat-fantasiosi","12":"product_tag-igp","14":"first","15":"instock","16":"sale","17":"featured","18":"taxable","19":"shipping-taxable","20":"purchasable","21":"product-type-simple"},"_links":{"self":[{"href":"https:\/\/tenutapadi.it\/de\/wp-json\/wp\/v2\/product\/5187","targetHints":{"allow":["GET"]}}],"collection":[{"href":"https:\/\/tenutapadi.it\/de\/wp-json\/wp\/v2\/product"}],"about":[{"href":"https:\/\/tenutapadi.it\/de\/wp-json\/wp\/v2\/types\/product"}],"replies":[{"embeddable":true,"href":"https:\/\/tenutapadi.it\/de\/wp-json\/wp\/v2\/comments?post=5187"}],"wp:featuredmedia":[{"embeddable":true,"href":"https:\/\/tenutapadi.it\/de\/wp-json\/wp\/v2\/media\/5199"}],"wp:attachment":[{"href":"https:\/\/tenutapadi.it\/de\/wp-json\/wp\/v2\/media?parent=5187"}],"wp:term":[{"taxonomy":"product_brand","embeddable":true,"href":"https:\/\/tenutapadi.it\/de\/wp-json\/wp\/v2\/product_brand?post=5187"},{"taxonomy":"product_cat","embeddable":true,"href":"https:\/\/tenutapadi.it\/de\/wp-json\/wp\/v2\/product_cat?post=5187"},{"taxonomy":"product_tag","embeddable":true,"href":"https:\/\/tenutapadi.it\/de\/wp-json\/wp\/v2\/product_tag?post=5187"}],"curies":[{"name":"wp","href":"https:\/\/api.w.org\/{rel}","templated":true}]}}