{"id":5245,"date":"2025-08-29T23:04:34","date_gmt":"2025-08-29T21:04:34","guid":{"rendered":"https:\/\/tenutapadi.it\/?post_type=product&#038;p=5245"},"modified":"2026-01-11T18:28:41","modified_gmt":"2026-01-11T17:28:41","slug":"melanzana-bianca-di-senise-pat-in-olio-evo-melanzana-in-olio-extra-vergine-di-oliva-con-origano-del-pollino-e-menta-selvatica-tenuta-padi","status":"publish","type":"product","link":"https:\/\/tenutapadi.it\/de\/produkt\/melanzana-bianca-di-senise-pat-in-olio-evo-melanzana-in-olio-extra-vergine-di-oliva-con-origano-del-pollino-e-menta-selvatica-tenuta-padi\/","title":{"rendered":"Wei\u00dfe Senise PAT Aubergine in EVO-\u00d6l | Aubergine in nativem Oliven\u00f6l extra mit Pollino Oregano und wilder Minze Tenuta Pad\u00ec"},"content":{"rendered":"<h2 data-start=\"114\" data-end=\"156\"><strong data-start=\"117\" data-end=\"156\">Melanzana Bianca di Senise (P.A.T.)<\/strong><\/h2>\n<p data-start=\"158\" data-end=\"466\">La <strong data-start=\"161\" data-end=\"191\">Bianca Melanzana di Senise<\/strong> ist eine der gastronomischen Spitzenleistungen der Basilikata. Seine <strong data-start=\"264\" data-end=\"324\">helle Haut, versch\u00f6nert mit raffinierten violetten Farbt\u00f6nen<\/strong>, umschlie\u00dft ein Fruchtfleisch <strong data-start=\"346\" data-end=\"365\">fest und kompakt<\/strong>, Er hat einen feinen und harmonischen Geschmack mit einer leichten aromatischen Note, die ihn einzigartig und wiedererkennbar macht.<\/p>\n<h3 data-start=\"468\" data-end=\"496\"><strong data-start=\"472\" data-end=\"496\">Eine lukanische Spitzenleistung<\/strong><\/h3>\n<p data-start=\"497\" data-end=\"798\">Diese Aubergine, die im Herzen der sienesischen Landschaft angebaut wird, tr\u00e4gt den Wert einer landwirtschaftlichen Tradition, die die Natur und ihre Rhythmen respektiert. Anerkannt als <strong data-start=\"667\" data-end=\"716\">Traditionelles Lebensmittelprodukt (P.A.T.)<\/strong>, ist ein lebendiges Zeugnis f\u00fcr eine landwirtschaftliche Kultur, die Authentizit\u00e4t und Qualit\u00e4t miteinander verbindet.<\/p>\n<h3 data-start=\"800\" data-end=\"829\"><strong data-start=\"804\" data-end=\"829\">Vielseitigkeit in der K\u00fcche<\/strong><\/h3>\n<p data-start=\"830\" data-end=\"919\">Die Melanzana Bianca di Senise ist eine Zutat, die jede Zubereitung aufwertet:<\/p>\n<ul data-start=\"921\" data-end=\"1224\">\n<li data-start=\"921\" data-end=\"973\">\n<p data-start=\"923\" data-end=\"973\">perfekt f\u00fcr <strong data-start=\"936\" data-end=\"970\">Bruschetta und Gourmet-Vorspeisen<\/strong>,<\/p>\n<\/li>\n<li data-start=\"974\" data-end=\"1036\">\n<p data-start=\"976\" data-end=\"1036\">ideal in Kombination mit <strong data-start=\"1000\" data-end=\"1033\">frische oder gereifte K\u00e4sesorten<\/strong>,<\/p>\n<\/li>\n<li data-start=\"1037\" data-end=\"1127\">\n<p data-start=\"1039\" data-end=\"1127\">raffinierter Begleiter von <strong data-start=\"1061\" data-end=\"1095\">traditionelle lukanische Gerichte<\/strong> und moderne Interpretationen,<\/p>\n<\/li>\n<li data-start=\"1128\" data-end=\"1224\">\n<p data-start=\"1130\" data-end=\"1224\">Protagonist von <strong data-start=\"1146\" data-end=\"1174\">Aperitifs und Verkostungen<\/strong> wo authentischer Geschmack auf Kreativit\u00e4t trifft.<\/p>\n<\/li>\n<\/ul>\n<h3 data-start=\"1226\" data-end=\"1260\"><strong data-start=\"1230\" data-end=\"1260\">Eine Kombination zum Entdecken<\/strong><\/h3>\n<p data-start=\"1261\" data-end=\"1478\">Begleitet von einem <strong data-start=\"1280\" data-end=\"1321\">ein Glas Rotwein aus Basilikata<\/strong>, seine Delikatesse findet ein perfektes Gleichgewicht und bietet ein sensorisches Erlebnis, das durch unvergessliche Geschm\u00e4cker und Aromen von dem Gebiet erz\u00e4hlt.<\/p>\n<p>&nbsp;<\/p>","protected":false},"excerpt":{"rendered":"<p data-start=\"72\" data-end=\"113\"><strong data-start=\"72\" data-end=\"111\">Melanzana Bianca di Senise (P.A.T.)<\/strong><\/p>\n<p data-start=\"115\" data-end=\"388\">Diese gesch\u00e4tzte Auberginensorte zeichnet sich durch ihre <strong data-start=\"172\" data-end=\"190\">Kompaktzellstoff<\/strong> und die <strong data-start=\"196\" data-end=\"214\">delikater Geschmack<\/strong>, die sie in der K\u00fcche besonders vielseitig einsetzbar machen. Sein unverwechselbares Aussehen mit der blassen Haut, die von <strong data-start=\"336\" data-end=\"364\">elegante violette Schlieren<\/strong>, seine Einzigartigkeit unterstreicht.<\/p>\n<p data-start=\"390\" data-end=\"681\">Perfekt f\u00fcr die Zubereitung von <strong data-start=\"422\" data-end=\"456\">Vorspeisen und Aperitifs<\/strong>, passt die Melanzana Bianca di Senise harmonisch zu <strong data-start=\"516\" data-end=\"546\">rustikale Brotbruschetta<\/strong>, <strong data-start=\"548\" data-end=\"581\">frische oder gereifte K\u00e4sesorten<\/strong> und ein Glas <strong data-start=\"597\" data-end=\"628\">Rotwein aus Basilikata<\/strong>, f\u00fcr ein authentisches und raffiniertes Geschmackserlebnis.<\/p>","protected":false},"featured_media":5247,"comment_status":"closed","ping_status":"closed","template":"","meta":[],"product_brand":[],"product_cat":[32],"product_tag":[],"class_list":{"0":"post-5245","1":"product","2":"type-product","3":"status-publish","4":"has-post-thumbnail","6":"product_cat-le-conserve-di-tenuta-padi","8":"first","9":"instock","10":"sale","11":"taxable","12":"shipping-taxable","13":"purchasable","14":"product-type-variable","15":"has-default-attributes"},"_links":{"self":[{"href":"https:\/\/tenutapadi.it\/de\/wp-json\/wp\/v2\/product\/5245","targetHints":{"allow":["GET"]}}],"collection":[{"href":"https:\/\/tenutapadi.it\/de\/wp-json\/wp\/v2\/product"}],"about":[{"href":"https:\/\/tenutapadi.it\/de\/wp-json\/wp\/v2\/types\/product"}],"replies":[{"embeddable":true,"href":"https:\/\/tenutapadi.it\/de\/wp-json\/wp\/v2\/comments?post=5245"}],"wp:featuredmedia":[{"embeddable":true,"href":"https:\/\/tenutapadi.it\/de\/wp-json\/wp\/v2\/media\/5247"}],"wp:attachment":[{"href":"https:\/\/tenutapadi.it\/de\/wp-json\/wp\/v2\/media?parent=5245"}],"wp:term":[{"taxonomy":"product_brand","embeddable":true,"href":"https:\/\/tenutapadi.it\/de\/wp-json\/wp\/v2\/product_brand?post=5245"},{"taxonomy":"product_cat","embeddable":true,"href":"https:\/\/tenutapadi.it\/de\/wp-json\/wp\/v2\/product_cat?post=5245"},{"taxonomy":"product_tag","embeddable":true,"href":"https:\/\/tenutapadi.it\/de\/wp-json\/wp\/v2\/product_tag?post=5245"}],"curies":[{"name":"wp","href":"https:\/\/api.w.org\/{rel}","templated":true}]}}