{"id":526,"date":"2021-11-02T15:47:16","date_gmt":"2021-11-02T14:47:16","guid":{"rendered":"https:\/\/tenutapadi.it\/prodotto\/peperoni-cruschi-interi-in-busta-di-alluminio-copy\/"},"modified":"2025-12-03T13:26:53","modified_gmt":"2025-12-03T12:26:53","slug":"peperoni-cruschi-chips-im-aluminiumbeutel","status":"publish","type":"product","link":"https:\/\/tenutapadi.it\/de\/produkt\/peperoni-cruschi-chips-im-aluminiumbeutel\/","title":{"rendered":"Tenuta Pad\u00ec Peperoni Cruschi di Senise IGP | Chips im Aluminiumbeutel | Bereits in nativem Oliven\u00f6l extra gebraten"},"content":{"rendered":"<p><b>IHRE LIEBLINGSCHIPS<\/b><\/p>\n<p>Die von uns meisterhaft in nativem Oliven\u00f6l extra gebratenen Senise IGP-Paprikaschoten sind bereit, auch die anspruchsvollsten Gaumen zu erfreuen. Ob als Aperitif oder als Snack, diese Paprika ist eine echte kulinarische Delikatesse, die jeden Geschmack befriedigt.<\/p>\n<p><strong>EIN UNWIDERSTEHLICHES KNUSPERN<\/strong><\/p>\n<p>Ihre unverwechselbare Knusprigkeit und ihr reichhaltiger, umh\u00fcllender Geschmack machen sie zur idealen Beilage f\u00fcr jeden geselligen Anlass. Dank ihrer Vielseitigkeit k\u00f6nnen sie allein genossen oder mit einer Vielzahl von Gerichten kombiniert werden und bereichern jeden Gang mit ihrem einzigartigen Geschmack.<\/p>\n<p>Sorgf\u00e4ltig verpackt und ohne jegliche Vorbereitung genie\u00dfbar, sind die Senise IGP-Paprika der Inbegriff italienischer Authentizit\u00e4t und bringen die W\u00e4rme und Tradition der Senise-K\u00fcche auf Ihren Tisch.<\/p>\n<p>F\u00c4LLIGKEIT 12 MONATE<\/p>\n<p><span style=\"font-weight: 400;\">TENUTA PAD\u00cc:<\/span><b> Mit Liebe kultivieren<\/b><\/p>\n<p><b>EINE ROTE LUKANISCHE LIEBE<\/b><span style=\"font-weight: 400;\"> \u2764<\/span><\/p>\n<p><span style=\"font-weight: 400;\">Die Tenuta Pad\u00ec, H\u00fcterin des roten Goldes von Lukanien, zelebriert in all ihren Formen die Exzellenz der g.g.A. von Senise: Seine Majest\u00e4t der Peperone Crusco.<\/span><\/p>\n<p><b>DER K\u00d6NIG UNSERER K\u00dcCHE<\/b><span style=\"font-weight: 400;\"> \ud83d\udc51\ud83c\udf36<\/span><\/p>\n<p><span style=\"font-weight: 400;\">S\u00fc\u00df, knackig, von purpurroter Farbe und mit sehr d\u00fcnnem Fruchtfleisch. Dies sind die Merkmale, die den Crusco-Pfeffer, im lukanischen Dialekt \"Zafaran crusk\", einzigartig machen.<\/span><\/p>\n<p><b>QUALIT\u00c4T OHNE KOMPROMISSE<\/b><span style=\"font-weight: 400;\"> \ud83c\udf1f<\/span><\/p>\n<p><span style=\"font-weight: 400;\">Jeder einzelne Schritt des Prozesses, vom Anbau bis zur Verarbeitung, betrifft uns direkt.<\/span><\/p>\n<p><span style=\"font-weight: 400;\">Tenuta Pad\u00ec w\u00e4hlt nur die besten Samen von Pflanzen aus, die im Gebiet der g.g.A. wachsen.<\/span><\/p>\n<p><span style=\"font-weight: 400;\">Die Verpflanzung der Setzlinge und die Ernte der Beeren erfolgen von Hand.<\/span><\/p>\n<p><span style=\"font-weight: 400;\">Die Trocknung erfolgt in einem Gew\u00e4chshaus auf nat\u00fcrliche Weise ohne mechanische Hilfsmittel.<\/span><\/p>\n<p><b>SIE WERDEN SICH AUF DEN ERSTEN BLICK VERLIEBEN<\/b><span style=\"font-weight: 400;\"> \ud83d\ude0d<\/span><\/p>\n<p><span style=\"font-weight: 400;\">Nur die besten, von allen Kernen befreiten Beeren werden ausgew\u00e4hlt, um in unser eigenes natives Oliven\u00f6l extra 100% Bio aus Lucania getaucht zu werden. Nur Liebe, Sorgfalt und h\u00f6chste Qualit\u00e4t der Zutaten, ohne Kompromisse.<\/span><\/p>","protected":false},"excerpt":{"rendered":"<p><span data-doc-id=\"8048521000001312001\" data-doc-type=\"writer\">Die Paprikaschoten der g.g.A. Senise werden in nativem Oliven\u00f6l extra gebraten und sind dann bereit zum Verzehr.<\/span><br class=\"zw-br\" \/>Perfekt als Aperitif oder Snack.<\/p>","protected":false},"featured_media":555,"comment_status":"closed","ping_status":"closed","template":"","meta":[],"product_brand":[],"product_cat":[15,31],"product_tag":[],"class_list":{"0":"post-526","1":"product","2":"type-product","3":"status-publish","4":"has-post-thumbnail","6":"product_cat-peperoni-cruschi","7":"product_cat-peperoni-di-senise-igp","9":"first","10":"instock","11":"sale","12":"featured","13":"taxable","14":"shipping-taxable","15":"purchasable","16":"product-type-variable","17":"has-default-attributes"},"_links":{"self":[{"href":"https:\/\/tenutapadi.it\/de\/wp-json\/wp\/v2\/product\/526","targetHints":{"allow":["GET"]}}],"collection":[{"href":"https:\/\/tenutapadi.it\/de\/wp-json\/wp\/v2\/product"}],"about":[{"href":"https:\/\/tenutapadi.it\/de\/wp-json\/wp\/v2\/types\/product"}],"replies":[{"embeddable":true,"href":"https:\/\/tenutapadi.it\/de\/wp-json\/wp\/v2\/comments?post=526"}],"wp:featuredmedia":[{"embeddable":true,"href":"https:\/\/tenutapadi.it\/de\/wp-json\/wp\/v2\/media\/555"}],"wp:attachment":[{"href":"https:\/\/tenutapadi.it\/de\/wp-json\/wp\/v2\/media?parent=526"}],"wp:term":[{"taxonomy":"product_brand","embeddable":true,"href":"https:\/\/tenutapadi.it\/de\/wp-json\/wp\/v2\/product_brand?post=526"},{"taxonomy":"product_cat","embeddable":true,"href":"https:\/\/tenutapadi.it\/de\/wp-json\/wp\/v2\/product_cat?post=526"},{"taxonomy":"product_tag","embeddable":true,"href":"https:\/\/tenutapadi.it\/de\/wp-json\/wp\/v2\/product_tag?post=526"}],"curies":[{"name":"wp","href":"https:\/\/api.w.org\/{rel}","templated":true}]}}