{"id":530,"date":"2021-11-02T16:32:49","date_gmt":"2021-11-02T15:32:49","guid":{"rendered":"https:\/\/tenutapadi.it\/?post_type=product&#038;p=530"},"modified":"2025-12-03T13:25:56","modified_gmt":"2025-12-03T12:25:56","slug":"gebratene-paprika-cruschi-chips-im-glas","status":"publish","type":"product","link":"https:\/\/tenutapadi.it\/de\/produkt\/gebratene-paprika-cruschi-chips-im-glas\/","title":{"rendered":"Tenuta Pad\u00ec Cruschi Paprika Chips im Glas | Fertig zum Verzehr | In nativem Oliven\u00f6l extra gebraten"},"content":{"rendered":"<p><span data-doc-id=\"8048521000001312001\" data-doc-type=\"writer\">Die Paprikaschoten der g.g.A. Senise werden in nativem Oliven\u00f6l extra gebraten und sind dann bereit zum Verzehr.<\/span><br class=\"zw-br\" \/>Er eignet sich perfekt als Aperitif oder Snack, aber noch besser passt er zu Risotto, Suppen, Nudelgerichten und Hauptgerichten mit Fleisch oder Fisch.<\/p>\n<ul class=\"a-unordered-list a-vertical a-spacing-mini\">\n<li class=\"a-spacing-mini\"><span class=\"a-list-item\">\ud83c\uddee\ud83c\uddf9 \ud835\udc00\ud835\udc2e\ud835\udc2d\ud835\udc1e\ud835\udc27\ud835\udc2d\ud835\udc22\ud835\udc1c\ud835\udc28 \ud835\udc06\ud835\udc2e\ud835\udc2c\ud835\udc2d\ud835\udc28 \ud835\udc08\ud835\udc2d\ud835\udc1a\ud835\udc25\ud835\udc22\ud835\udc1a\ud835\udc27\ud835\udc28: Die in nativem Oliven\u00f6l extra gebratenen Senise IGP-Paprikaschoten bieten einen authentischen und unverf\u00e4lschten Geschmack, der die italienische kulinarische Tradition am besten repr\u00e4sentiert. Sie eignen sich perfekt als Aperitif oder Snack und sind eine knusprige und schmackhafte Delikatesse, ideal f\u00fcr alle, die die wahre Essenz der mediterranen Aromen genie\u00dfen m\u00f6chten.<\/span><\/li>\n<li class=\"a-spacing-mini\"><span class=\"a-list-item\">\ud83e\uddd1\u200d\ud83c\udf73 \ud835\udc15\ud835\udc1e\ud835\udc2b\ud835\udc2c\ud835\udc1a\ud835\udc2d\ud835\udc22\ud835\udc25\ud835\udc22\ud835\udc2d\ud835\udc1a\u0300 \ud835\udc22\ud835\udc27 \ud835\udc02\ud835\udc2e\ud835\udc1c\ud835\udc22\ud835\udc27\ud835\udc1a: Diese Paprikaschoten eignen sich ideal als Beilage zu Risotto, Suppen, Nudelgerichten und Hauptgerichten, egal ob Fleisch oder Fisch, und verleihen jeder Zubereitung eine einzigartige und raffinierte Dimension. Ihre knackige Note und ihr intensiver Geschmack machen sie zu einer vielseitigen Zutat, die selbst die einfachsten Rezepte in Gourmetgerichte verwandeln kann.<\/span><\/li>\n<li class=\"a-spacing-mini\"><span class=\"a-list-item\">\ud835\udc10\ud835\udc2e\ud835\udc1a\ud835\udc25\ud835\udc22\ud835\udc2d\ud835\udc1a\u0300 \ud835\udc0f\ud835\udc2b\ud835\udc1e\ud835\udc26\ud835\udc22\ud835\udc2e\ud835\udc26: Jede Paprikaschote wird sorgf\u00e4ltig ausgew\u00e4hlt und nach handwerklichen Methoden verarbeitet, um ein Spitzenprodukt zu garantieren, das auch den anspruchsvollsten Gaumen zufriedenstellt. Die handwerkliche Verarbeitung bewahrt alle organoleptischen Eigenschaften und bietet einen unnachahmlichen Geschmack und eine perfekte Knusprigkeit, die das Ergebnis eines mit viel Liebe zum Detail durchgef\u00fchrten Prozesses sind.<\/span><\/li>\n<li class=\"a-spacing-mini\"><span class=\"a-list-item\">\ud835\udc11\ud835\udc22\ud835\udc1c\ud835\udc1c\ud835\udc21\ud835\udc22 \ud835\udc1d\ud835\udc22 \ud835\udc13\ud835\udc2b\ud835\udc1a\ud835\udc1d\ud835\udc22\ud835\udc33\ud835\udc22\ud835\udc28\ud835\udc27\ud835\udc1e: Die Paprikaschoten der g.g.A. Senise sind das Ergebnis einer langen Tradition in der Basilikata, die von Generation zu Generation weitergegeben wird, was ihnen einen unsch\u00e4tzbaren kulturellen und gastronomischen Wert verleiht. Ihre nat\u00fcrliche S\u00fc\u00dfe und ihr Mangel an S\u00e4ure sind charakteristische Merkmale, die sie einzigartig machen und jeden Bissen zu einer Reise in das Herz von Senise werden lassen.<\/span><\/li>\n<li class=\"a-spacing-mini\"><span class=\"a-list-item\"><span class=\"a-list-item\">\ud83d\udc45 \ud835\udc0f\ud835\udc2b\ud835\udc28\ud835\udc27\ud835\udc2d\ud835\udc22 \ud835\udc1d\ud835\udc1a \ud835\udc20\ud835\udc2e\ud835\udc2c\ud835\udc2d\ud835\udc1a\ud835\udc2b\ud835\udc1e: Unsere verpackten und gebrauchsfertigen Cruschi-Paprikaschoten sind die perfekte Zutat, um Ihren Gerichten einen Hauch von italienischer Authentizit\u00e4t zu verleihen, ohne dass eine Zubereitung erforderlich ist. Sie sind ideal, um jedes Rezept mit ihrer Knackigkeit und ihrem unverwechselbaren Geschmack zu bereichern. Diese Paprika sind jederzeit genussfertig und bringen die lukanische kulinarische Tradition schnell und einfach auf Ihren Tisch.<\/span><\/span>Die in nativem Oliven\u00f6l extra gebratenen Paprikaschoten von Senise IGP sind bereit, in ihrer ganzen G\u00fcte und Knackigkeit genossen zu werden: Sie eignen sich perfekt als Aperitif oder Snack, aber noch besser schmecken sie, wenn sie als Beilage zu einer Vielzahl von Gerichten verwendet werden. Dank ihrer Vielseitigkeit und der durch die g.g.A. garantierten Qualit\u00e4t sind die Paprikaschoten von Senise die ideale Zutat f\u00fcr alle, die einen Hauch von lukanischer Authentizit\u00e4t und Tradition auf ihren Tisch bringen m\u00f6chten. Jede Paprika wird sorgf\u00e4ltig ausgew\u00e4hlt und nach handwerklichen Methoden verarbeitet, wobei alle organoleptischen Eigenschaften, die sie so besonders machen, erhalten bleiben. Bei der Zubereitung, die auf eine lange Tradition zur\u00fcckgeht, bleiben die nat\u00fcrliche S\u00fc\u00dfe und der fehlende S\u00e4uregehalt, die charakteristischen Merkmale des Senise-Paprikas, erhalten. W\u00e4hlen Sie den Paprika der g.g.A. Senise, um jedes Gericht in ein unvergessliches gastronomisches Erlebnis zu verwandeln. Jeder Bissen ist eine Reise in das Herz der Basilikata, mit unverf\u00e4lschten Aromen und einer unverwechselbaren Knackigkeit. Diese Paprikaschoten sind ideal f\u00fcr K\u00f6che und Kochbegeisterte, denn sie verleihen Ihren kulinarischen Kreationen einen Hauch von italienischer Exzellenz und werten jedes Gericht durch ihre unverwechselbare Pr\u00e4senz und ihren unnachahmlichen Geschmack auf.TENUTA PAD\u00cc: Mit Liebe kultiviert Eine lukanische rote Liebe\u2764 Die Tenuta Pad\u00ec, H\u00fcterin des lukanischen roten Goldes, feiert in all ihren Formen die Exzellenz der g.g.A. Senise: Seine Majest\u00e4t der Peperone Crusco, der K\u00f6nig unserer K\u00fcche \ud83d\udc51\ud83c\udf36S\u00fc\u00df, knackig, purpurrot und mit sehr d\u00fcnnem Fruchtfleisch. Dies sind die Eigenschaften, die den Crusco-Pfeffer, im lukanischen Dialekt \u201cZafaran crusk\u201d, einzigartig machen.Kompromisslose Qualit\u00e4t \ud83c\udf1fBei jedem einzelnen Schritt des Prozesses, vom Anbau bis zur Verarbeitung, sind wir direkt beteiligt. Tenuta Pad\u00ec w\u00e4hlt nur die besten Samen von Pflanzen aus, die aus dem Gebiet der g.g.A. stammen. Das Verpflanzen der Setzlinge und das Ernten der Beeren erfolgt von Hand. Sie werden sich auf den ersten Blick verlieben \ud83d\ude0d Nur die besten Beeren, die von jedem Samen befreit sind, werden ausgew\u00e4hlt, um in das native Oliven\u00f6l extra 100% Bio, Lucano aus eigener Herstellung getaucht zu werden. Nur Liebe, Sorgfalt und Zutaten von h\u00f6chster Qualit\u00e4t, ohne Kompromisse.<\/li>\n<\/ul>","protected":false},"excerpt":{"rendered":"<p>Die Paprikaschoten der g.g.A. Senise werden in nativem Oliven\u00f6l extra gebraten und sind dann bereit zum Verzehr.<br \/>\nEr eignet sich perfekt als Aperitif oder Snack, aber noch besser passt er zu Risotto, Suppen, Nudelgerichten und Hauptgerichten mit Fleisch oder Fisch.<\/p>","protected":false},"featured_media":546,"comment_status":"closed","ping_status":"closed","template":"","meta":[],"product_brand":[],"product_cat":[15,31],"product_tag":[],"class_list":{"0":"post-530","1":"product","2":"type-product","3":"status-publish","4":"has-post-thumbnail","6":"product_cat-peperoni-cruschi","7":"product_cat-peperoni-di-senise-igp","9":"first","10":"instock","11":"sale","12":"featured","13":"taxable","14":"shipping-taxable","15":"purchasable","16":"product-type-variable","17":"has-default-attributes"},"_links":{"self":[{"href":"https:\/\/tenutapadi.it\/de\/wp-json\/wp\/v2\/product\/530","targetHints":{"allow":["GET"]}}],"collection":[{"href":"https:\/\/tenutapadi.it\/de\/wp-json\/wp\/v2\/product"}],"about":[{"href":"https:\/\/tenutapadi.it\/de\/wp-json\/wp\/v2\/types\/product"}],"replies":[{"embeddable":true,"href":"https:\/\/tenutapadi.it\/de\/wp-json\/wp\/v2\/comments?post=530"}],"wp:featuredmedia":[{"embeddable":true,"href":"https:\/\/tenutapadi.it\/de\/wp-json\/wp\/v2\/media\/546"}],"wp:attachment":[{"href":"https:\/\/tenutapadi.it\/de\/wp-json\/wp\/v2\/media?parent=530"}],"wp:term":[{"taxonomy":"product_brand","embeddable":true,"href":"https:\/\/tenutapadi.it\/de\/wp-json\/wp\/v2\/product_brand?post=530"},{"taxonomy":"product_cat","embeddable":true,"href":"https:\/\/tenutapadi.it\/de\/wp-json\/wp\/v2\/product_cat?post=530"},{"taxonomy":"product_tag","embeddable":true,"href":"https:\/\/tenutapadi.it\/de\/wp-json\/wp\/v2\/product_tag?post=530"}],"curies":[{"name":"wp","href":"https:\/\/api.w.org\/{rel}","templated":true}]}}