{"id":5617,"date":"2025-12-09T16:14:21","date_gmt":"2025-12-09T15:14:21","guid":{"rendered":"https:\/\/tenutapadi.it\/?post_type=product&#038;p=5617"},"modified":"2026-03-02T16:37:13","modified_gmt":"2026-03-02T15:37:13","slug":"kit-bruschetta-lucana-tenuta-padi","status":"publish","type":"product","link":"https:\/\/tenutapadi.it\/de\/produkt\/kit-bruschetta-lucana-tenuta-padi\/","title":{"rendered":"Kit Bruschetta Lucana Tenuta Pad\u00ec | \u00d6l + Oregano + Auberginen + Cruschi-Paprika + Champignons + Gratis-Tragetasche"},"content":{"rendered":"<p data-start=\"318\" data-end=\"387\"><strong data-start=\"318\" data-end=\"387\">Der authentische Geschmack der Basilikata, fertig zum Servieren auf dem Tisch.<\/strong><\/p>\n<p data-start=\"389\" data-end=\"800\">Bringen Sie die Essenz der lukanischen l\u00e4ndlichen Tradition in Ihr Haus mit dem <strong data-start=\"457\" data-end=\"494\">Bausatz Bruschetta Lucana Tenuta Pad\u00ec<\/strong>, eine Auswahl typischer Produkte, die den einfachsten und schmackhaftesten Moment aufwerten: die Bruschetta. Ein komplettes Erlebnis, das den intensiven Duft von Oregano, die Knackigkeit von Cruschi-Paprika, den Reichtum von Cardoncelli-Pilzen und die Echtheit unserer Handwerkskunst vereint.<\/p>\n<p data-start=\"802\" data-end=\"931\">Diese Box ist ideal f\u00fcr Aperitifs, rustikale Vorspeisen, Gourmet-Geschenkk\u00f6rbe und f\u00fcr alle, die authentische mediterrane Aromen lieben.<\/p>\n<hr data-start=\"933\" data-end=\"936\" \/>\n<h2 data-start=\"938\" data-end=\"983\"><strong data-start=\"941\" data-end=\"983\">Was das Bruschetta Lucana Kit enth\u00e4lt<\/strong><\/h2>\n<p data-start=\"985\" data-end=\"1165\">\ud83e\udd56 <strong data-start=\"988\" data-end=\"1024\">Natives Oliven\u00f6l Extra 500 ml<\/strong><br data-start=\"1024\" data-end=\"1027\" \/>Kaltgepresst aus ausgew\u00e4hlten lukanischen Sorten ist er die Hauptzutat f\u00fcr eine duftende und wohlriechende Bruschetta.<\/p>\n<p data-start=\"1167\" data-end=\"1338\">\ud83c\udf3f <strong data-start=\"1170\" data-end=\"1193\">Ausgew\u00e4hlter Oregano 40 g<\/strong><br data-start=\"1193\" data-end=\"1196\" \/>Nach alter Tradition geerntet und getrocknet, entfaltet er ein unverwechselbares Aroma, das jede Bruschetta zu einer Reise durch die s\u00fcdliche K\u00fcche macht.<\/p>\n<p data-start=\"1340\" data-end=\"1498\">\ud83c\udf46 <strong data-start=\"1343\" data-end=\"1375\">Glas PAT Wei\u00dfe Auberginen 300 g<\/strong><br data-start=\"1375\" data-end=\"1378\" \/>Von Hand verarbeitete Auberginen, die nach einem typisch lukanischen Rezept gew\u00fcrzt werden: weich, schmackhaft, perfekt zum Bestreichen von warmem Brot.<\/p>\n<p data-start=\"1500\" data-end=\"1731\">\ud83c\udf36\ufe0f <strong data-start=\"1504\" data-end=\"1569\">Gebratene ganze rohe Paprikaschoten im Glas 90 g<\/strong><br data-start=\"1569\" data-end=\"1572\" \/>Das Symbol der Basilikata. Knusprig, leicht s\u00fc\u00df, unwiderstehlich: als Flocken auf Bruschetta oder ganz gegessen, wie es die Tradition vorschreibt.<\/p>\n<p data-start=\"1733\" data-end=\"1917\">\ud83c\udf44 <strong data-start=\"1736\" data-end=\"1768\">Cardoncelli-Pilze in \u00d6l 200 g<\/strong><br data-start=\"1768\" data-end=\"1771\" \/>Fest, fleischig und mit nat\u00fcrlichen Zutaten zubereitet. Ihr authentischer Geschmack bereichert jede Vorspeise und verleiht Ihrer Bruschetta Charakter.<\/p>\n<p data-start=\"1919\" data-end=\"2109\">\ud83d\udecd\ufe0f <strong data-start=\"1923\" data-end=\"1966\">Bio-Baumwolltragetasche<\/strong><br data-start=\"1966\" data-end=\"1969\" \/>Eine elegante, wiederverwendbare und 100% nachhaltige Einkaufstasche. Perfekt zum Verschenken oder um immer ein St\u00fcck Basilikata bei sich zu tragen.<\/p>\n<hr data-start=\"2111\" data-end=\"2114\" \/>\n<h2 data-start=\"2116\" data-end=\"2167\"><strong data-start=\"2119\" data-end=\"2165\">Warum sollten Sie sich f\u00fcr das Bruschetta Lucana Kit entscheiden?<\/strong><\/h2>\n<ul data-start=\"2168\" data-end=\"2424\">\n<li data-start=\"2168\" data-end=\"2206\">\n<p data-start=\"2170\" data-end=\"2206\">Ausgew\u00e4hlte typische lukanische Produkte<\/p>\n<\/li>\n<li data-start=\"2207\" data-end=\"2257\">\n<p data-start=\"2209\" data-end=\"2257\">Nat\u00fcrliche Inhaltsstoffe und Handwerkskunst<\/p>\n<\/li>\n<li data-start=\"2258\" data-end=\"2318\">\n<p data-start=\"2260\" data-end=\"2318\">Ideale Box f\u00fcr Aperitifs, Gourmet-Geschenke, Weihnachtsk\u00f6rbe<\/p>\n<\/li>\n<li data-start=\"2319\" data-end=\"2387\">\n<p data-start=\"2321\" data-end=\"2387\">Perfekt f\u00fcr Liebhaber der mediterranen K\u00fcche und authentischer Aromen<\/p>\n<\/li>\n<li data-start=\"2388\" data-end=\"2424\">\n<p data-start=\"2390\" data-end=\"2424\">Garantierte Qualit\u00e4t von Tenuta Pad\u00ec<\/p>\n<\/li>\n<\/ul>\n<hr data-start=\"2426\" data-end=\"2429\" \/>\n<h2 data-start=\"2431\" data-end=\"2462\"><strong data-start=\"2434\" data-end=\"2460\">Wie man das Kit benutzt<\/strong><\/h2>\n<ol data-start=\"2463\" data-end=\"2662\">\n<li data-start=\"2463\" data-end=\"2493\">\n<p data-start=\"2466\" data-end=\"2493\">Selbstgebackenes Brot toasten.<\/p>\n<\/li>\n<li data-start=\"2494\" data-end=\"2533\">\n<p data-start=\"2497\" data-end=\"2533\">Mit unserem EVO-\u00d6l anrichten.<\/p>\n<\/li>\n<li data-start=\"2534\" data-end=\"2586\">\n<p data-start=\"2537\" data-end=\"2586\">Oregano, Auberginen oder Pilze nach Geschmack hinzuf\u00fcgen.<\/p>\n<\/li>\n<li data-start=\"2587\" data-end=\"2662\">\n<p data-start=\"2590\" data-end=\"2662\">Komplett mit Crusco-Pfefferflocken f\u00fcr das echte lukanische Erlebnis.<\/p>\n<\/li>\n<\/ol>\n<p data-start=\"2664\" data-end=\"2745\">Eine einfache, echte und schmackhafte Bruschetta... wie in einer lukanischen Masseria.<\/p>\n<hr data-start=\"2747\" data-end=\"2750\" \/>\n<h2 data-start=\"2752\" data-end=\"2781\"><strong data-start=\"2755\" data-end=\"2779\">Ideal f\u00fcr ein Geschenk<\/strong><\/h2>\n<p data-start=\"2782\" data-end=\"2945\">Das Bruschetta Lucana Kit ist perfekt als <strong data-start=\"2823\" data-end=\"2846\">Gourmet-Geschenkidee<\/strong> f\u00fcr Weihnachten, Geburtstage oder f\u00fcr alle, die die wahren Geschm\u00e4cker der Basilikata entdecken (oder wiederentdecken) wollen.<\/p>","protected":false},"excerpt":{"rendered":"<p>Unser neues Bruschetta Lucana Kit enth\u00e4lt die authentischen Aromen der Basilikata: natives Oliven\u00f6l extra, Oregano, Auberginen, Cardoncelli-Pilze und gebratene Cruschi-Paprika, begleitet von unserer Tragetasche aus Bio-Baumwolle. Ideal f\u00fcr Aperitifs, Aperitifs und Gourmet-Geschenke mit traditionellem und unverf\u00e4lschtem Geschmack. Kostenloser Versand<\/p>","protected":false},"featured_media":5618,"comment_status":"closed","ping_status":"closed","template":"","meta":[],"product_brand":[],"product_cat":[16],"product_tag":[],"class_list":{"0":"post-5617","1":"product","2":"type-product","3":"status-publish","4":"has-post-thumbnail","6":"product_cat-le-box","8":"first","9":"instock","10":"taxable","11":"shipping-taxable","12":"purchasable","13":"product-type-variable","14":"has-default-attributes"},"_links":{"self":[{"href":"https:\/\/tenutapadi.it\/de\/wp-json\/wp\/v2\/product\/5617","targetHints":{"allow":["GET"]}}],"collection":[{"href":"https:\/\/tenutapadi.it\/de\/wp-json\/wp\/v2\/product"}],"about":[{"href":"https:\/\/tenutapadi.it\/de\/wp-json\/wp\/v2\/types\/product"}],"replies":[{"embeddable":true,"href":"https:\/\/tenutapadi.it\/de\/wp-json\/wp\/v2\/comments?post=5617"}],"wp:featuredmedia":[{"embeddable":true,"href":"https:\/\/tenutapadi.it\/de\/wp-json\/wp\/v2\/media\/5618"}],"wp:attachment":[{"href":"https:\/\/tenutapadi.it\/de\/wp-json\/wp\/v2\/media?parent=5617"}],"wp:term":[{"taxonomy":"product_brand","embeddable":true,"href":"https:\/\/tenutapadi.it\/de\/wp-json\/wp\/v2\/product_brand?post=5617"},{"taxonomy":"product_cat","embeddable":true,"href":"https:\/\/tenutapadi.it\/de\/wp-json\/wp\/v2\/product_cat?post=5617"},{"taxonomy":"product_tag","embeddable":true,"href":"https:\/\/tenutapadi.it\/de\/wp-json\/wp\/v2\/product_tag?post=5617"}],"curies":[{"name":"wp","href":"https:\/\/api.w.org\/{rel}","templated":true}]}}