{"id":975,"date":"2024-02-02T11:30:54","date_gmt":"2024-02-02T10:30:54","guid":{"rendered":"https:\/\/tenutapadi.it\/?post_type=product&#038;p=975"},"modified":"2026-03-22T20:52:57","modified_gmt":"2026-03-22T19:52:57","slug":"pfeffermarmelade","status":"publish","type":"product","link":"https:\/\/tenutapadi.it\/de\/produkt\/pfeffermarmelade\/","title":{"rendered":"Tenuta Pad\u00ec Confettura di Peperone di Senise IGP | frisch geerntet"},"content":{"rendered":"<p style=\"text-align: center;\"><strong>ENTDECKEN SIE DAS PRODUKT<\/strong><\/p>\n<p>La<strong> Marmelade<\/strong> auf der Grundlage von \"Peperone di Senise IGP\" ist ein <strong>ideale Delikatesse<\/strong> zu begleiten <strong>Frischk\u00e4se<\/strong> oder von mittlerer Reife, <strong>den Geschmack zu verbessern<\/strong> mit einer<strong> s\u00fc\u00dfe Note<\/strong> e <strong>leicht w\u00fcrzig<\/strong>. Dieses einzigartige Produkt entstammt der lukanischen kulinarischen Tradition und wird aus frischen Paprikaschoten hergestellt, die von uns auf dem H\u00f6hepunkt ihrer Reife handverlesen werden, um einen intensiven und authentischen Geschmack zu gew\u00e4hrleisten.<\/p>\n<p><strong>VON UNSEREM LAND AUF IHREN TISCH<\/strong><\/p>\n<p>Die Verarbeitung von Konfit\u00fcre findet statt <strong>sofort<\/strong> nach<strong> die Sammlung<\/strong>sicherzustellen, dass jedes Gef\u00e4\u00df alle Informationen enth\u00e4lt <strong>Frische<\/strong> und die <strong>organoleptische Eigenschaften<\/strong> Paprikaschoten von Senise, bekannt f\u00fcr ihre <strong>nat\u00fcrliche S\u00fc\u00dfe<\/strong> und die<strong>Fehlen von S\u00e4uregehalt<\/strong>. Die <strong>Handwerksprozess<\/strong> bewahrt die charakteristischen Merkmale des Pfeffers und macht ihn zu einer Marmelade <strong>verfeinert<\/strong> e <strong>vielseitig<\/strong>.<\/p>\n<p><strong>EINE REVOLUTION F\u00dcR IHRE REZEPTE<\/strong><\/p>\n<p>Perfekt zum Erstellen von <strong>Gourmet-Paarungen<\/strong>Diese Konfit\u00fcre eignet sich hervorragend als Aufstrich auf Crostini, als Beilage zu K\u00e4seplatten oder als geheime Zutat in <strong>kreative Rezepte<\/strong>. Die <strong>Pfeffer der g.g.A. Senis<\/strong> gibt die <strong>Marmelade<\/strong> a <strong>lebendige Farbe<\/strong> und eine <strong>unverwechselbares Aroma<\/strong>Damit ist es eine ausgezeichnete Wahl f\u00fcr alle, die einen Hauch von lukanischer Eleganz und Tradition auf ihren Tisch bringen wollen.<\/p>\n<p><span style=\"font-weight: 400;\">TENUTA PAD\u00cc:<\/span><b> Mit Liebe kultivieren<\/b><\/p>\n<p><b>EINE ROTE LUKANISCHE LIEBE<\/b><span style=\"font-weight: 400;\"> \u2764<\/span><\/p>\n<p><span style=\"font-weight: 400;\">Die Tenuta Pad\u00ec, H\u00fcterin des roten Goldes von Lukanien, zelebriert in all ihren Formen die Exzellenz der g.g.A. von Senise: Seine Majest\u00e4t der Peperone Crusco.<\/span><\/p>\n<p><b>DER K\u00d6NIG UNSERER K\u00dcCHE<\/b><span style=\"font-weight: 400;\"> \ud83d\udc51\ud83c\udf36<\/span><\/p>\n<p><span style=\"font-weight: 400;\">S\u00fc\u00df, knackig, von purpurroter Farbe und mit sehr d\u00fcnnem Fruchtfleisch. Dies sind die Merkmale, die den Crusco-Pfeffer, im lukanischen Dialekt \"Zafaran crusk\", einzigartig machen.<\/span><\/p>\n<p><b>QUALIT\u00c4T OHNE KOMPROMISSE<\/b><span style=\"font-weight: 400;\"> \ud83c\udf1f<\/span><\/p>\n<p><span style=\"font-weight: 400;\">Jeder einzelne Schritt des Prozesses, vom Anbau bis zur Verarbeitung, betrifft uns direkt.<\/span><\/p>\n<p><span style=\"font-weight: 400;\">Tenuta Pad\u00ec w\u00e4hlt nur die besten Samen von Pflanzen aus, die im Gebiet der g.g.A. wachsen.<\/span><\/p>\n<p><span style=\"font-weight: 400;\">Die Verpflanzung der Setzlinge und die Ernte der Beeren erfolgen von Hand.<\/span><\/p>\n<p><span style=\"font-weight: 400;\">Die Trocknung erfolgt in einem Gew\u00e4chshaus auf nat\u00fcrliche Weise ohne mechanische Hilfsmittel.<\/span><\/p>\n<p><b>SIE WERDEN SICH AUF DEN ERSTEN BLICK VERLIEBEN<\/b><span style=\"font-weight: 400;\"> \ud83d\ude0d<\/span><\/p>\n<p><span style=\"font-weight: 400;\">Nur die besten, von allen Kernen befreiten Beeren werden ausgew\u00e4hlt, um in unser eigenes natives Oliven\u00f6l extra 100% Bio aus Lucania getaucht zu werden. Nur Liebe, Sorgfalt und h\u00f6chste Qualit\u00e4t der Zutaten, ohne Kompromisse.<\/span><\/p>\n<p>F\u00c4LLIGKEIT 12 MONATE<\/p>","protected":false},"excerpt":{"rendered":"<p>Die Konfit\u00fcre \"Peperone di Senise igp\" eignet sich zur Begleitung von frischem oder mittelreifem K\u00e4se.<\/p>\n<p>Die Konfit\u00fcre wird durch direkte Verarbeitung des frisch geernteten Produkts gewonnen.<\/p>","protected":false},"featured_media":976,"comment_status":"closed","ping_status":"closed","template":"","meta":[],"product_brand":[],"product_cat":[41,32,39],"product_tag":[],"class_list":{"0":"post-975","1":"product","2":"type-product","3":"status-publish","4":"has-post-thumbnail","6":"product_cat-le-selezioni-gourmet","7":"product_cat-le-conserve-di-tenuta-padi","8":"product_cat-fantasiosi","10":"first","11":"outofstock","12":"sale","13":"featured","14":"taxable","15":"shipping-taxable","16":"purchasable","17":"product-type-variable"},"_links":{"self":[{"href":"https:\/\/tenutapadi.it\/de\/wp-json\/wp\/v2\/product\/975","targetHints":{"allow":["GET"]}}],"collection":[{"href":"https:\/\/tenutapadi.it\/de\/wp-json\/wp\/v2\/product"}],"about":[{"href":"https:\/\/tenutapadi.it\/de\/wp-json\/wp\/v2\/types\/product"}],"replies":[{"embeddable":true,"href":"https:\/\/tenutapadi.it\/de\/wp-json\/wp\/v2\/comments?post=975"}],"wp:featuredmedia":[{"embeddable":true,"href":"https:\/\/tenutapadi.it\/de\/wp-json\/wp\/v2\/media\/976"}],"wp:attachment":[{"href":"https:\/\/tenutapadi.it\/de\/wp-json\/wp\/v2\/media?parent=975"}],"wp:term":[{"taxonomy":"product_brand","embeddable":true,"href":"https:\/\/tenutapadi.it\/de\/wp-json\/wp\/v2\/product_brand?post=975"},{"taxonomy":"product_cat","embeddable":true,"href":"https:\/\/tenutapadi.it\/de\/wp-json\/wp\/v2\/product_cat?post=975"},{"taxonomy":"product_tag","embeddable":true,"href":"https:\/\/tenutapadi.it\/de\/wp-json\/wp\/v2\/product_tag?post=975"}],"curies":[{"name":"wp","href":"https:\/\/api.w.org\/{rel}","templated":true}]}}