{"id":183,"date":"2020-10-30T05:02:16","date_gmt":"2020-10-30T04:02:16","guid":{"rendered":"https:\/\/tenutapadi.it\/?page_id=183"},"modified":"2023-04-07T17:47:34","modified_gmt":"2023-04-07T15:47:34","slug":"nuestros-productos","status":"publish","type":"page","link":"https:\/\/tenutapadi.it\/es\/nuestros-productos\/","title":{"rendered":"Nuestros productos"},"content":{"rendered":"<div class=\"wp-block-cover has-background-dim has-parallax super-row relative-bwa\" style=\"background-image:url(https:\/\/tenutapadi.it\/wp-content\/uploads\/2022\/01\/tenute-padi-004.jpg);min-height:600px;aspect-ratio:unset;\"><div class=\"wp-block-cover__inner-container is-layout-flow wp-block-cover-is-layout-flow\">\n<div class=\"wp-block-columns are-vertically-aligned-center padi-anchor is-layout-flex wp-container-core-columns-is-layout-9d6595d7 wp-block-columns-is-layout-flex\">\n<div class=\"wp-block-column is-vertically-aligned-center is-layout-flow wp-block-column-is-layout-flow\">\n<h2 class=\"has-text-align-center extra-title wp-block-heading\"><a class=\"anchor\" href=\"#peperoni-igp\"><span class=\"has-inline-color has-white-color\">Pimientos secos<br>de la IGP Senise<\/span><\/a><\/h2>\n<\/div>\n\n\n\n<div class=\"wp-block-column is-vertically-aligned-center is-layout-flow wp-block-column-is-layout-flow\">\n<h2 class=\"has-text-align-center wp-block-heading\">Nueva selecci\u00f3n pr\u00f3ximamente<\/h2>\n\n\n\n<figure class=\"wp-block-image size-full\"><a href=\"https:\/\/tenutapadi.it\/es\/selecciones-gourmet\/\"><img width=\"512\" height=\"200\" data-src=\"https:\/\/tenutapadi.it\/wp-content\/uploads\/2023\/04\/gourmet_white-1.png\" alt=\"\" class=\"wp-image-765 lazyload bwa-img\" srcset=\"https:\/\/tenutapadi.it\/wp-content\/uploads\/2023\/04\/gourmet_white-1.png 512w, https:\/\/tenutapadi.it\/wp-content\/uploads\/2023\/04\/gourmet_white-1-300x117.png 300w\" sizes=\"(max-width: 512px) 100vw, 512px\" \/><\/a><\/figure>\n\n\n\n<div style=\"height:80px\" aria-hidden=\"true\" class=\"wp-block-spacer\"><\/div>\n<\/div>\n\n\n\n<div class=\"wp-block-column is-vertically-aligned-center is-layout-flow wp-block-column-is-layout-flow\">\n<h2 class=\"has-text-align-center extra-title wp-block-heading\"><a class=\"anchor\" href=\"#peperoni-cruschi\"><span class=\"has-inline-color has-white-color\">Pimientos <br>Cruschi<\/span><\/a><\/h2>\n<\/div>\n<\/div>\n<\/div><\/div>\n\n\n\n<div style=\"height:60px\" aria-hidden=\"true\" id=\"peperoni-igp\" class=\"wp-block-spacer\"><\/div>\n\n\n\n<div class=\"wp-block-columns relative-bwa z-index1 is-layout-flex wp-container-core-columns-is-layout-9d6595d7 wp-block-columns-is-layout-flex\">\n<div class=\"wp-block-column is-layout-flow wp-block-column-is-layout-flow\" style=\"flex-basis:50%\">\n<div class=\"wp-block-group\"><div class=\"wp-block-group__inner-container is-layout-flow wp-block-group-is-layout-flow\">\n<h3 class=\"extra-title h1 wp-block-heading\">Serte di peperoni di Senise IGP, los tradicionales \"collares\" lucanos de pimientos secos<\/h3>\n\n\n\n<div class=\"wp-block-group padding30\"><div class=\"wp-block-group__inner-container is-layout-flow wp-block-group-is-layout-flow\">\n<div class=\"wp-block-columns is-layout-flex wp-container-core-columns-is-layout-9d6595d7 wp-block-columns-is-layout-flex\">\n<div class=\"wp-block-column is-layout-flow wp-block-column-is-layout-flow\" style=\"flex-basis:33.33%\">\n<figure class=\"wp-block-image size-large\"><img width=\"512\" height=\"512\" data-src=\"https:\/\/tenutapadi.it\/wp-content\/uploads\/2021\/03\/igp-512x512.png\" alt=\"\" class=\"wp-image-482 lazyload bwa-img\" srcset=\"https:\/\/tenutapadi.it\/wp-content\/uploads\/2021\/03\/igp.png 512w, https:\/\/tenutapadi.it\/wp-content\/uploads\/2021\/03\/igp-100x100.png 100w, https:\/\/tenutapadi.it\/wp-content\/uploads\/2021\/03\/igp-300x300.png 300w, https:\/\/tenutapadi.it\/wp-content\/uploads\/2021\/03\/igp-150x150.png 150w, https:\/\/tenutapadi.it\/wp-content\/uploads\/2021\/03\/igp-360x360.png 360w, https:\/\/tenutapadi.it\/wp-content\/uploads\/2021\/03\/igp-200x200.png 200w, https:\/\/tenutapadi.it\/wp-content\/uploads\/2021\/03\/igp-480x480.png 480w\" sizes=\"(max-width: 512px) 100vw, 512px\" \/><\/figure>\n<\/div>\n\n\n\n<div class=\"wp-block-column is-layout-flow wp-block-column-is-layout-flow\" style=\"flex-basis:66.66%\">\n<p>El tradicional \"collar\" lucano de pimientos secos sigue decorando las callejuelas y caser\u00edos del casco antiguo de Senise, cuna del oro rojo lucano.<\/p>\n<\/div>\n<\/div>\n\n\n\n<p class=\"has-text-align-right font-alt-alt simple-link\"><a href=\"https:\/\/tenutapadi.it\/es\/product\/serta-di-peperoni-di-senise-igp\/\" data-type=\"product\" data-id=\"159\">Comprar<\/a><\/p>\n<\/div><\/div>\n<\/div><\/div>\n\n\n\n<div style=\"height:60px\" aria-hidden=\"true\" class=\"wp-block-spacer\"><\/div>\n\n\n\n<div class=\"wp-block-group\"><div class=\"wp-block-group__inner-container is-layout-flow wp-block-group-is-layout-flow\">\n<h3 class=\"extra-title h1 wp-block-heading\">Pimientos secos Senise IGP en bolsitas<\/h3>\n\n\n\n<div class=\"wp-block-columns is-layout-flex wp-container-core-columns-is-layout-9d6595d7 wp-block-columns-is-layout-flex\">\n<div class=\"wp-block-column is-vertically-aligned-top is-layout-flow wp-block-column-is-layout-flow\" style=\"flex-basis:33.33%\">\n<div class=\"wp-block-image\"><figure class=\"aligncenter size-colsm3\"><a href=\"https:\/\/tenutapadi.it\/es\/product\/pimientos-secos-senise-igp\/\"><img width=\"480\" height=\"640\" data-src=\"https:\/\/tenutapadi.it\/wp-content\/uploads\/2020\/10\/Peperoni-secchi-di-Senise-IGP-confezione-1-480x640.png\" alt=\"\" class=\"wp-image-142 lazyload bwa-img\" srcset=\"https:\/\/tenutapadi.it\/wp-content\/uploads\/2020\/10\/Peperoni-secchi-di-Senise-IGP-confezione-1-480x640.png 480w, https:\/\/tenutapadi.it\/wp-content\/uploads\/2020\/10\/Peperoni-secchi-di-Senise-IGP-confezione-1-600x800.png 600w\" sizes=\"(max-width: 480px) 100vw, 480px\" \/><\/a><\/figure><\/div>\n<\/div>\n\n\n\n<div class=\"wp-block-column is-vertically-aligned-center is-layout-flow wp-block-column-is-layout-flow\" style=\"flex-basis:66.66%\">\n<div class=\"wp-block-group padding30\"><div class=\"wp-block-group__inner-container is-layout-flow wp-block-group-is-layout-flow\">\n<p>Un pr\u00e1ctico paquete de pimientos de Senise IGP, secados en la tradicional \"serte\" y listos para ser cocinados y utilizados en la cocina, en recetas tradicionales lucanas o en las de su propia imaginaci\u00f3n.<\/p>\n\n\n\n<p>S\u00f3lo despu\u00e9s de fre\u00edrlos, los pimientos se vuelven crujientes, de ah\u00ed el nombre de \"cruschi\": \u00a1una textura irresistible que los hace \u00fanicos!<\/p>\n\n\n\n<p>El serte permite secar el pimiento, que pierde mucha agua en este proceso (un collar de 10 kg pesa 1 kg despu\u00e9s del secado).<\/p>\n\n\n\n<p>El producto se fr\u00ede en aceite de oliva virgen extra y se sala para enriquecer y decorar sus platos o para degustarlo como tentempi\u00e9.<\/p>\n<\/div><\/div>\n<\/div>\n<\/div>\n<\/div><\/div>\n\n\n\n<p class=\"has-text-align-right font-alt-alt simple-link\"><a href=\"https:\/\/tenutapadi.it\/es\/product\/pimientos-secos-senise-igp\/\" data-type=\"product\" data-id=\"156\">Comprar<\/a><\/p>\n<\/div>\n\n\n\n<div class=\"wp-block-column is-layout-flow wp-block-column-is-layout-flow\" style=\"flex-basis:50%\">\n<figure class=\"wp-block-image size-full hidden-xs altered-move speed-high max-height-vh-50\"><a href=\"https:\/\/tenutapadi.it\/es\/la-pimienta-de-crusco\/\"><img width=\"832\" height=\"3197\" data-src=\"https:\/\/tenutapadi.it\/wp-content\/uploads\/2020\/10\/Serte-di-peperoni-di-Senise-IGP-PRECISO.png\" alt=\"\" class=\"wp-image-199 lazyload bwa-img\" srcset=\"https:\/\/tenutapadi.it\/wp-content\/uploads\/2020\/10\/Serte-di-peperoni-di-Senise-IGP-PRECISO.png 832w, https:\/\/tenutapadi.it\/wp-content\/uploads\/2020\/10\/Serte-di-peperoni-di-Senise-IGP-PRECISO-78x300.png 78w\" sizes=\"(max-width: 832px) 100vw, 832px\" \/><\/a><\/figure>\n<\/div>\n<\/div>\n\n\n\n<div class=\"wp-block-columns super-row ghost-row is-layout-flex wp-container-core-columns-is-layout-9d6595d7 wp-block-columns-is-layout-flex\">\n<div class=\"wp-block-column is-layout-flow wp-block-column-is-layout-flow\" style=\"flex-basis:66.66%\">\n<figure class=\"wp-block-image size-large\"><img width=\"1024\" height=\"648\" data-src=\"https:\/\/tenutapadi.it\/wp-content\/uploads\/2022\/01\/MG_0800-scaled-1707x1080-1-1024x648.jpg\" alt=\"\" class=\"wp-image-561 lazyload bwa-img\" srcset=\"https:\/\/tenutapadi.it\/wp-content\/uploads\/2022\/01\/MG_0800-scaled-1707x1080-1-1024x648.jpg 1024w, https:\/\/tenutapadi.it\/wp-content\/uploads\/2022\/01\/MG_0800-scaled-1707x1080-1-1200x759.jpg 1200w, https:\/\/tenutapadi.it\/wp-content\/uploads\/2022\/01\/MG_0800-scaled-1707x1080-1-300x190.jpg 300w, https:\/\/tenutapadi.it\/wp-content\/uploads\/2022\/01\/MG_0800-scaled-1707x1080-1.jpg 1707w\" sizes=\"(max-width: 1024px) 100vw, 1024px\" \/><\/figure>\n\n\n\n<div style=\"height:50px\" aria-hidden=\"true\" id=\"peperoni-cruschi\" class=\"wp-block-spacer\"><\/div>\n\n\n\n<div class=\"wp-block-group padded-content\"><div class=\"wp-block-group__inner-container is-layout-flow wp-block-group-is-layout-flow\">\n<h3 class=\"extra-title h1 wp-block-heading\">Peperoni cruschi en cristal, fritos en aceite EVO y listos para comer<\/h3>\n\n\n\n<figure class=\"wp-block-pullquote\"><blockquote><p>El pimiento crusco, \"Zafaran crusk\" en dialecto lucano, es un s\u00edmbolo de la tradici\u00f3n gastron\u00f3mica lucana.<\/p><\/blockquote><\/figure>\n\n\n\n<div class=\"wp-block-group padding30\"><div class=\"wp-block-group__inner-container is-layout-flow wp-block-group-is-layout-flow\">\n<p>Los pimientos de Senise IGP se fr\u00eden en aceite de oliva virgen extra y est\u00e1n listos para ser degustados.<br>Perfecto como aperitivo o tentempi\u00e9 y a\u00fan m\u00e1s sublime para acompa\u00f1ar risottos, sopas, platos de pasta y platos principales, tanto de carne como de pescado.<\/p>\n\n\n\n<div style=\"height:50px\" aria-hidden=\"true\" class=\"wp-block-spacer\"><\/div>\n\n\n\n<p class=\"has-text-align-right font-alt-alt simple-link\"><a href=\"https:\/\/tenutapadi.it\/es\/product\/peperoni-cruschi-di-senise-igp-fritti\/\" data-type=\"product\" data-id=\"147\">Comprar<\/a><\/p>\n<\/div><\/div>\n<\/div><\/div>\n<\/div>\n\n\n\n<div class=\"wp-block-column is-vertically-aligned-bottom is-layout-flow wp-block-column-is-layout-flow\" style=\"flex-basis:33.33%\">\n<figure class=\"wp-block-image size-large\"><img width=\"1024\" height=\"1024\" data-src=\"https:\/\/tenutapadi.it\/wp-content\/uploads\/2022\/01\/barattoloGrande-1024x1024-1-1024x1024.png\" alt=\"\" class=\"wp-image-558 lazyload bwa-img\" srcset=\"https:\/\/tenutapadi.it\/wp-content\/uploads\/2022\/01\/barattoloGrande-1024x1024-1.png 1024w, https:\/\/tenutapadi.it\/wp-content\/uploads\/2022\/01\/barattoloGrande-1024x1024-1-100x100.png 100w, https:\/\/tenutapadi.it\/wp-content\/uploads\/2022\/01\/barattoloGrande-1024x1024-1-150x150.png 150w, https:\/\/tenutapadi.it\/wp-content\/uploads\/2022\/01\/barattoloGrande-1024x1024-1-300x300.png 300w, https:\/\/tenutapadi.it\/wp-content\/uploads\/2022\/01\/barattoloGrande-1024x1024-1-960x960.png 960w, https:\/\/tenutapadi.it\/wp-content\/uploads\/2022\/01\/barattoloGrande-1024x1024-1-360x360.png 360w\" sizes=\"(max-width: 1024px) 100vw, 1024px\" \/><\/figure>\n<\/div>\n<\/div>\n\n\n\n<div class=\"wp-block-columns super-row ghost-row is-layout-flex wp-container-core-columns-is-layout-9d6595d7 wp-block-columns-is-layout-flex\">\n<div class=\"wp-block-column is-layout-flow wp-block-column-is-layout-flow\" style=\"flex-basis:66.66%\">\n<div class=\"wp-block-group padded-content\"><div class=\"wp-block-group__inner-container is-layout-flow wp-block-group-is-layout-flow\">\n<h3 class=\"extra-title h1 wp-block-heading\">Pimienta Senise en polvo IGP, especia de grano muy fino obtenida moliendo pimientos secos a la piedra.<\/h3>\n\n\n\n<div class=\"wp-block-group padding30\"><div class=\"wp-block-group__inner-container is-layout-flow wp-block-group-is-layout-flow\">\n<p>Esta especia de grano muy fino se obtiene moliendo a la piedra pimientos secos, tras tratarlos en un horno para eliminar la humedad residual.<br>Un condimento bueno para todas las estaciones y creaciones en la mesa.<br>\u00a1Pru\u00e9belo tambi\u00e9n en la preparaci\u00f3n de helado de pimiento crusco!<\/p>\n\n\n\n<div style=\"height:50px\" aria-hidden=\"true\" class=\"wp-block-spacer\"><\/div>\n\n\n\n<p class=\"has-text-align-right font-alt-alt simple-link\"><a href=\"https:\/\/tenutapadi.it\/es\/product\/pimienta-senise-en-polvo-igp\/\">Comprar<\/a><\/p>\n<\/div><\/div>\n<\/div><\/div>\n<\/div>\n\n\n\n<div class=\"wp-block-column is-vertically-aligned-bottom is-layout-flow wp-block-column-is-layout-flow\" style=\"flex-basis:33.33%\">\n<figure class=\"wp-block-image size-large\"><a href=\"https:\/\/tenutapadi.it\/es\/product\/pimienta-senise-en-polvo-igp\/\"><img width=\"1024\" height=\"1024\" data-src=\"https:\/\/tenutapadi.it\/wp-content\/uploads\/2020\/10\/Peperoni-cruschi-polvere-1-1024x1024.png\" alt=\"\" class=\"wp-image-135 lazyload bwa-img\" srcset=\"https:\/\/tenutapadi.it\/wp-content\/uploads\/2020\/10\/Peperoni-cruschi-polvere-1-1024x1024.png 1024w, https:\/\/tenutapadi.it\/wp-content\/uploads\/2020\/10\/Peperoni-cruschi-polvere-1-100x100.png 100w, https:\/\/tenutapadi.it\/wp-content\/uploads\/2020\/10\/Peperoni-cruschi-polvere-1-1200x1200.png 1200w, https:\/\/tenutapadi.it\/wp-content\/uploads\/2020\/10\/Peperoni-cruschi-polvere-1-150x150.png 150w, https:\/\/tenutapadi.it\/wp-content\/uploads\/2020\/10\/Peperoni-cruschi-polvere-1-300x300.png 300w, https:\/\/tenutapadi.it\/wp-content\/uploads\/2020\/10\/Peperoni-cruschi-polvere-1-960x960.png 960w, https:\/\/tenutapadi.it\/wp-content\/uploads\/2020\/10\/Peperoni-cruschi-polvere-1-360x360.png 360w\" sizes=\"(max-width: 1024px) 100vw, 1024px\" \/><\/a><\/figure>\n<\/div>\n<\/div>\n\n\n\n<div style=\"height:85px\" aria-hidden=\"true\" class=\"wp-block-spacer\"><\/div>","protected":false},"excerpt":{"rendered":"<p>Tutte le fasi del ciclo produttivo fino al confezionamento avvengono rigorosamente in modo manuale, grazie alle sapienti mani dei nostri esperti contadini locali, veri e propri artigiani depositari dell\u2019antico segreto di lavorazione e trasformazione.<br \/>\nLa scelta dei barattoli in vetro deriva da un antico metodo contadino di conservazione, ampiamente utilizzato anche dalle nostre bisnonne.<\/p>","protected":false},"author":1,"featured_media":0,"parent":0,"menu_order":0,"comment_status":"closed","ping_status":"closed","template":"","meta":{"footnotes":""},"class_list":["post-183","page","type-page","status-publish","hentry"],"_links":{"self":[{"href":"https:\/\/tenutapadi.it\/es\/wp-json\/wp\/v2\/pages\/183","targetHints":{"allow":["GET"]}}],"collection":[{"href":"https:\/\/tenutapadi.it\/es\/wp-json\/wp\/v2\/pages"}],"about":[{"href":"https:\/\/tenutapadi.it\/es\/wp-json\/wp\/v2\/types\/page"}],"author":[{"embeddable":true,"href":"https:\/\/tenutapadi.it\/es\/wp-json\/wp\/v2\/users\/1"}],"replies":[{"embeddable":true,"href":"https:\/\/tenutapadi.it\/es\/wp-json\/wp\/v2\/comments?post=183"}],"version-history":[{"count":78,"href":"https:\/\/tenutapadi.it\/es\/wp-json\/wp\/v2\/pages\/183\/revisions"}],"predecessor-version":[{"id":778,"href":"https:\/\/tenutapadi.it\/es\/wp-json\/wp\/v2\/pages\/183\/revisions\/778"}],"wp:attachment":[{"href":"https:\/\/tenutapadi.it\/es\/wp-json\/wp\/v2\/media?parent=183"}],"curies":[{"name":"wp","href":"https:\/\/api.w.org\/{rel}","templated":true}]}}