{"id":76,"date":"2020-10-30T01:36:23","date_gmt":"2020-10-30T00:36:23","guid":{"rendered":"https:\/\/tenutapadi.it\/?page_id=76"},"modified":"2025-01-31T17:45:06","modified_gmt":"2025-01-31T16:45:06","slug":"minoristas","status":"publish","type":"page","link":"https:\/\/tenutapadi.it\/es\/minoristas\/","title":{"rendered":"Operadores HO.RE.CA"},"content":{"rendered":"<div class=\"wp-block-columns is-layout-flex wp-container-core-columns-is-layout-9d6595d7 wp-block-columns-is-layout-flex\">\n<div class=\"wp-block-column is-vertically-aligned-center is-layout-flow wp-block-column-is-layout-flow\" style=\"flex-basis:40%\">\n<figure class=\"wp-block-image size-large\"><img width=\"627\" height=\"726\" data-src=\"https:\/\/tenutapadi.it\/wp-content\/uploads\/2020\/10\/localization.png\" alt=\"\" class=\"wp-image-79 lazyload bwa-img\" srcset=\"https:\/\/tenutapadi.it\/wp-content\/uploads\/2020\/10\/localization.png 627w, https:\/\/tenutapadi.it\/wp-content\/uploads\/2020\/10\/localization-259x300.png 259w\" sizes=\"(max-width: 627px) 100vw, 627px\" \/><\/figure>\n<\/div>\n\n\n\n<div class=\"wp-block-column is-layout-flow wp-block-column-is-layout-flow\" style=\"flex-basis:66.66%\">\n<div class=\"wp-block-columns is-layout-flex wp-container-core-columns-is-layout-9d6595d7 wp-block-columns-is-layout-flex\">\n<div class=\"wp-block-column is-layout-flow wp-block-column-is-layout-flow\" style=\"flex-basis:60%\">\n<div class=\"wp-block-columns margin-bottom0 is-layout-flex wp-container-core-columns-is-layout-9d6595d7 wp-block-columns-is-layout-flex\">\n<div class=\"wp-block-column is-layout-flow wp-block-column-is-layout-flow\">\n<figure class=\"wp-block-image size-large\"><img width=\"512\" height=\"512\" data-src=\"https:\/\/tenutapadi.it\/wp-content\/uploads\/2020\/11\/logo-512x512.png\" alt=\"\" class=\"wp-image-362 lazyload bwa-img\" srcset=\"https:\/\/tenutapadi.it\/wp-content\/uploads\/2020\/11\/logo.png 512w, https:\/\/tenutapadi.it\/wp-content\/uploads\/2020\/11\/logo-100x100.png 100w, https:\/\/tenutapadi.it\/wp-content\/uploads\/2020\/11\/logo-150x150.png 150w, https:\/\/tenutapadi.it\/wp-content\/uploads\/2020\/11\/logo-300x300.png 300w, https:\/\/tenutapadi.it\/wp-content\/uploads\/2020\/11\/logo-360x360.png 360w\" sizes=\"(max-width: 512px) 100vw, 512px\" \/><\/figure>\n<\/div>\n\n\n\n<div class=\"wp-block-column is-layout-flow wp-block-column-is-layout-flow\"><\/div>\n<\/div>\n\n\n\n<p>EMPRESA AGR\u00cdCOLA TENUTA DIPAL SRL<br><br>PRODUCCI\u00d3N Y TRANSFORMACI\u00d3N DE PIMIENTO SENISE IGP<br>N\u00famero de IVA: 020 280 90765<br><br>C.da San Domenico Snc<br>Francavilla In Sinni (PZ) 85034 Italia<br><br>T.: <a rel=\"noreferrer noopener\" href=\"tel:+393282739699\" target=\"_blank\">+39 328 273 96 99<\/a><br>Correo electr\u00f3nico: <a rel=\"noreferrer noopener\" href=\"mailto:info@tenutapadi.it\" target=\"_blank\">info@tenutapadi.it<\/a><\/p>\n<\/div>\n<\/div>\n<\/div>\n<\/div>\n\n\n\n<h3 class=\"wp-block-heading extra-title\">Vis\u00edtenos<\/h3>\n\n\n\n<div style=\"height:30px\" aria-hidden=\"true\" class=\"wp-block-spacer\"><\/div>\n\n\n\n<div class=\"wp-block-group super-row ghost-row\"><div class=\"wp-block-group__inner-container is-layout-flow wp-block-group-is-layout-flow\">            <iframe width=\"100%\" style=\"height: 65vh;\" frameborder=\"0\" src=\"https:\/\/www.google.com\/maps\/embed\/v1\/place?q=C\/da+san+domenico+,+85034,+Francavilla+in+Sinni+PZ&zoom=14&key=AIzaSyBSXzZzk5oa-M_B_s5nUgZLAmnY4sR3tqM\" \n                allowfullscreen><\/iframe> \n        \n<\/div><\/div>","protected":false},"excerpt":{"rendered":"<p>Lo Shop \u00e8 riservato al consumatore finale.<br \/>\nSi es usted un operador profesional del sector HO.RE.CA, env\u00ede una solicitud por correo electr\u00f3nico para recibir su lista de precios<\/p>","protected":false},"author":1,"featured_media":24,"parent":0,"menu_order":0,"comment_status":"closed","ping_status":"closed","template":"page-templates\/presentazione.php","meta":{"footnotes":""},"class_list":["post-76","page","type-page","status-publish","has-post-thumbnail","hentry"],"_links":{"self":[{"href":"https:\/\/tenutapadi.it\/es\/wp-json\/wp\/v2\/pages\/76","targetHints":{"allow":["GET"]}}],"collection":[{"href":"https:\/\/tenutapadi.it\/es\/wp-json\/wp\/v2\/pages"}],"about":[{"href":"https:\/\/tenutapadi.it\/es\/wp-json\/wp\/v2\/types\/page"}],"author":[{"embeddable":true,"href":"https:\/\/tenutapadi.it\/es\/wp-json\/wp\/v2\/users\/1"}],"replies":[{"embeddable":true,"href":"https:\/\/tenutapadi.it\/es\/wp-json\/wp\/v2\/comments?post=76"}],"version-history":[{"count":19,"href":"https:\/\/tenutapadi.it\/es\/wp-json\/wp\/v2\/pages\/76\/revisions"}],"predecessor-version":[{"id":4595,"href":"https:\/\/tenutapadi.it\/es\/wp-json\/wp\/v2\/pages\/76\/revisions\/4595"}],"wp:featuredmedia":[{"embeddable":true,"href":"https:\/\/tenutapadi.it\/es\/wp-json\/wp\/v2\/media\/24"}],"wp:attachment":[{"href":"https:\/\/tenutapadi.it\/es\/wp-json\/wp\/v2\/media?parent=76"}],"curies":[{"name":"wp","href":"https:\/\/api.w.org\/{rel}","templated":true}]}}