{"id":183,"date":"2020-10-30T05:02:16","date_gmt":"2020-10-30T04:02:16","guid":{"rendered":"https:\/\/tenutapadi.it\/?page_id=183"},"modified":"2023-04-07T17:47:34","modified_gmt":"2023-04-07T15:47:34","slug":"nos-produits","status":"publish","type":"page","link":"https:\/\/tenutapadi.it\/fr\/nos-produits\/","title":{"rendered":"Nos produits"},"content":{"rendered":"<div class=\"wp-block-cover has-background-dim has-parallax super-row relative-bwa\" style=\"background-image:url(https:\/\/tenutapadi.it\/wp-content\/uploads\/2022\/01\/tenute-padi-004.jpg);min-height:600px;aspect-ratio:unset;\"><div class=\"wp-block-cover__inner-container is-layout-flow wp-block-cover-is-layout-flow\">\n<div class=\"wp-block-columns are-vertically-aligned-center padi-anchor is-layout-flex wp-container-core-columns-is-layout-9d6595d7 wp-block-columns-is-layout-flex\">\n<div class=\"wp-block-column is-vertically-aligned-center is-layout-flow wp-block-column-is-layout-flow\">\n<h2 class=\"has-text-align-center extra-title wp-block-heading\"><a class=\"anchor\" href=\"#peperoni-igp\"><span class=\"has-inline-color has-white-color\">Poivrons s\u00e9ch\u00e9s<br>de l'IGP de Senise<\/span><\/a><\/h2>\n<\/div>\n\n\n\n<div class=\"wp-block-column is-vertically-aligned-center is-layout-flow wp-block-column-is-layout-flow\">\n<h2 class=\"has-text-align-center wp-block-heading\">Nouvelle s\u00e9lection \u00e0 venir<\/h2>\n\n\n\n<figure class=\"wp-block-image size-full\"><a href=\"https:\/\/tenutapadi.it\/fr\/selections-gastronomiques\/\"><img width=\"512\" height=\"200\" data-src=\"https:\/\/tenutapadi.it\/wp-content\/uploads\/2023\/04\/gourmet_white-1.png\" alt=\"\" class=\"wp-image-765 lazyload bwa-img\" srcset=\"https:\/\/tenutapadi.it\/wp-content\/uploads\/2023\/04\/gourmet_white-1.png 512w, https:\/\/tenutapadi.it\/wp-content\/uploads\/2023\/04\/gourmet_white-1-300x117.png 300w\" sizes=\"(max-width: 512px) 100vw, 512px\" \/><\/a><\/figure>\n\n\n\n<div style=\"height:80px\" aria-hidden=\"true\" class=\"wp-block-spacer\"><\/div>\n<\/div>\n\n\n\n<div class=\"wp-block-column is-vertically-aligned-center is-layout-flow wp-block-column-is-layout-flow\">\n<h2 class=\"has-text-align-center extra-title wp-block-heading\"><a class=\"anchor\" href=\"#peperoni-cruschi\"><span class=\"has-inline-color has-white-color\">Poivrons <br>Cruschi<\/span><\/a><\/h2>\n<\/div>\n<\/div>\n<\/div><\/div>\n\n\n\n<div style=\"height:60px\" aria-hidden=\"true\" id=\"peperoni-igp\" class=\"wp-block-spacer\"><\/div>\n\n\n\n<div class=\"wp-block-columns relative-bwa z-index1 is-layout-flex wp-container-core-columns-is-layout-9d6595d7 wp-block-columns-is-layout-flex\">\n<div class=\"wp-block-column is-layout-flow wp-block-column-is-layout-flow\" style=\"flex-basis:50%\">\n<div class=\"wp-block-group\"><div class=\"wp-block-group__inner-container is-layout-flow wp-block-group-is-layout-flow\">\n<h3 class=\"extra-title h1 wp-block-heading\">Serte di peperoni di Senise IGP, les traditionnels \"colliers\" de poivrons s\u00e9ch\u00e9s de Lucanie<\/h3>\n\n\n\n<div class=\"wp-block-group padding30\"><div class=\"wp-block-group__inner-container is-layout-flow wp-block-group-is-layout-flow\">\n<div class=\"wp-block-columns is-layout-flex wp-container-core-columns-is-layout-9d6595d7 wp-block-columns-is-layout-flex\">\n<div class=\"wp-block-column is-layout-flow wp-block-column-is-layout-flow\" style=\"flex-basis:33.33%\">\n<figure class=\"wp-block-image size-large\"><img width=\"512\" height=\"512\" data-src=\"https:\/\/tenutapadi.it\/wp-content\/uploads\/2021\/03\/igp-512x512.png\" alt=\"\" class=\"wp-image-482 lazyload bwa-img\" srcset=\"https:\/\/tenutapadi.it\/wp-content\/uploads\/2021\/03\/igp.png 512w, https:\/\/tenutapadi.it\/wp-content\/uploads\/2021\/03\/igp-100x100.png 100w, https:\/\/tenutapadi.it\/wp-content\/uploads\/2021\/03\/igp-300x300.png 300w, https:\/\/tenutapadi.it\/wp-content\/uploads\/2021\/03\/igp-150x150.png 150w, https:\/\/tenutapadi.it\/wp-content\/uploads\/2021\/03\/igp-360x360.png 360w, https:\/\/tenutapadi.it\/wp-content\/uploads\/2021\/03\/igp-200x200.png 200w, https:\/\/tenutapadi.it\/wp-content\/uploads\/2021\/03\/igp-480x480.png 480w\" sizes=\"(max-width: 512px) 100vw, 512px\" \/><\/figure>\n<\/div>\n\n\n\n<div class=\"wp-block-column is-layout-flow wp-block-column-is-layout-flow\" style=\"flex-basis:66.66%\">\n<p>Le traditionnel \"collier\" lucanien de poivrons s\u00e9ch\u00e9s orne encore les ruelles et les hameaux du vieux centre de Senise, patrie de l'or rouge lucanien.<\/p>\n<\/div>\n<\/div>\n\n\n\n<p class=\"has-text-align-right font-alt-alt simple-link\"><a href=\"https:\/\/tenutapadi.it\/fr\/produit\/serta-di-peperoni-di-senise-igp\/\" data-type=\"product\" data-id=\"159\">Acheter<\/a><\/p>\n<\/div><\/div>\n<\/div><\/div>\n\n\n\n<div style=\"height:60px\" aria-hidden=\"true\" class=\"wp-block-spacer\"><\/div>\n\n\n\n<div class=\"wp-block-group\"><div class=\"wp-block-group__inner-container is-layout-flow wp-block-group-is-layout-flow\">\n<h3 class=\"extra-title h1 wp-block-heading\">Poivrons s\u00e9ch\u00e9s de Senise IGP en sachets<\/h3>\n\n\n\n<div class=\"wp-block-columns is-layout-flex wp-container-core-columns-is-layout-9d6595d7 wp-block-columns-is-layout-flex\">\n<div class=\"wp-block-column is-vertically-aligned-top is-layout-flow wp-block-column-is-layout-flow\" style=\"flex-basis:33.33%\">\n<div class=\"wp-block-image\"><figure class=\"aligncenter size-colsm3\"><a href=\"https:\/\/tenutapadi.it\/fr\/produit\/piments-senise-igp-seches\/\"><img width=\"480\" height=\"640\" data-src=\"https:\/\/tenutapadi.it\/wp-content\/uploads\/2020\/10\/Peperoni-secchi-di-Senise-IGP-confezione-1-480x640.png\" alt=\"\" class=\"wp-image-142 lazyload bwa-img\" srcset=\"https:\/\/tenutapadi.it\/wp-content\/uploads\/2020\/10\/Peperoni-secchi-di-Senise-IGP-confezione-1-480x640.png 480w, https:\/\/tenutapadi.it\/wp-content\/uploads\/2020\/10\/Peperoni-secchi-di-Senise-IGP-confezione-1-600x800.png 600w\" sizes=\"(max-width: 480px) 100vw, 480px\" \/><\/a><\/figure><\/div>\n<\/div>\n\n\n\n<div class=\"wp-block-column is-vertically-aligned-center is-layout-flow wp-block-column-is-layout-flow\" style=\"flex-basis:66.66%\">\n<div class=\"wp-block-group padding30\"><div class=\"wp-block-group__inner-container is-layout-flow wp-block-group-is-layout-flow\">\n<p>Un paquet pratique de poivrons de Senise IGP, s\u00e9ch\u00e9s dans le \"serte\" traditionnel et pr\u00eats \u00e0 \u00eatre cuisin\u00e9s et utilis\u00e9s dans la cuisine, dans les recettes traditionnelles lucaniennes ou celles de votre propre imagination.<\/p>\n\n\n\n<p>Ce n'est qu'apr\u00e8s avoir \u00e9t\u00e9 frits que les poivrons deviennent croustillants, d'o\u00f9 le nom \"cruschi\" : une texture irr\u00e9sistible qui les rend uniques !<\/p>\n\n\n\n<p>La serte permet de s\u00e9cher le poivre, qui perd beaucoup d'eau au cours de ce processus (un collier de 10 kg p\u00e8se 1 kg apr\u00e8s s\u00e9chage).<\/p>\n\n\n\n<p>Le produit est frit dans de l'huile d'olive extra vierge et sal\u00e9 pour enrichir et d\u00e9corer vos plats ou pour \u00eatre d\u00e9gust\u00e9 comme en-cas.<\/p>\n<\/div><\/div>\n<\/div>\n<\/div>\n<\/div><\/div>\n\n\n\n<p class=\"has-text-align-right font-alt-alt simple-link\"><a href=\"https:\/\/tenutapadi.it\/fr\/produit\/piments-senise-igp-seches\/\" data-type=\"product\" data-id=\"156\">Acheter<\/a><\/p>\n<\/div>\n\n\n\n<div class=\"wp-block-column is-layout-flow wp-block-column-is-layout-flow\" style=\"flex-basis:50%\">\n<figure class=\"wp-block-image size-full hidden-xs altered-move speed-high max-height-vh-50\"><a href=\"https:\/\/tenutapadi.it\/fr\/le-poivre-crusco\/\"><img width=\"832\" height=\"3197\" data-src=\"https:\/\/tenutapadi.it\/wp-content\/uploads\/2020\/10\/Serte-di-peperoni-di-Senise-IGP-PRECISO.png\" alt=\"\" class=\"wp-image-199 lazyload bwa-img\" srcset=\"https:\/\/tenutapadi.it\/wp-content\/uploads\/2020\/10\/Serte-di-peperoni-di-Senise-IGP-PRECISO.png 832w, https:\/\/tenutapadi.it\/wp-content\/uploads\/2020\/10\/Serte-di-peperoni-di-Senise-IGP-PRECISO-78x300.png 78w\" sizes=\"(max-width: 832px) 100vw, 832px\" \/><\/a><\/figure>\n<\/div>\n<\/div>\n\n\n\n<div class=\"wp-block-columns super-row ghost-row is-layout-flex wp-container-core-columns-is-layout-9d6595d7 wp-block-columns-is-layout-flex\">\n<div class=\"wp-block-column is-layout-flow wp-block-column-is-layout-flow\" style=\"flex-basis:66.66%\">\n<figure class=\"wp-block-image size-large\"><img width=\"1024\" height=\"648\" data-src=\"https:\/\/tenutapadi.it\/wp-content\/uploads\/2022\/01\/MG_0800-scaled-1707x1080-1-1024x648.jpg\" alt=\"\" class=\"wp-image-561 lazyload bwa-img\" srcset=\"https:\/\/tenutapadi.it\/wp-content\/uploads\/2022\/01\/MG_0800-scaled-1707x1080-1-1024x648.jpg 1024w, https:\/\/tenutapadi.it\/wp-content\/uploads\/2022\/01\/MG_0800-scaled-1707x1080-1-1200x759.jpg 1200w, https:\/\/tenutapadi.it\/wp-content\/uploads\/2022\/01\/MG_0800-scaled-1707x1080-1-300x190.jpg 300w, https:\/\/tenutapadi.it\/wp-content\/uploads\/2022\/01\/MG_0800-scaled-1707x1080-1.jpg 1707w\" sizes=\"(max-width: 1024px) 100vw, 1024px\" \/><\/figure>\n\n\n\n<div style=\"height:50px\" aria-hidden=\"true\" id=\"peperoni-cruschi\" class=\"wp-block-spacer\"><\/div>\n\n\n\n<div class=\"wp-block-group padded-content\"><div class=\"wp-block-group__inner-container is-layout-flow wp-block-group-is-layout-flow\">\n<h3 class=\"extra-title h1 wp-block-heading\">Peperoni cruschi en verre, frits dans l'huile EVO et pr\u00eats \u00e0 \u00eatre d\u00e9gust\u00e9s<\/h3>\n\n\n\n<figure class=\"wp-block-pullquote\"><blockquote><p>Le piment crusco, \"Zafaran crusk\" en dialecte lucanien, est un symbole de la tradition gastronomique lucanienne.<\/p><\/blockquote><\/figure>\n\n\n\n<div class=\"wp-block-group padding30\"><div class=\"wp-block-group__inner-container is-layout-flow wp-block-group-is-layout-flow\">\n<p>Les poivrons de Senise IGP sont frits dans de l'huile d'olive extra vierge et pr\u00eats \u00e0 \u00eatre d\u00e9gust\u00e9s.<br>Parfait \u00e0 l'ap\u00e9ritif ou au go\u00fbter et encore plus sublime pour accompagner les risottos, les soupes, les plats de p\u00e2tes et les plats principaux, qu'il s'agisse de viande ou de poisson.<\/p>\n\n\n\n<div style=\"height:50px\" aria-hidden=\"true\" class=\"wp-block-spacer\"><\/div>\n\n\n\n<p class=\"has-text-align-right font-alt-alt simple-link\"><a href=\"https:\/\/tenutapadi.it\/fr\/produit\/peperoni-cruschi-di-senise-igp-fritti\/\" data-type=\"product\" data-id=\"147\">Acheter<\/a><\/p>\n<\/div><\/div>\n<\/div><\/div>\n<\/div>\n\n\n\n<div class=\"wp-block-column is-vertically-aligned-bottom is-layout-flow wp-block-column-is-layout-flow\" style=\"flex-basis:33.33%\">\n<figure class=\"wp-block-image size-large\"><img width=\"1024\" height=\"1024\" data-src=\"https:\/\/tenutapadi.it\/wp-content\/uploads\/2022\/01\/barattoloGrande-1024x1024-1-1024x1024.png\" alt=\"\" class=\"wp-image-558 lazyload bwa-img\" srcset=\"https:\/\/tenutapadi.it\/wp-content\/uploads\/2022\/01\/barattoloGrande-1024x1024-1.png 1024w, https:\/\/tenutapadi.it\/wp-content\/uploads\/2022\/01\/barattoloGrande-1024x1024-1-100x100.png 100w, https:\/\/tenutapadi.it\/wp-content\/uploads\/2022\/01\/barattoloGrande-1024x1024-1-150x150.png 150w, https:\/\/tenutapadi.it\/wp-content\/uploads\/2022\/01\/barattoloGrande-1024x1024-1-300x300.png 300w, https:\/\/tenutapadi.it\/wp-content\/uploads\/2022\/01\/barattoloGrande-1024x1024-1-960x960.png 960w, https:\/\/tenutapadi.it\/wp-content\/uploads\/2022\/01\/barattoloGrande-1024x1024-1-360x360.png 360w\" sizes=\"(max-width: 1024px) 100vw, 1024px\" \/><\/figure>\n<\/div>\n<\/div>\n\n\n\n<div class=\"wp-block-columns super-row ghost-row is-layout-flex wp-container-core-columns-is-layout-9d6595d7 wp-block-columns-is-layout-flex\">\n<div class=\"wp-block-column is-layout-flow wp-block-column-is-layout-flow\" style=\"flex-basis:66.66%\">\n<div class=\"wp-block-group padded-content\"><div class=\"wp-block-group__inner-container is-layout-flow wp-block-group-is-layout-flow\">\n<h3 class=\"extra-title h1 wp-block-heading\">Poudre de poivre de Senise IGP, \u00e9pice \u00e0 grain tr\u00e8s fin obtenue par broyage \u00e0 la pierre de poivrons s\u00e9ch\u00e9s<\/h3>\n\n\n\n<div class=\"wp-block-group padding30\"><div class=\"wp-block-group__inner-container is-layout-flow wp-block-group-is-layout-flow\">\n<p>L'\u00e9pice \u00e0 grain tr\u00e8s fin est obtenue par broyage \u00e0 la pierre de poivrons s\u00e9ch\u00e9s, apr\u00e8s traitement dans un four pour \u00e9liminer l'humidit\u00e9 r\u00e9siduelle.<br>Un condiment pour toutes les saisons et toutes les cr\u00e9ations sur la table.<br>Essayez-le \u00e9galement dans la pr\u00e9paration de la glace au poivre de croisi\u00e8re !<\/p>\n\n\n\n<div style=\"height:50px\" aria-hidden=\"true\" class=\"wp-block-spacer\"><\/div>\n\n\n\n<p class=\"has-text-align-right font-alt-alt simple-link\"><a href=\"https:\/\/tenutapadi.it\/fr\/produit\/poivre-en-poudre-de-senise-igp\/\">Acheter<\/a><\/p>\n<\/div><\/div>\n<\/div><\/div>\n<\/div>\n\n\n\n<div class=\"wp-block-column is-vertically-aligned-bottom is-layout-flow wp-block-column-is-layout-flow\" style=\"flex-basis:33.33%\">\n<figure class=\"wp-block-image size-large\"><a href=\"https:\/\/tenutapadi.it\/fr\/produit\/poivre-en-poudre-de-senise-igp\/\"><img width=\"1024\" height=\"1024\" data-src=\"https:\/\/tenutapadi.it\/wp-content\/uploads\/2020\/10\/Peperoni-cruschi-polvere-1-1024x1024.png\" alt=\"\" class=\"wp-image-135 lazyload bwa-img\" srcset=\"https:\/\/tenutapadi.it\/wp-content\/uploads\/2020\/10\/Peperoni-cruschi-polvere-1-1024x1024.png 1024w, https:\/\/tenutapadi.it\/wp-content\/uploads\/2020\/10\/Peperoni-cruschi-polvere-1-100x100.png 100w, https:\/\/tenutapadi.it\/wp-content\/uploads\/2020\/10\/Peperoni-cruschi-polvere-1-1200x1200.png 1200w, https:\/\/tenutapadi.it\/wp-content\/uploads\/2020\/10\/Peperoni-cruschi-polvere-1-150x150.png 150w, https:\/\/tenutapadi.it\/wp-content\/uploads\/2020\/10\/Peperoni-cruschi-polvere-1-300x300.png 300w, https:\/\/tenutapadi.it\/wp-content\/uploads\/2020\/10\/Peperoni-cruschi-polvere-1-960x960.png 960w, https:\/\/tenutapadi.it\/wp-content\/uploads\/2020\/10\/Peperoni-cruschi-polvere-1-360x360.png 360w\" sizes=\"(max-width: 1024px) 100vw, 1024px\" \/><\/a><\/figure>\n<\/div>\n<\/div>\n\n\n\n<div style=\"height:85px\" aria-hidden=\"true\" class=\"wp-block-spacer\"><\/div>","protected":false},"excerpt":{"rendered":"<p>Tutte le fasi del ciclo produttivo fino al confezionamento avvengono rigorosamente in modo manuale, grazie alle sapienti mani dei nostri esperti contadini locali, veri e propri artigiani depositari dell\u2019antico segreto di lavorazione e trasformazione.<br \/>\nLa scelta dei barattoli in vetro deriva da un antico metodo contadino di conservazione, ampiamente utilizzato anche dalle nostre bisnonne.<\/p>","protected":false},"author":1,"featured_media":0,"parent":0,"menu_order":0,"comment_status":"closed","ping_status":"closed","template":"","meta":{"footnotes":""},"class_list":["post-183","page","type-page","status-publish","hentry"],"_links":{"self":[{"href":"https:\/\/tenutapadi.it\/fr\/wp-json\/wp\/v2\/pages\/183","targetHints":{"allow":["GET"]}}],"collection":[{"href":"https:\/\/tenutapadi.it\/fr\/wp-json\/wp\/v2\/pages"}],"about":[{"href":"https:\/\/tenutapadi.it\/fr\/wp-json\/wp\/v2\/types\/page"}],"author":[{"embeddable":true,"href":"https:\/\/tenutapadi.it\/fr\/wp-json\/wp\/v2\/users\/1"}],"replies":[{"embeddable":true,"href":"https:\/\/tenutapadi.it\/fr\/wp-json\/wp\/v2\/comments?post=183"}],"version-history":[{"count":78,"href":"https:\/\/tenutapadi.it\/fr\/wp-json\/wp\/v2\/pages\/183\/revisions"}],"predecessor-version":[{"id":778,"href":"https:\/\/tenutapadi.it\/fr\/wp-json\/wp\/v2\/pages\/183\/revisions\/778"}],"wp:attachment":[{"href":"https:\/\/tenutapadi.it\/fr\/wp-json\/wp\/v2\/media?parent=183"}],"curies":[{"name":"wp","href":"https:\/\/api.w.org\/{rel}","templated":true}]}}