{"id":1002,"date":"2024-03-03T22:23:40","date_gmt":"2024-03-03T21:23:40","guid":{"rendered":"https:\/\/tenutapadi.it\/?post_type=product&#038;p=1002"},"modified":"2026-01-22T10:58:57","modified_gmt":"2026-01-22T09:58:57","slug":"creme-de-poivrons-chondicrusco","status":"publish","type":"product","link":"https:\/\/tenutapadi.it\/fr\/produit\/creme-de-poivrons-chondicrusco\/","title":{"rendered":"Tenuta Pad\u00ec CondiCrusco | Crema di Peperoni Cruschi di Senise IGP | Lucano condiment"},"content":{"rendered":"<p><strong>LE CONDIMENT LUCANIEN<\/strong><\/p>\n<p>La <strong>cr\u00e8me de poivrons<\/strong> par <strong>IGP de Senise<\/strong> est un d\u00e9lice gastronomique parfait pour assaisonner les bruschetta ou les plats de p\u00e2tes, enrichissant chaque pr\u00e9paration de son parfum. <strong>go\u00fbt fort et savoureux<\/strong>. Fabriqu\u00e9 exclusivement \u00e0 partir de <strong>poivrons de l'IGP de Senise<\/strong>cette <strong>cr\u00e8me<\/strong> encapsule tous les <strong>richesse des ar\u00f4mes du lucan<\/strong>i dans un <strong>texture velout\u00e9e et irr\u00e9sistible<\/strong>.<\/p>\n<p><strong>UNE RECETTE TRADITIONNELLE<\/strong><\/p>\n<p>La <strong>artisanat<\/strong>Enti\u00e8rement fait \u00e0 la main et sous l'\u0153il vigilant de l'homme, il garantit que chaque \u00e9tape du processus est respect\u00e9e. <strong>d\u00e9tails infimes<\/strong>. Cette <strong>m\u00e9thode traditionnelle<\/strong> permet d'obtenir une confiture savoureuse et go\u00fbteuse comme celles d'antan, tout en conservant les propri\u00e9t\u00e9s organoleptiques de l'huile d'olive. <strong>poivrons frais<\/strong>.<\/p>\n<p>Chaque pot de cr\u00e8me de poivre de Senise IGP est le r\u00e9sultat d'une combinaison parfaite de la qualit\u00e9 de la cr\u00e8me de poivre de Senise IGP. <strong>mati\u00e8re premi\u00e8re<\/strong> et de l'artisanat, offrant un produit <strong>authentique<\/strong> e <strong>authentique<\/strong>capable de faire de chaque plat une exp\u00e9rience <strong>culinaire unique<\/strong>.<\/p>\n<p>\u00c9CH\u00c9ANCE 12 MOIS<\/p>\n<p><span style=\"font-weight: 400;\">TENUTA PAD\u00cc :<\/span><b> Cultiver avec amour<\/b><\/p>\n<p><b>UN AMOUR ROUGE LUCANIEN<\/b><span style=\"font-weight: 400;\"> \u2764<\/span><\/p>\n<p><span style=\"font-weight: 400;\">La Tenuta Pad\u00ec, gardienne de l'or rouge de Lucanie, c\u00e9l\u00e8bre sous toutes ses formes l'excellence de l'IGP Senise : Sa Majest\u00e9 le Peperone Crusco.<\/span><\/p>\n<p><b>LE ROI DE NOTRE CUISINE<\/b><span style=\"font-weight: 400;\"> \ud83d\udc51\ud83c\udf36<\/span><\/p>\n<p><span style=\"font-weight: 400;\">Doux, croquant, de couleur rouge pourpre et \u00e0 la chair tr\u00e8s fine. Ce sont ces caract\u00e9ristiques qui rendent le poivron crusco, en dialecte lucanien \"Zafaran crusk\", unique.<\/span><\/p>\n<p><b>LA QUALIT\u00c9 SANS COMPROMIS<\/b><span style=\"font-weight: 400;\"> \ud83c\udf1f<\/span><\/p>\n<p><span style=\"font-weight: 400;\">Chaque \u00e9tape du processus, de la culture \u00e0 la transformation, nous concerne directement.<\/span><\/p>\n<p><span style=\"font-weight: 400;\">La Tenuta Pad\u00ec s\u00e9lectionne les meilleures semences uniquement \u00e0 partir de plantes n\u00e9es dans la zone IGP.<\/span><\/p>\n<p><span style=\"font-weight: 400;\">Le repiquage des plants et la r\u00e9colte des baies se font \u00e0 la main.<\/span><\/p>\n<p><span style=\"font-weight: 400;\">Le s\u00e9chage se fait naturellement dans une serre sans l'aide de moyens m\u00e9caniques.<\/span><\/p>\n<p><b>VOUS TOMBEREZ AMOUREUX D\u00c8S LE PREMIER COUP DE PINCEAU<\/b><span style=\"font-weight: 400;\"> \ud83d\ude0d<\/span><\/p>\n<p><span style=\"font-weight: 400;\">Seules les meilleures baies, d\u00e9barrass\u00e9es de toutes leurs graines, sont s\u00e9lectionn\u00e9es pour \u00eatre tremp\u00e9es dans notre propre huile d'olive extra vierge 100% Bio de Lucanie. Seulement de l'amour, du soin et des ingr\u00e9dients de qualit\u00e9 sup\u00e9rieure, sans compromis.<\/span><\/p>\n<p>&nbsp;<\/p>","protected":false},"excerpt":{"rendered":"<p class=\"p1\"><span class=\"s1\">Cr\u00e8me de poivrons de Senise IGP, excellente pour assaisonner la bruschetta ou les plats de p\u00e2tes, avec une saveur forte et savoureuse.<\/span><\/p>\n<p>Tout le processus se fait \u00e0 la main, sous l'\u0153il vigilant de l'homme, et c'est ainsi que l'on obtient une confiture savoureuse et go\u00fbteuse, comme celle d'antan.<\/p>","protected":false},"featured_media":1105,"comment_status":"closed","ping_status":"closed","template":"","meta":[],"product_brand":[],"product_cat":[41,32,39],"product_tag":[],"class_list":{"0":"post-1002","1":"product","2":"type-product","3":"status-publish","4":"has-post-thumbnail","6":"product_cat-le-selezioni-gourmet","7":"product_cat-le-conserve-di-tenuta-padi","8":"product_cat-fantasiosi","10":"first","11":"instock","12":"sale","13":"taxable","14":"shipping-taxable","15":"purchasable","16":"product-type-variable"},"_links":{"self":[{"href":"https:\/\/tenutapadi.it\/fr\/wp-json\/wp\/v2\/product\/1002","targetHints":{"allow":["GET"]}}],"collection":[{"href":"https:\/\/tenutapadi.it\/fr\/wp-json\/wp\/v2\/product"}],"about":[{"href":"https:\/\/tenutapadi.it\/fr\/wp-json\/wp\/v2\/types\/product"}],"replies":[{"embeddable":true,"href":"https:\/\/tenutapadi.it\/fr\/wp-json\/wp\/v2\/comments?post=1002"}],"wp:featuredmedia":[{"embeddable":true,"href":"https:\/\/tenutapadi.it\/fr\/wp-json\/wp\/v2\/media\/1105"}],"wp:attachment":[{"href":"https:\/\/tenutapadi.it\/fr\/wp-json\/wp\/v2\/media?parent=1002"}],"wp:term":[{"taxonomy":"product_brand","embeddable":true,"href":"https:\/\/tenutapadi.it\/fr\/wp-json\/wp\/v2\/product_brand?post=1002"},{"taxonomy":"product_cat","embeddable":true,"href":"https:\/\/tenutapadi.it\/fr\/wp-json\/wp\/v2\/product_cat?post=1002"},{"taxonomy":"product_tag","embeddable":true,"href":"https:\/\/tenutapadi.it\/fr\/wp-json\/wp\/v2\/product_tag?post=1002"}],"curies":[{"name":"wp","href":"https:\/\/api.w.org\/{rel}","templated":true}]}}