{"id":2117,"date":"2025-01-18T12:09:45","date_gmt":"2025-01-18T11:09:45","guid":{"rendered":"https:\/\/tenutapadi.it\/?post_type=product&#038;p=2117"},"modified":"2026-03-28T16:04:44","modified_gmt":"2026-03-28T15:04:44","slug":"tenuta-padi-crusco-di-senise-flocons-de-piment-igp","status":"publish","type":"product","link":"https:\/\/tenutapadi.it\/fr\/produit\/tenuta-padi-crusco-di-senise-flocons-de-piment-igp\/","title":{"rendered":"Tenuta Pad\u00ec Sweet Crusco di Senise IGP Flocons de piment doux 100 grammes - \u00c9pices artisanales de qualit\u00e9 non piquantes"},"content":{"rendered":"<p>&nbsp;<\/p>\n<h1>Peperoni Cruschi di Senise IGP en flocons - Sac de 100 grammes<\/h1>\n<p><strong>Tradition et go\u00fbt authentique<\/strong><\/p>\n<h2>Description du produit<\/h2>\n<p>R\u00e9colt\u00e9s au moment o\u00f9 ils sont parfaitement m\u00fbrs, les <strong>Peperoni Cruschi di Senise IGP<\/strong> sont s\u00e9ch\u00e9s \u00e0 l'aide d'un<br \/>\nLe processus de fabrication est naturel et lent, dans le respect des anciennes traditions lucaniennes. La transformation avec <strong>broyage de pierres<\/strong><br \/>\npr\u00e9serve les pr\u00e9cieuses propri\u00e9t\u00e9s organoleptiques, garantissant un produit de la plus haute qualit\u00e9.<\/p>\n<p>Le format en <strong>flocons<\/strong> offre une exp\u00e9rience gustative extraordinaire, en rehaussant \u00e0 la fois la saveur authentique et le go\u00fbt des aliments.<br \/>\nla texture unique du Peperone Crusco di Senise IGP. Parfait pour enrichir les salades, les entr\u00e9es et les accompagnements avec<br \/>\nLe produit peut \u00eatre utilis\u00e9 sans difficult\u00e9, en ajoutant une touche de saveur intense et caract\u00e9ristique.<\/p>\n<h2>Caract\u00e9ristiques du produit<\/h2>\n<ul>\n<li><strong>Ingr\u00e9dients :<\/strong> Poivrons de Senise IGP Cruschi s\u00e9ch\u00e9s et moulus \u00e0 la meule de pierre.<\/li>\n<li><strong>Utilisation id\u00e9ale :<\/strong> Un condiment polyvalent pour les soupes, les entr\u00e9es et les accompagnements.<\/li>\n<li><strong>Conservation :<\/strong> Conserver dans un endroit frais et sec. Une fois ouvert, le produit conserve sa qualit\u00e9 jusqu'\u00e0 un an.<\/li>\n<\/ul>\n<h2>Pourquoi choisir l'IGP Peperoni Cruschi di Senise ?<\/h2>\n<p>Le traitement traditionnel, avec un gramme plus large lors du broyage, conf\u00e8re aux flocons un aspect plus doux.<br \/>\nUne texture parfaite pour rehausser chaque recette. D\u00e9couvrez l'excellence lucanienne directement sur votre table !<\/p>\n<p>&nbsp;<\/p>","protected":false},"excerpt":{"rendered":"<p>Peperoni Cruschi di Senise IGP en flocons dans un sachet de 100 grammes : tradition et go\u00fbt authentique<\/p>\n<p>Utilisation id\u00e9ale : condiment polyvalent pour les soupes, les entr\u00e9es et les accompagnements.<\/p>","protected":false},"featured_media":2118,"comment_status":"closed","ping_status":"closed","template":"","meta":[],"product_brand":[],"product_cat":[31,41,39],"product_tag":[],"class_list":{"0":"post-2117","1":"product","2":"type-product","3":"status-publish","4":"has-post-thumbnail","6":"product_cat-peperoni-di-senise-igp","7":"product_cat-le-selezioni-gourmet","8":"product_cat-fantasiosi","10":"first","11":"instock","12":"sale","13":"featured","14":"taxable","15":"shipping-taxable","16":"purchasable","17":"product-type-variable","18":"has-default-attributes"},"_links":{"self":[{"href":"https:\/\/tenutapadi.it\/fr\/wp-json\/wp\/v2\/product\/2117","targetHints":{"allow":["GET"]}}],"collection":[{"href":"https:\/\/tenutapadi.it\/fr\/wp-json\/wp\/v2\/product"}],"about":[{"href":"https:\/\/tenutapadi.it\/fr\/wp-json\/wp\/v2\/types\/product"}],"replies":[{"embeddable":true,"href":"https:\/\/tenutapadi.it\/fr\/wp-json\/wp\/v2\/comments?post=2117"}],"wp:featuredmedia":[{"embeddable":true,"href":"https:\/\/tenutapadi.it\/fr\/wp-json\/wp\/v2\/media\/2118"}],"wp:attachment":[{"href":"https:\/\/tenutapadi.it\/fr\/wp-json\/wp\/v2\/media?parent=2117"}],"wp:term":[{"taxonomy":"product_brand","embeddable":true,"href":"https:\/\/tenutapadi.it\/fr\/wp-json\/wp\/v2\/product_brand?post=2117"},{"taxonomy":"product_cat","embeddable":true,"href":"https:\/\/tenutapadi.it\/fr\/wp-json\/wp\/v2\/product_cat?post=2117"},{"taxonomy":"product_tag","embeddable":true,"href":"https:\/\/tenutapadi.it\/fr\/wp-json\/wp\/v2\/product_tag?post=2117"}],"curies":[{"name":"wp","href":"https:\/\/api.w.org\/{rel}","templated":true}]}}