{"id":403,"date":"2021-03-12T15:15:51","date_gmt":"2021-03-12T14:15:51","guid":{"rendered":"https:\/\/tenutapadi.it\/?post_type=product&#038;p=403"},"modified":"2026-03-30T20:55:32","modified_gmt":"2026-03-30T18:55:32","slug":"peperone-crusco-chocolat-noir","status":"publish","type":"product","link":"https:\/\/tenutapadi.it\/fr\/produit\/peperone-crusco-chocolat-noir\/","title":{"rendered":"Tenuta Pad\u00ec Peperone Cruschi di Senise IGP | enrob\u00e9 de chocolat noir | frit dans de l'huile d'olive extra vierge"},"content":{"rendered":"<p><strong>UNE RECETTE GOURMANDE<\/strong><\/p>\n<p>Poivrons de Senise IGP, d\u00e9j\u00e0 frits pour en augmenter le croquant et le go\u00fbt. <strong>saveur unique<\/strong>sont d\u00e9sormais enrob\u00e9s de chocolat noir, cr\u00e9ant ainsi une combinaison harmonieuse de saveurs et de textures. Ce produit <strong>gourmandise<\/strong> est parfait pour \u00eatre d\u00e9gust\u00e9 avec un bon rhum ou un whisky, en ajoutant une touche de douceur. <strong>l'\u00e9l\u00e9gance<\/strong> e <strong>raffinement<\/strong> \u00e0 la fin du repas.<\/p>\n<p>Emball\u00e9 <strong>en verre<\/strong> maintenir un <strong>conservation optimale<\/strong> e<\/p>\n<p>peuvent \u00eatre appr\u00e9ci\u00e9s plus longtemps. En pr\u00e9servant leur<strong> croustillant<\/strong> et leur<strong> go\u00fbt unique<\/strong>.<\/p>\n<p>La rencontre entre les <strong>saveur intense<\/strong> de poivrons frits et le <strong>douceur<\/strong> chocolat enveloppant <strong>fondant<\/strong> cr\u00e9e un<strong>exp\u00e9rience sensorielle<\/strong> inoubliable, capable de satisfaire les plus exigeants. <strong>les palais exigeants<\/strong>. Cet en-cas sucr\u00e9 est id\u00e9al pour cl\u00f4turer un d\u00eener de mani\u00e8re m\u00e9morable, en offrant une touche d'originalit\u00e9 et d'originalit\u00e9. <strong>moment de plaisir<\/strong> et se d\u00e9tendre apr\u00e8s chaque bouch\u00e9e. D\u00e9couvrez l'harmonie des saveurs avec les poivrons Senise IGP enrob\u00e9s de chocolat noir. <strong>D\u00e9licatesse italienne<\/strong> \u00e0 d\u00e9guster avec classe et go\u00fbt.<\/p>\n<p>\u00c9CH\u00c9ANCE 12 MOIS<\/p>\n<p><span style=\"font-weight: 400;\">TENUTA PAD\u00cc :<\/span><b> Cultiver avec amour<\/b><\/p>\n<p><b>UN AMOUR ROUGE LUCANIEN<\/b><span style=\"font-weight: 400;\"> \u2764<\/span><\/p>\n<p><span style=\"font-weight: 400;\">La Tenuta Pad\u00ec, gardienne de l'or rouge de Lucanie, c\u00e9l\u00e8bre sous toutes ses formes l'excellence de l'IGP Senise : Sa Majest\u00e9 le Peperone Crusco.<\/span><\/p>\n<p><b>LE ROI DE NOTRE CUISINE<\/b><span style=\"font-weight: 400;\"> \ud83d\udc51\ud83c\udf36<\/span><\/p>\n<p><span style=\"font-weight: 400;\">Doux, croquant, de couleur rouge pourpre et \u00e0 la chair tr\u00e8s fine. Ce sont ces caract\u00e9ristiques qui rendent le poivron crusco, en dialecte lucanien \"Zafaran crusk\", unique.<\/span><\/p>\n<p><b>LA QUALIT\u00c9 SANS COMPROMIS<\/b><span style=\"font-weight: 400;\"> \ud83c\udf1f<\/span><\/p>\n<p><span style=\"font-weight: 400;\">Chaque \u00e9tape du processus, de la culture \u00e0 la transformation, nous concerne directement.<\/span><\/p>\n<p><span style=\"font-weight: 400;\">La Tenuta Pad\u00ec s\u00e9lectionne les meilleures semences uniquement \u00e0 partir de plantes n\u00e9es dans la zone IGP.<\/span><\/p>\n<p><span style=\"font-weight: 400;\">Le repiquage des plants et la r\u00e9colte des baies se font \u00e0 la main.<\/span><\/p>\n<p><span style=\"font-weight: 400;\">Le s\u00e9chage se fait naturellement dans une serre sans l'aide de moyens m\u00e9caniques.<\/span><\/p>\n<p><b>VOUS TOMBEREZ AMOUREUX D\u00c8S LE PREMIER COUP DE PINCEAU<\/b><span style=\"font-weight: 400;\"> \ud83d\ude0d<\/span><\/p>\n<p><span style=\"font-weight: 400;\">Seules les meilleures baies, d\u00e9barrass\u00e9es de toutes leurs graines, sont s\u00e9lectionn\u00e9es pour \u00eatre tremp\u00e9es dans notre propre huile d'olive extra vierge 100% Bio de Lucanie. Seulement de l'amour, du soin et des ingr\u00e9dients de qualit\u00e9 sup\u00e9rieure, sans compromis.<\/span><\/p>","protected":false},"excerpt":{"rendered":"<p>Poivrons de Senise IGP frits et enrob\u00e9s de chocolat noir.<\/p>\n<p>A d\u00e9guster avec un bon rhum ou un whisky \u00e0 la fin d'un repas en guise d'en-cas sucr\u00e9.<\/p>","protected":false},"featured_media":552,"comment_status":"closed","ping_status":"closed","template":"","meta":[],"product_brand":[],"product_cat":[15,41,39],"product_tag":[],"class_list":{"0":"post-403","1":"product","2":"type-product","3":"status-publish","4":"has-post-thumbnail","6":"product_cat-peperoni-cruschi","7":"product_cat-le-selezioni-gourmet","8":"product_cat-fantasiosi","10":"first","11":"instock","12":"sale","13":"featured","14":"taxable","15":"shipping-taxable","16":"purchasable","17":"product-type-variable","18":"has-default-attributes"},"_links":{"self":[{"href":"https:\/\/tenutapadi.it\/fr\/wp-json\/wp\/v2\/product\/403","targetHints":{"allow":["GET"]}}],"collection":[{"href":"https:\/\/tenutapadi.it\/fr\/wp-json\/wp\/v2\/product"}],"about":[{"href":"https:\/\/tenutapadi.it\/fr\/wp-json\/wp\/v2\/types\/product"}],"replies":[{"embeddable":true,"href":"https:\/\/tenutapadi.it\/fr\/wp-json\/wp\/v2\/comments?post=403"}],"wp:featuredmedia":[{"embeddable":true,"href":"https:\/\/tenutapadi.it\/fr\/wp-json\/wp\/v2\/media\/552"}],"wp:attachment":[{"href":"https:\/\/tenutapadi.it\/fr\/wp-json\/wp\/v2\/media?parent=403"}],"wp:term":[{"taxonomy":"product_brand","embeddable":true,"href":"https:\/\/tenutapadi.it\/fr\/wp-json\/wp\/v2\/product_brand?post=403"},{"taxonomy":"product_cat","embeddable":true,"href":"https:\/\/tenutapadi.it\/fr\/wp-json\/wp\/v2\/product_cat?post=403"},{"taxonomy":"product_tag","embeddable":true,"href":"https:\/\/tenutapadi.it\/fr\/wp-json\/wp\/v2\/product_tag?post=403"}],"curies":[{"name":"wp","href":"https:\/\/api.w.org\/{rel}","templated":true}]}}