{"id":406,"date":"2021-03-12T15:17:48","date_gmt":"2021-03-12T14:17:48","guid":{"rendered":"https:\/\/tenutapadi.it\/?post_type=product&#038;p=406"},"modified":"2026-04-17T16:27:27","modified_gmt":"2026-04-17T14:27:27","slug":"piments-dans-lhuile-dolive-extra-vierge","status":"publish","type":"product","link":"https:\/\/tenutapadi.it\/fr\/produit\/piments-dans-lhuile-dolive-extra-vierge\/","title":{"rendered":"Tenuta Padi Peperoncino Lucano | \u00e0 l'huile d'olive extra vierge"},"content":{"rendered":"<p><strong>QU'EST-CE QUE C'EST ?<\/strong><\/p>\n<p>I <strong>Piments de Lucanie<\/strong> Apr\u00e8s avoir \u00e9t\u00e9 r\u00e9colt\u00e9s, ils sont plac\u00e9s en <strong>quelques jours<\/strong> \u00e0 <strong>sec<\/strong>,<\/p>\n<p>apr\u00e8s viennent <strong>d\u00e9chiquet\u00e9<\/strong> et a laiss\u00e9 <strong>reposer dans le sel<\/strong>,<\/p>\n<p>\u00e0 placer dans le <strong>pots<\/strong> avec<strong> huile d'olive extra vierge<\/strong>.<\/p>\n<p>\u00c9CH\u00c9ANCE 24 MOIS<\/p>\n<p><span style=\"font-weight: 400;\">TENUTA PAD\u00cc :<\/span><b> Cultiver avec amour<\/b><\/p>\n<p><b>UN AMOUR ROUGE LUCANIEN<\/b><span style=\"font-weight: 400;\"> \u2764<\/span><\/p>\n<p><span style=\"font-weight: 400;\">La Tenuta Pad\u00ec, gardienne de l'or rouge de Lucanie, c\u00e9l\u00e8bre sous toutes ses formes l'excellence de l'IGP Senise : Sa Majest\u00e9 le Peperone Crusco.<\/span><\/p>\n<p><b>LE ROI DE NOTRE CUISINE<\/b><span style=\"font-weight: 400;\"> \ud83d\udc51\ud83c\udf36<\/span><\/p>\n<p><span style=\"font-weight: 400;\">Doux, croquant, de couleur rouge pourpre et \u00e0 la chair tr\u00e8s fine. Ce sont ces caract\u00e9ristiques qui rendent le poivron crusco, en dialecte lucanien \"Zafaran crusk\", unique.<\/span><\/p>\n<p><b>LA QUALIT\u00c9 SANS COMPROMIS<\/b><span style=\"font-weight: 400;\"> \ud83c\udf1f<\/span><\/p>\n<p><span style=\"font-weight: 400;\">Chaque \u00e9tape du processus, de la culture \u00e0 la transformation, nous concerne directement.<\/span><\/p>\n<p><span style=\"font-weight: 400;\">La Tenuta Pad\u00ec s\u00e9lectionne les meilleures semences uniquement \u00e0 partir de plantes n\u00e9es dans la zone IGP.<\/span><\/p>\n<p><span style=\"font-weight: 400;\">Le repiquage des plants et la r\u00e9colte des baies se font \u00e0 la main.<\/span><\/p>\n<p><span style=\"font-weight: 400;\">Le s\u00e9chage se fait naturellement dans une serre sans l'aide de moyens m\u00e9caniques.<\/span><\/p>\n<p><b>VOUS TOMBEREZ AMOUREUX D\u00c8S LE PREMIER COUP DE PINCEAU<\/b><span style=\"font-weight: 400;\"> \ud83d\ude0d<\/span><\/p>\n<p><span style=\"font-weight: 400;\">Seules les meilleures baies, d\u00e9barrass\u00e9es de toutes leurs graines, sont s\u00e9lectionn\u00e9es pour \u00eatre tremp\u00e9es dans notre propre huile d'olive extra vierge 100% Bio de Lucanie. Seulement de l'amour, du soin et des ingr\u00e9dients de qualit\u00e9 sup\u00e9rieure, sans compromis.<\/span><\/p>","protected":false},"excerpt":{"rendered":"<p>Apr\u00e8s la r\u00e9colte, les piments sont mis \u00e0 s\u00e9cher pendant quelques jours. <strong>d\u00e9chiquet\u00e9<\/strong> et laiss\u00e9 reposer dans du sel, puis plac\u00e9 dans des bocaux avec <strong>huile d'olive extra vierge.<\/strong><\/p>","protected":false},"featured_media":397,"comment_status":"closed","ping_status":"closed","template":"","meta":[],"product_brand":[],"product_cat":[41,39],"product_tag":[],"class_list":{"0":"post-406","1":"product","2":"type-product","3":"status-publish","4":"has-post-thumbnail","6":"product_cat-le-selezioni-gourmet","7":"product_cat-fantasiosi","9":"first","10":"instock","11":"sale","12":"featured","13":"taxable","14":"shipping-taxable","15":"purchasable","16":"product-type-variable"},"_links":{"self":[{"href":"https:\/\/tenutapadi.it\/fr\/wp-json\/wp\/v2\/product\/406","targetHints":{"allow":["GET"]}}],"collection":[{"href":"https:\/\/tenutapadi.it\/fr\/wp-json\/wp\/v2\/product"}],"about":[{"href":"https:\/\/tenutapadi.it\/fr\/wp-json\/wp\/v2\/types\/product"}],"replies":[{"embeddable":true,"href":"https:\/\/tenutapadi.it\/fr\/wp-json\/wp\/v2\/comments?post=406"}],"wp:featuredmedia":[{"embeddable":true,"href":"https:\/\/tenutapadi.it\/fr\/wp-json\/wp\/v2\/media\/397"}],"wp:attachment":[{"href":"https:\/\/tenutapadi.it\/fr\/wp-json\/wp\/v2\/media?parent=406"}],"wp:term":[{"taxonomy":"product_brand","embeddable":true,"href":"https:\/\/tenutapadi.it\/fr\/wp-json\/wp\/v2\/product_brand?post=406"},{"taxonomy":"product_cat","embeddable":true,"href":"https:\/\/tenutapadi.it\/fr\/wp-json\/wp\/v2\/product_cat?post=406"},{"taxonomy":"product_tag","embeddable":true,"href":"https:\/\/tenutapadi.it\/fr\/wp-json\/wp\/v2\/product_tag?post=406"}],"curies":[{"name":"wp","href":"https:\/\/api.w.org\/{rel}","templated":true}]}}