{"id":424,"date":"2021-03-12T16:13:40","date_gmt":"2021-03-12T15:13:40","guid":{"rendered":"https:\/\/tenutapadi.it\/?post_type=product&#038;p=424"},"modified":"2025-12-03T13:30:27","modified_gmt":"2025-12-03T12:30:27","slug":"poivrons-cruschi-entiers-en-sachet-daluminium","status":"publish","type":"product","link":"https:\/\/tenutapadi.it\/fr\/produit\/poivrons-cruschi-entiers-en-sachet-daluminium\/","title":{"rendered":"Tenuta Pad\u00ec Peperoni Cruschi di Senise IGP Entier dans un sac en aluminium | D\u00e9j\u00e0 frit dans de l'huile extra vierge | Pr\u00eat \u00e0 consommer"},"content":{"rendered":"<p><strong>QU'EST-CE QUE C'EST ?<\/strong><\/p>\n<p>Notre <strong>des poivrons de l'IGP de Senise,<\/strong> <strong>d\u00e9j\u00e0 frit<\/strong> soigneusement dans <strong>huile vierge extra<\/strong> d'huile d'olive, ils sont pr\u00eats \u00e0 \u00eatre d\u00e9gust\u00e9s dans toute leur saveur. Ces poivrons, produits avec passion par nous \u00e0 <strong>Domaine de Pad\u00ec<\/strong>Ils font l'objet d'un processus m\u00e9ticuleux, de la terre \u00e0 l'emballage, garantissant une excellence in\u00e9gal\u00e9e \u00e0 chaque bouch\u00e9e.<\/p>\n<p><strong>LE SECRET DE LEUR GO\u00dbT<\/strong><\/p>\n<p>Le souci du d\u00e9tail <strong>d\u00e9tails<\/strong>nos poivrons conservent leur <strong>saveur authentique<\/strong> et le <strong>un croquant irr\u00e9sistible<\/strong>offrant une exp\u00e9rience culinaire unique et authentique. Id\u00e9ales \u00e0 l'ap\u00e9ritif ou au go\u00fbter, elles se pr\u00eatent \u00e0 toutes les occasions, apportant une touche d'originalit\u00e9. <strong>La tradition lucanienne<\/strong> \u00e0 votre table.<\/p>\n<p><strong>PR\u00caT \u00c0 \u00caTRE D\u00c9GUST\u00c9<\/strong><\/p>\n<p>Notre engagement en faveur de la qualit\u00e9 se refl\u00e8te \u00e0 chaque \u00e9tape du processus de production, ce qui garantit que chaque poivre conserve son aspect naturel. <strong>go\u00fbt distinctif<\/strong> et son <strong>une consistance parfaite<\/strong>. Sans aucune pr\u00e9paration n\u00e9cessaire, ils sont <strong>pr\u00eat<\/strong> \u00eatre <strong>appr\u00e9ci\u00e9 imm\u00e9diatement<\/strong>qui permet d'apporter facilement l'authenticit\u00e9 italienne \u00e0 votre table.<\/p>\n<p>Choisissez les poivrons IGP Senise de Tenuta Pad\u00ec pour transformer chaque plat en une exp\u00e9rience culinaire inoubliable, en enrichissant vos moments de convivialit\u00e9 avec le go\u00fbt inimitable de la tradition italienne.<\/p>\n<p>TENUTA PAD\u00cc :<strong> Cultiver avec amour<\/strong><\/p>\n<p><strong>UN AMOUR ROUGE LUCANIEN<\/strong>\u00a0\u2764<\/p>\n<p>La Tenuta Pad\u00ec, gardienne de l'or rouge de Lucanie, c\u00e9l\u00e8bre sous toutes ses formes l'excellence de l'IGP Senise : Sa Majest\u00e9 le Peperone Crusco.<\/p>\n<p><strong>LE ROI DE NOTRE CUISINE<\/strong>\u00a0\ud83d\udc51\ud83c\udf36<\/p>\n<p>Doux, croquant, de couleur rouge pourpre et \u00e0 la chair tr\u00e8s fine. Ce sont ces caract\u00e9ristiques qui rendent le poivron crusco, en dialecte lucanien \"Zafaran crusk\", unique.<\/p>\n<p><strong>LA QUALIT\u00c9 SANS COMPROMIS<\/strong>\u00a0\ud83c\udf1f<\/p>\n<p>Chaque \u00e9tape du processus, de la culture \u00e0 la transformation, nous concerne directement.<\/p>\n<p>La Tenuta Pad\u00ec s\u00e9lectionne les meilleures semences uniquement \u00e0 partir de plantes n\u00e9es dans la zone IGP.<\/p>\n<p>Le repiquage des plants et la r\u00e9colte des baies se font \u00e0 la main.<\/p>\n<p>Le s\u00e9chage se fait naturellement dans une serre sans l'aide de moyens m\u00e9caniques.<\/p>\n<p><strong>VOUS TOMBEREZ AMOUREUX D\u00c8S LE PREMIER COUP DE PINCEAU<\/strong>\u00a0\ud83d\ude0d<\/p>\n<p>Seules les meilleures baies, d\u00e9barrass\u00e9es de toutes leurs graines, sont s\u00e9lectionn\u00e9es pour \u00eatre tremp\u00e9es dans notre propre huile d'olive extra vierge 100% Bio de Lucanie. Seulement de l'amour, du soin et des ingr\u00e9dients de qualit\u00e9 sup\u00e9rieure, sans compromis.<\/p>","protected":false},"excerpt":{"rendered":"<p><span data-doc-id=\"8048521000001312001\" data-doc-type=\"writer\">Les poivrons de Senise IGP sont frits dans de l'huile d'olive extra vierge et pr\u00eats \u00e0 \u00eatre d\u00e9gust\u00e9s.<\/span><br class=\"zw-br\" \/>Parfait pour l'ap\u00e9ritif ou le go\u00fbter.<\/p>","protected":false},"featured_media":569,"comment_status":"closed","ping_status":"closed","template":"","meta":[],"product_brand":[],"product_cat":[15,31],"product_tag":[],"class_list":{"0":"post-424","1":"product","2":"type-product","3":"status-publish","4":"has-post-thumbnail","6":"product_cat-peperoni-cruschi","7":"product_cat-peperoni-di-senise-igp","9":"first","10":"instock","11":"sale","12":"featured","13":"taxable","14":"shipping-taxable","15":"purchasable","16":"product-type-variable"},"_links":{"self":[{"href":"https:\/\/tenutapadi.it\/fr\/wp-json\/wp\/v2\/product\/424","targetHints":{"allow":["GET"]}}],"collection":[{"href":"https:\/\/tenutapadi.it\/fr\/wp-json\/wp\/v2\/product"}],"about":[{"href":"https:\/\/tenutapadi.it\/fr\/wp-json\/wp\/v2\/types\/product"}],"replies":[{"embeddable":true,"href":"https:\/\/tenutapadi.it\/fr\/wp-json\/wp\/v2\/comments?post=424"}],"wp:featuredmedia":[{"embeddable":true,"href":"https:\/\/tenutapadi.it\/fr\/wp-json\/wp\/v2\/media\/569"}],"wp:attachment":[{"href":"https:\/\/tenutapadi.it\/fr\/wp-json\/wp\/v2\/media?parent=424"}],"wp:term":[{"taxonomy":"product_brand","embeddable":true,"href":"https:\/\/tenutapadi.it\/fr\/wp-json\/wp\/v2\/product_brand?post=424"},{"taxonomy":"product_cat","embeddable":true,"href":"https:\/\/tenutapadi.it\/fr\/wp-json\/wp\/v2\/product_cat?post=424"},{"taxonomy":"product_tag","embeddable":true,"href":"https:\/\/tenutapadi.it\/fr\/wp-json\/wp\/v2\/product_tag?post=424"}],"curies":[{"name":"wp","href":"https:\/\/api.w.org\/{rel}","templated":true}]}}