{"id":4597,"date":"2025-02-01T17:44:31","date_gmt":"2025-02-01T16:44:31","guid":{"rendered":"https:\/\/tenutapadi.it\/?post_type=product&#038;p=4597"},"modified":"2026-04-19T12:47:02","modified_gmt":"2026-04-19T10:47:02","slug":"padi-estate-taralli-faits-a-la-main-avec-du-peperone-crusco-di-senise-igp-et-de-la-semoule-de-ble-dur-senatore-cappelli","status":"publish","type":"product","link":"https:\/\/tenutapadi.it\/fr\/produit\/padi-estate-taralli-faits-a-la-main-avec-du-peperone-crusco-di-senise-igp-et-de-la-semoule-de-ble-dur-senatore-cappelli\/","title":{"rendered":"Tenuta Pad\u00ec Taralli al Peperone Crusco di Senise Igp fait \u00e0 la main avec la semoule de bl\u00e9 dur Senatore Cappelli"},"content":{"rendered":"<p>D\u00c9COUVRIR LE PRODUIT<\/p>\n<p>Les Taralli Artigianali al Peperone Crusco di Senise IGP sont une v\u00e9ritable excellence gastronomique, fabriqu\u00e9s \u00e0 la main un par un et cuits selon une recette ancienne. La combinaison de la saveur incomparable du poivre de Senise IGP et du parfum de la semoule de bl\u00e9 dur Senatore Cappelli cr\u00e9e une exp\u00e9rience gustative unique : croquante, authentique et riche en traditions. Parfaites pour accompagner les ap\u00e9ritifs, les fromages et les charcuteries, elles offrent \u00e0 chaque bouch\u00e9e un voyage dans les saveurs authentiques du sud de l'Italie.<\/p>\n<p><strong>Format 150 grammes<\/strong><\/p>\n<p>DE NOTRE TERRE \u00c0 VOTRE TABLE<\/p>\n<p>Chaque ingr\u00e9dient est soigneusement s\u00e9lectionn\u00e9 et fabriqu\u00e9 \u00e0 la main afin de pr\u00e9server ses qualit\u00e9s organoleptiques. Le poivre de Senise IGP, cueilli \u00e0 la main au stade de maturit\u00e9 parfait, est associ\u00e9 \u00e0 l'huile d'olive extra vierge, au vin et \u00e0 la farine pour cr\u00e9er des taralli parfum\u00e9s et irr\u00e9sistibles. La cuisson renforce le croquant naturel, ce qui les rend parfaits pour toutes les occasions.<\/p>\n<p>UNE R\u00c9VOLUTION POUR VOTRE PALAIS<\/p>\n<p>Id\u00e9aux pour ceux qui aiment d\u00e9couvrir des saveurs authentiques, nos taralli sont parfaits pour \u00eatre d\u00e9gust\u00e9s seuls, en combinaison avec des fromages affin\u00e9s ou comme savoureux accompagnement d'un ap\u00e9ritif gastronomique. Le Peperone Crusco di Senise IGP leur conf\u00e8re une couleur vive et une saveur \u00e9quilibr\u00e9e entre douceur et aromaticit\u00e9, faisant de chaque bouch\u00e9e une exp\u00e9rience inoubliable.<\/p>\n<p>TENUTA PAD\u00cc : Grandir avec amour<\/p>\n<p>\u2764\ufe0f UN AMOUR ROUGE LUCANIEN<\/p>\n<p>Tenuta Pad\u00ec c\u00e9l\u00e8bre l'excellence du Peperone Crusco di Senise IGP, symbole authentique de la tradition gastronomique lucanienne.<\/p>\n<p>\ud83d\udc51 LE ROI DE NOTRE CUISINE<\/p>\n<p>Croquant, sucr\u00e9 et d'une couleur rouge pourpre caract\u00e9ristique, le Peperone Crusco, en dialecte lucanien \"Zafaran Crusk\", est l'ingr\u00e9dient qui rend nos taralli uniques.<\/p>\n<p>\ud83c\udf1f LA QUALIT\u00c9 SANS COMPROMIS<\/p>\n<p>Chaque \u00e9tape de la production est soign\u00e9e dans les moindres d\u00e9tails : de la s\u00e9lection des semences des meilleures plantes de la zone IGP \u00e0 la r\u00e9colte manuelle, en passant par la transformation artisanale. Pas de compromis, seulement des ingr\u00e9dients de premi\u00e8re qualit\u00e9 et un traitement respectueux de la tradition.<\/p>\n<p>\ud83d\ude0d YOU'LL FALL IN LOVE AT FIRST CRUNCH<\/p>\n<p>Croquants, parfum\u00e9s et irr\u00e9sistibles : nos Taralli al Peperone Crusco di Senise IGP sont l'\u00e9quilibre parfait entre go\u00fbt et tradition. Savourez-les et laissez-vous conqu\u00e9rir !<\/p>","protected":false},"excerpt":{"rendered":"<p>D\u00e9couvrez le go\u00fbt authentique de la tradition avec notre <strong>Taralli al Peperone Crusco di Senise IGP<\/strong>une explosion de saveurs qui raconte l'histoire et la culture de la Basilicate. Fabriqu\u00e9 <strong>artisanal<\/strong>Ces taralli sont le r\u00e9sultat d'un traitement lent et m\u00e9ticuleux, comme le veut l'ancienne tradition. Ils sont fabriqu\u00e9s un par un, avec des ingr\u00e9dients s\u00e9lectionn\u00e9s de la plus haute qualit\u00e9.<\/p>\n<p>L'ingr\u00e9dient phare est le <strong>Peperone Crusco di Senise IGP<\/strong>une excellence lucanienne \u00e0 la saveur incomparable, qui donne aux taralli un go\u00fbt unique, l\u00e9g\u00e8rement sucr\u00e9 et aromatique, avec une irr\u00e9sistible note croquante. La cuisson a lieu <strong>strictement au four<\/strong>pour garantir parfum et l\u00e9g\u00e8ret\u00e9, sans compromis.<\/p>\n<p>Parfaits \u00e0 d\u00e9guster \u00e0 tout moment de la journ\u00e9e, nos taralli sont id\u00e9aux pour un ap\u00e9ritif gourmand, \u00e0 accompagner de fromage, de charcuterie et d'un bon verre de vin. <strong>Essayez-les et laissez-vous conqu\u00e9rir par la v\u00e9ritable tradition lucanienne !<\/strong><\/p>\n<p>Format 150 grammes<\/p>","protected":false},"featured_media":4602,"comment_status":"closed","ping_status":"closed","template":"","meta":[],"product_brand":[],"product_cat":[41,39],"product_tag":[],"class_list":{"0":"post-4597","1":"product","2":"type-product","3":"status-publish","4":"has-post-thumbnail","6":"product_cat-le-selezioni-gourmet","7":"product_cat-fantasiosi","9":"first","10":"instock","11":"sale","12":"featured","13":"taxable","14":"shipping-taxable","15":"purchasable","16":"product-type-variable","17":"has-default-attributes"},"_links":{"self":[{"href":"https:\/\/tenutapadi.it\/fr\/wp-json\/wp\/v2\/product\/4597","targetHints":{"allow":["GET"]}}],"collection":[{"href":"https:\/\/tenutapadi.it\/fr\/wp-json\/wp\/v2\/product"}],"about":[{"href":"https:\/\/tenutapadi.it\/fr\/wp-json\/wp\/v2\/types\/product"}],"replies":[{"embeddable":true,"href":"https:\/\/tenutapadi.it\/fr\/wp-json\/wp\/v2\/comments?post=4597"}],"wp:featuredmedia":[{"embeddable":true,"href":"https:\/\/tenutapadi.it\/fr\/wp-json\/wp\/v2\/media\/4602"}],"wp:attachment":[{"href":"https:\/\/tenutapadi.it\/fr\/wp-json\/wp\/v2\/media?parent=4597"}],"wp:term":[{"taxonomy":"product_brand","embeddable":true,"href":"https:\/\/tenutapadi.it\/fr\/wp-json\/wp\/v2\/product_brand?post=4597"},{"taxonomy":"product_cat","embeddable":true,"href":"https:\/\/tenutapadi.it\/fr\/wp-json\/wp\/v2\/product_cat?post=4597"},{"taxonomy":"product_tag","embeddable":true,"href":"https:\/\/tenutapadi.it\/fr\/wp-json\/wp\/v2\/product_tag?post=4597"}],"curies":[{"name":"wp","href":"https:\/\/api.w.org\/{rel}","templated":true}]}}