{"id":5245,"date":"2025-08-29T23:04:34","date_gmt":"2025-08-29T21:04:34","guid":{"rendered":"https:\/\/tenutapadi.it\/?post_type=product&#038;p=5245"},"modified":"2026-01-11T18:28:41","modified_gmt":"2026-01-11T17:28:41","slug":"melanzana-bianca-di-senise-pat-in-olio-evo-melanzana-in-olio-extra-vergine-di-oliva-con-origano-del-pollino-e-menta-selvatica-tenuta-padi","status":"publish","type":"product","link":"https:\/\/tenutapadi.it\/fr\/produit\/melanzana-bianca-di-senise-pat-in-olio-evo-melanzana-in-olio-extra-vergine-di-oliva-con-origano-del-pollino-e-menta-selvatica-tenuta-padi\/","title":{"rendered":"Senise blanche PAT aubergine \u00e0 l'huile EVO | aubergine \u00e0 l'huile d'olive extra vierge avec origan Pollino et menthe sauvage Tenuta Pad\u00ec"},"content":{"rendered":"<h2 data-start=\"114\" data-end=\"156\"><strong data-start=\"117\" data-end=\"156\">Melanzana Bianca di Senise (P.A.T.)<\/strong><\/h2>\n<p data-start=\"158\" data-end=\"466\">La <strong data-start=\"161\" data-end=\"191\">Melanzana Bianca di Senise<\/strong> repr\u00e9sente l'une des excellences gastronomiques de la Basilicate. Il s'agit d'un <strong data-start=\"264\" data-end=\"324\">une peau claire, agr\u00e9ment\u00e9e de teintes violettes raffin\u00e9es<\/strong>, renferme une pulpe <strong data-start=\"346\" data-end=\"365\">ferme et compact<\/strong>, Sa saveur est d\u00e9licate et harmonieuse, avec une l\u00e9g\u00e8re note aromatique qui la rend unique et reconnaissable.<\/p>\n<h3 data-start=\"468\" data-end=\"496\"><strong data-start=\"472\" data-end=\"496\">Une excellence lucanienne<\/strong><\/h3>\n<p data-start=\"497\" data-end=\"798\">Cultiv\u00e9e au c\u0153ur de la campagne siennoise, cette aubergine porte la valeur d'une tradition agricole respectueuse de la nature et de ses rythmes. Reconnue comme <strong data-start=\"667\" data-end=\"716\">Produit alimentaire traditionnel (P.A.T.)<\/strong>, est le t\u00e9moignage vivant d'une culture agricole qui allie authenticit\u00e9 et qualit\u00e9.<\/p>\n<h3 data-start=\"800\" data-end=\"829\"><strong data-start=\"804\" data-end=\"829\">Polyvalence dans la cuisine<\/strong><\/h3>\n<p data-start=\"830\" data-end=\"919\">La Melanzana Bianca di Senise est un ingr\u00e9dient capable de rehausser n'importe quelle pr\u00e9paration :<\/p>\n<ul data-start=\"921\" data-end=\"1224\">\n<li data-start=\"921\" data-end=\"973\">\n<p data-start=\"923\" data-end=\"973\">parfait pour <strong data-start=\"936\" data-end=\"970\">bruschetta et entr\u00e9es gourmandes<\/strong>,<\/p>\n<\/li>\n<li data-start=\"974\" data-end=\"1036\">\n<p data-start=\"976\" data-end=\"1036\">id\u00e9al en combinaison avec <strong data-start=\"1000\" data-end=\"1033\">fromages frais ou affin\u00e9s<\/strong>,<\/p>\n<\/li>\n<li data-start=\"1037\" data-end=\"1127\">\n<p data-start=\"1039\" data-end=\"1127\">compagnon raffin\u00e9 de <strong data-start=\"1061\" data-end=\"1095\">plats traditionnels lucaniens<\/strong> et les interpr\u00e9tations modernes,<\/p>\n<\/li>\n<li data-start=\"1128\" data-end=\"1224\">\n<p data-start=\"1130\" data-end=\"1224\">protagoniste de <strong data-start=\"1146\" data-end=\"1174\">ap\u00e9ritifs et d\u00e9gustations<\/strong> o\u00f9 le go\u00fbt authentique rencontre la cr\u00e9ativit\u00e9.<\/p>\n<\/li>\n<\/ul>\n<h3 data-start=\"1226\" data-end=\"1260\"><strong data-start=\"1230\" data-end=\"1260\">Une combinaison \u00e0 d\u00e9couvrir<\/strong><\/h3>\n<p data-start=\"1261\" data-end=\"1478\">Accompagn\u00e9 d'un <strong data-start=\"1280\" data-end=\"1321\">un verre de vin rouge de Basilicate<\/strong>, sa d\u00e9licatesse trouve un \u00e9quilibre parfait, offrant une exp\u00e9rience sensorielle qui raconte le territoire \u00e0 travers des saveurs et des ar\u00f4mes inoubliables.<\/p>\n<p>&nbsp;<\/p>","protected":false},"excerpt":{"rendered":"<p data-start=\"72\" data-end=\"113\"><strong data-start=\"72\" data-end=\"111\">Melanzana Bianca di Senise (P.A.T.)<\/strong><\/p>\n<p data-start=\"115\" data-end=\"388\">Cette vari\u00e9t\u00e9 d'aubergine tr\u00e8s pris\u00e9e se distingue par son <strong data-start=\"172\" data-end=\"190\">p\u00e2te compacte<\/strong> et le <strong data-start=\"196\" data-end=\"214\">go\u00fbt d\u00e9licat<\/strong>, qui le rendent particuli\u00e8rement polyvalent en cuisine. Son aspect inimitable, avec sa peau p\u00e2le travers\u00e9e par des <strong data-start=\"336\" data-end=\"364\">d'\u00e9l\u00e9gantes stries violettes<\/strong>, renforce son caract\u00e8re unique.<\/p>\n<p data-start=\"390\" data-end=\"681\">Parfait pour la pr\u00e9paration de <strong data-start=\"422\" data-end=\"456\">amuse-gueules et ap\u00e9ritifs<\/strong>, Le Melanzana Bianca di Senise se marie harmonieusement avec les produits suivants <strong data-start=\"516\" data-end=\"546\">bruschetta au pain rustique<\/strong>, <strong data-start=\"548\" data-end=\"581\">fromages frais ou affin\u00e9s<\/strong> et un verre de <strong data-start=\"597\" data-end=\"628\">vin rouge de Basilicate<\/strong>, pour une exp\u00e9rience gustative authentique et raffin\u00e9e.<\/p>","protected":false},"featured_media":5247,"comment_status":"closed","ping_status":"closed","template":"","meta":[],"product_brand":[],"product_cat":[32],"product_tag":[],"class_list":{"0":"post-5245","1":"product","2":"type-product","3":"status-publish","4":"has-post-thumbnail","6":"product_cat-le-conserve-di-tenuta-padi","8":"first","9":"instock","10":"sale","11":"taxable","12":"shipping-taxable","13":"purchasable","14":"product-type-variable","15":"has-default-attributes"},"_links":{"self":[{"href":"https:\/\/tenutapadi.it\/fr\/wp-json\/wp\/v2\/product\/5245","targetHints":{"allow":["GET"]}}],"collection":[{"href":"https:\/\/tenutapadi.it\/fr\/wp-json\/wp\/v2\/product"}],"about":[{"href":"https:\/\/tenutapadi.it\/fr\/wp-json\/wp\/v2\/types\/product"}],"replies":[{"embeddable":true,"href":"https:\/\/tenutapadi.it\/fr\/wp-json\/wp\/v2\/comments?post=5245"}],"wp:featuredmedia":[{"embeddable":true,"href":"https:\/\/tenutapadi.it\/fr\/wp-json\/wp\/v2\/media\/5247"}],"wp:attachment":[{"href":"https:\/\/tenutapadi.it\/fr\/wp-json\/wp\/v2\/media?parent=5245"}],"wp:term":[{"taxonomy":"product_brand","embeddable":true,"href":"https:\/\/tenutapadi.it\/fr\/wp-json\/wp\/v2\/product_brand?post=5245"},{"taxonomy":"product_cat","embeddable":true,"href":"https:\/\/tenutapadi.it\/fr\/wp-json\/wp\/v2\/product_cat?post=5245"},{"taxonomy":"product_tag","embeddable":true,"href":"https:\/\/tenutapadi.it\/fr\/wp-json\/wp\/v2\/product_tag?post=5245"}],"curies":[{"name":"wp","href":"https:\/\/api.w.org\/{rel}","templated":true}]}}