{"id":526,"date":"2021-11-02T15:47:16","date_gmt":"2021-11-02T14:47:16","guid":{"rendered":"https:\/\/tenutapadi.it\/prodotto\/peperoni-cruschi-interi-in-busta-di-alluminio-copy\/"},"modified":"2025-12-03T13:26:53","modified_gmt":"2025-12-03T12:26:53","slug":"chips-de-peperoni-cruschi-en-sachet-aluminium","status":"publish","type":"product","link":"https:\/\/tenutapadi.it\/fr\/produit\/chips-de-peperoni-cruschi-en-sachet-aluminium\/","title":{"rendered":"Tenuta Pad\u00ec Peperoni Cruschi di Senise IGP | Format des chips dans un sachet en aluminium | D\u00e9j\u00e0 frites dans de l'huile d'olive extra vierge"},"content":{"rendered":"<p><b>VOS CHIPS PR\u00c9F\u00c9R\u00c9ES<\/b><\/p>\n<p>Les poivrons de Senise IGP, que nous avons fait frire de fa\u00e7on magistrale dans de l'huile d'olive extra vierge, sont pr\u00eats \u00e0 ravir les palais les plus exigeants. Parfaits \u00e0 l'ap\u00e9ritif ou au go\u00fbter, ces poivrons sont un authentique d\u00e9lice culinaire, capable de satisfaire toutes les envies.<\/p>\n<p><strong>UN CROQUANT IRR\u00c9SISTIBLE<\/strong><\/p>\n<p>Leur croquant incomparable et leur saveur riche et enveloppante en font l'accompagnement id\u00e9al de toute occasion conviviale. Gr\u00e2ce \u00e0 leur polyvalence, ils peuvent \u00eatre d\u00e9gust\u00e9s seuls ou combin\u00e9s avec diff\u00e9rents plats, enrichissant chaque plat de leur saveur unique.<\/p>\n<p>Emball\u00e9s avec soin et pr\u00eats \u00e0 \u00eatre d\u00e9gust\u00e9s sans aucune pr\u00e9paration, les poivrons Senise IGP sont l'incarnation de l'authenticit\u00e9 italienne, apportant \u00e0 votre table toute la chaleur et la tradition de la cuisine Senise.<\/p>\n<p>\u00c9CH\u00c9ANCE 12 MOIS<\/p>\n<p><span style=\"font-weight: 400;\">TENUTA PAD\u00cc :<\/span><b> Cultiver avec amour<\/b><\/p>\n<p><b>UN AMOUR ROUGE LUCANIEN<\/b><span style=\"font-weight: 400;\"> \u2764<\/span><\/p>\n<p><span style=\"font-weight: 400;\">La Tenuta Pad\u00ec, gardienne de l'or rouge de Lucanie, c\u00e9l\u00e8bre sous toutes ses formes l'excellence de l'IGP Senise : Sa Majest\u00e9 le Peperone Crusco.<\/span><\/p>\n<p><b>LE ROI DE NOTRE CUISINE<\/b><span style=\"font-weight: 400;\"> \ud83d\udc51\ud83c\udf36<\/span><\/p>\n<p><span style=\"font-weight: 400;\">Doux, croquant, de couleur rouge pourpre et \u00e0 la chair tr\u00e8s fine. Ce sont ces caract\u00e9ristiques qui rendent le poivron crusco, en dialecte lucanien \"Zafaran crusk\", unique.<\/span><\/p>\n<p><b>LA QUALIT\u00c9 SANS COMPROMIS<\/b><span style=\"font-weight: 400;\"> \ud83c\udf1f<\/span><\/p>\n<p><span style=\"font-weight: 400;\">Chaque \u00e9tape du processus, de la culture \u00e0 la transformation, nous concerne directement.<\/span><\/p>\n<p><span style=\"font-weight: 400;\">La Tenuta Pad\u00ec s\u00e9lectionne les meilleures semences uniquement \u00e0 partir de plantes n\u00e9es dans la zone IGP.<\/span><\/p>\n<p><span style=\"font-weight: 400;\">Le repiquage des plants et la r\u00e9colte des baies se font \u00e0 la main.<\/span><\/p>\n<p><span style=\"font-weight: 400;\">Le s\u00e9chage se fait naturellement dans une serre sans l'aide de moyens m\u00e9caniques.<\/span><\/p>\n<p><b>VOUS TOMBEREZ AMOUREUX D\u00c8S LE PREMIER COUP DE PINCEAU<\/b><span style=\"font-weight: 400;\"> \ud83d\ude0d<\/span><\/p>\n<p><span style=\"font-weight: 400;\">Seules les meilleures baies, d\u00e9barrass\u00e9es de toutes leurs graines, sont s\u00e9lectionn\u00e9es pour \u00eatre tremp\u00e9es dans notre propre huile d'olive extra vierge 100% Bio de Lucanie. Seulement de l'amour, du soin et des ingr\u00e9dients de qualit\u00e9 sup\u00e9rieure, sans compromis.<\/span><\/p>","protected":false},"excerpt":{"rendered":"<p><span data-doc-id=\"8048521000001312001\" data-doc-type=\"writer\">Les poivrons de Senise IGP sont frits dans de l'huile d'olive extra vierge et pr\u00eats \u00e0 \u00eatre d\u00e9gust\u00e9s.<\/span><br class=\"zw-br\" \/>Parfait pour l'ap\u00e9ritif ou le go\u00fbter.<\/p>","protected":false},"featured_media":555,"comment_status":"closed","ping_status":"closed","template":"","meta":[],"product_brand":[],"product_cat":[15,31],"product_tag":[],"class_list":{"0":"post-526","1":"product","2":"type-product","3":"status-publish","4":"has-post-thumbnail","6":"product_cat-peperoni-cruschi","7":"product_cat-peperoni-di-senise-igp","9":"first","10":"instock","11":"sale","12":"featured","13":"taxable","14":"shipping-taxable","15":"purchasable","16":"product-type-variable","17":"has-default-attributes"},"_links":{"self":[{"href":"https:\/\/tenutapadi.it\/fr\/wp-json\/wp\/v2\/product\/526","targetHints":{"allow":["GET"]}}],"collection":[{"href":"https:\/\/tenutapadi.it\/fr\/wp-json\/wp\/v2\/product"}],"about":[{"href":"https:\/\/tenutapadi.it\/fr\/wp-json\/wp\/v2\/types\/product"}],"replies":[{"embeddable":true,"href":"https:\/\/tenutapadi.it\/fr\/wp-json\/wp\/v2\/comments?post=526"}],"wp:featuredmedia":[{"embeddable":true,"href":"https:\/\/tenutapadi.it\/fr\/wp-json\/wp\/v2\/media\/555"}],"wp:attachment":[{"href":"https:\/\/tenutapadi.it\/fr\/wp-json\/wp\/v2\/media?parent=526"}],"wp:term":[{"taxonomy":"product_brand","embeddable":true,"href":"https:\/\/tenutapadi.it\/fr\/wp-json\/wp\/v2\/product_brand?post=526"},{"taxonomy":"product_cat","embeddable":true,"href":"https:\/\/tenutapadi.it\/fr\/wp-json\/wp\/v2\/product_cat?post=526"},{"taxonomy":"product_tag","embeddable":true,"href":"https:\/\/tenutapadi.it\/fr\/wp-json\/wp\/v2\/product_tag?post=526"}],"curies":[{"name":"wp","href":"https:\/\/api.w.org\/{rel}","templated":true}]}}