{"id":530,"date":"2021-11-02T16:32:49","date_gmt":"2021-11-02T15:32:49","guid":{"rendered":"https:\/\/tenutapadi.it\/?post_type=product&#038;p=530"},"modified":"2025-12-03T13:25:56","modified_gmt":"2025-12-03T12:25:56","slug":"poivrons-frits-cruschi-chips-en-verre","status":"publish","type":"product","link":"https:\/\/tenutapadi.it\/fr\/produit\/poivrons-frits-cruschi-chips-en-verre\/","title":{"rendered":"Tenuta Pad\u00ec Poivrons croquants en verre Format chips | Pr\u00eats \u00e0 consommer | Frits \u00e0 l'huile d'olive extra vierge"},"content":{"rendered":"<p><span data-doc-id=\"8048521000001312001\" data-doc-type=\"writer\">Les poivrons de Senise IGP sont frits dans de l'huile d'olive extra vierge et pr\u00eats \u00e0 \u00eatre d\u00e9gust\u00e9s.<\/span><br class=\"zw-br\" \/>Parfait \u00e0 l'ap\u00e9ritif ou au go\u00fbter et encore plus sublime pour accompagner les risottos, les soupes, les plats de p\u00e2tes et les plats principaux, qu'il s'agisse de viande ou de poisson.<\/p>\n<ul class=\"a-unordered-list a-vertical a-spacing-mini\">\n<li class=\"a-spacing-mini\"><span class=\"a-list-item\">\ud83c\uddee\ud83c\uddf9 \ud835\udc00\ud835\udc2e\ud835\udc2d\ud835\udc1e\ud835\udc27\ud835\udc2d\ud835\udc22\ud835\udc1c\ud835\udc28 \ud835\udc06\ud835\udc2e\ud835\udc2c\ud835\udc2d\ud835\udc28 \ud835\udc08\ud835\udc2d\ud835\udc1a\ud835\udc25\ud835\udc22\ud835\udc1a\ud835\udc27\ud835\udc28 : Les poivrons de Senise IGP, frits dans de l'huile d'olive extra vierge, offrent une saveur authentique et naturelle qui repr\u00e9sente au mieux la tradition culinaire italienne. Parfaits \u00e0 l'ap\u00e9ritif ou au go\u00fbter, ils constituent un d\u00e9lice croquant et savoureux, id\u00e9al pour ceux qui souhaitent savourer l'essence m\u00eame des saveurs m\u00e9diterran\u00e9ennes.<\/span><\/li>\n<li class=\"a-spacing-mini\"><span class=\"a-list-item\">\ud83e\uddd1\u200d\ud83c\udf73 \ud835\udc15\ud835\udc1e\ud835\udc2b\ud835\udc2c\ud835\udc1a\ud835\udc2d\ud835\udc22\ud835\udc25\ud835\udc22\ud835\udc2d\ud835\udc1a\u0300 \ud835\udc22\ud835\udc27 \ud835\udc02\ud835\udc2e\ud835\udc1c\ud835\udc22\ud835\udc27\ud835\udc1a : Id\u00e9aux pour accompagner les risottos, les soupes, les p\u00e2tes et les plats principaux, qu'il s'agisse de viande ou de poisson, ces poivrons conf\u00e8rent une dimension unique et raffin\u00e9e \u00e0 toute pr\u00e9paration. Leur note croquante et leur saveur intense en font un ingr\u00e9dient polyvalent, capable de transformer les recettes les plus simples en plats gastronomiques.<\/span><\/li>\n<li class=\"a-spacing-mini\"><span class=\"a-list-item\">\u2b50 \ud835\udc10\ud835\udc2e\ud835\udc1a\ud835\udc25\ud835\udc22\ud835\udc2d\ud835\udc1a\u0300 \ud835\udc0f\ud835\udc2b\ud835\udc1e\ud835\udc26\ud835\udc22\ud835\udc2e\ud835\udc26 : Chaque poivron est soigneusement s\u00e9lectionn\u00e9 et trait\u00e9 selon des m\u00e9thodes artisanales, garantissant un produit de qualit\u00e9 sup\u00e9rieure qui satisfait les palais les plus exigeants. La pr\u00e9paration artisanale pr\u00e9serve toutes les caract\u00e9ristiques organoleptiques, offrant un go\u00fbt inimitable et un croquant parfait, r\u00e9sultat d'un processus r\u00e9alis\u00e9 avec une grande attention aux d\u00e9tails.<\/span><\/li>\n<li class=\"a-spacing-mini\"><span class=\"a-list-item\">\ud83c\udf3f \ud835\udc11\ud835\udc22\ud835\udc1c\ud835\udc1c\ud835\udc21\ud835\udc22 \ud835\udc1d\ud835\udc22 \ud835\udc13\ud835\udc2b\ud835\udc1a\ud835\udc1d\ud835\udc22\ud835\udc33\ud835\udc22\ud835\udc28\ud835\udc27\ud835\udc1e : Les piments de Senise IGP sont le fruit d'une longue tradition en Basilicate, transmise de g\u00e9n\u00e9ration en g\u00e9n\u00e9ration, ce qui leur conf\u00e8re une valeur culturelle et gastronomique inestimable. Leur douceur naturelle et leur manque d'acidit\u00e9 sont des caract\u00e9ristiques distinctives qui les rendent uniques, faisant de chaque bouch\u00e9e un voyage au c\u0153ur de Senise.<\/span><\/li>\n<li class=\"a-spacing-mini\"><span class=\"a-list-item\"><span class=\"a-list-item\">\ud83d\udc45 \ud835\udc0f\ud835\udc2b\ud835\udc28\ud835\udc27\ud835\udc2d\ud835\udc22 \ud835\udc1d\ud835\udc1a \ud835\udc20\ud835\udc2e\ud835\udc2c\ud835\udc2d\ud835\udc1a\ud835\udc2b\ud835\udc1e : Conditionn\u00e9s et pr\u00eats \u00e0 l'emploi, nos poivrons cruschi sont l'ingr\u00e9dient id\u00e9al pour ajouter une touche d'authenticit\u00e9 italienne \u00e0 vos plats, sans aucune pr\u00e9paration. Id\u00e9aux pour enrichir n'importe quelle recette de leur croquant et de leur saveur distinctive, ces poivrons sont pr\u00eats \u00e0 \u00eatre d\u00e9gust\u00e9s \u00e0 tout moment, ce qui permet d'apporter rapidement et facilement la tradition culinaire lucanienne \u00e0 votre table.<\/span><\/span>Les poivrons de Senise IGP, frits dans de l'huile d'olive extra vierge, sont pr\u00eats \u00e0 \u00eatre d\u00e9gust\u00e9s dans toute leur saveur et leur croquant. Gr\u00e2ce \u00e0 leur polyvalence et \u00e0 la qualit\u00e9 garantie par la marque IGP, les poivrons de Senise sont l'ingr\u00e9dient id\u00e9al pour ceux qui souhaitent apporter une touche d'authenticit\u00e9 et de tradition lucanienne \u00e0 leur table. Chaque poivron est soigneusement s\u00e9lectionn\u00e9 et transform\u00e9 selon des m\u00e9thodes artisanales, en pr\u00e9servant toutes les caract\u00e9ristiques organoleptiques qui le rendent si particulier. Leur pr\u00e9paration, fruit d'une longue tradition, permet de conserver intactes la douceur naturelle et l'absence d'acidit\u00e9, caract\u00e9ristiques distinctives du poivre de Senise. Choisissez les poivrons de Senise IGP pour transformer chaque plat en une exp\u00e9rience gastronomique inoubliable. Chaque bouch\u00e9e est un voyage au c\u0153ur de la Basilicate, avec des saveurs authentiques et un croquant incomparable. Parfaits pour les chefs et les amateurs de cuisine, ces poivrons apporteront une touche d'excellence italienne \u00e0 vos cr\u00e9ations culinaires, en rehaussant chaque plat de leur pr\u00e9sence distinctive et de leur saveur inimitable.TENUTA PAD\u00cc : Cultiver avec amour Un amour rouge lucanien\u2764 Tenuta Pad\u00ec, gardienne de l'or rouge lucanien, c\u00e9l\u00e8bre sous toutes ses formes l'excellence de l'IGP de Senise : Sa Majest\u00e9 le Peperone Crusco.Le roi de notre cuisine \ud83d\udc51\ud83c\udf36Sucr\u00e9, croquant, de couleur rouge pourpre et \u00e0 la chair tr\u00e8s fine. Ce sont les caract\u00e9ristiques qui rendent le poivre Crusco, en dialecte lucanien \u201c Zafaran crusk \u201d, unique.Une qualit\u00e9 sans compromis \ud83c\udf1fChaque \u00e9tape du processus, de la culture \u00e0 la transformation, nous voit comme un protagoniste direct. Tenuta Pad\u00ec s\u00e9lectionne les meilleures graines uniquement \u00e0 partir de plantes n\u00e9es dans la zone IGP. Le repiquage des plants et la r\u00e9colte des baies se font \u00e0 la main. Vous tomberez amoureux au premier coup de c\u0153ur \ud83d\ude0d Seules les meilleures baies, d\u00e9barrass\u00e9es de toutes leurs graines, sont s\u00e9lectionn\u00e9es pour \u00eatre tremp\u00e9es dans l'huile d'olive extra vierge 100% Bio, Lucano de notre propre production. Seulement de l'amour, du soin et des ingr\u00e9dients de qualit\u00e9 sup\u00e9rieure, sans compromis.<\/li>\n<\/ul>","protected":false},"excerpt":{"rendered":"<p>Les poivrons de Senise IGP sont frits dans de l'huile d'olive extra vierge et pr\u00eats \u00e0 \u00eatre d\u00e9gust\u00e9s.<br \/>\nParfait \u00e0 l'ap\u00e9ritif ou au go\u00fbter et encore plus sublime pour accompagner les risottos, les soupes, les plats de p\u00e2tes et les plats principaux, qu'il s'agisse de viande ou de poisson.<\/p>","protected":false},"featured_media":546,"comment_status":"closed","ping_status":"closed","template":"","meta":[],"product_brand":[],"product_cat":[15,31],"product_tag":[],"class_list":{"0":"post-530","1":"product","2":"type-product","3":"status-publish","4":"has-post-thumbnail","6":"product_cat-peperoni-cruschi","7":"product_cat-peperoni-di-senise-igp","9":"first","10":"instock","11":"sale","12":"featured","13":"taxable","14":"shipping-taxable","15":"purchasable","16":"product-type-variable","17":"has-default-attributes"},"_links":{"self":[{"href":"https:\/\/tenutapadi.it\/fr\/wp-json\/wp\/v2\/product\/530","targetHints":{"allow":["GET"]}}],"collection":[{"href":"https:\/\/tenutapadi.it\/fr\/wp-json\/wp\/v2\/product"}],"about":[{"href":"https:\/\/tenutapadi.it\/fr\/wp-json\/wp\/v2\/types\/product"}],"replies":[{"embeddable":true,"href":"https:\/\/tenutapadi.it\/fr\/wp-json\/wp\/v2\/comments?post=530"}],"wp:featuredmedia":[{"embeddable":true,"href":"https:\/\/tenutapadi.it\/fr\/wp-json\/wp\/v2\/media\/546"}],"wp:attachment":[{"href":"https:\/\/tenutapadi.it\/fr\/wp-json\/wp\/v2\/media?parent=530"}],"wp:term":[{"taxonomy":"product_brand","embeddable":true,"href":"https:\/\/tenutapadi.it\/fr\/wp-json\/wp\/v2\/product_brand?post=530"},{"taxonomy":"product_cat","embeddable":true,"href":"https:\/\/tenutapadi.it\/fr\/wp-json\/wp\/v2\/product_cat?post=530"},{"taxonomy":"product_tag","embeddable":true,"href":"https:\/\/tenutapadi.it\/fr\/wp-json\/wp\/v2\/product_tag?post=530"}],"curies":[{"name":"wp","href":"https:\/\/api.w.org\/{rel}","templated":true}]}}