{"id":5488,"date":"2025-12-04T16:29:26","date_gmt":"2025-12-04T15:29:26","guid":{"rendered":"https:\/\/tenutapadi.it\/?post_type=product&#038;p=5488"},"modified":"2026-03-02T11:42:01","modified_gmt":"2026-03-02T10:42:01","slug":"t-shirt-crusco-pop-art-in-cotone-100-biologico-designed-by-tenuta-padi","status":"publish","type":"product","link":"https:\/\/tenutapadi.it\/fr\/produit\/t-shirt-crusco-pop-art-in-cotone-100-biologico-designed-by-tenuta-padi\/","title":{"rendered":"T-shirt Crusco Pop Art en coton biologique 100 % con\u00e7u par Tenuta Pad\u00ec"},"content":{"rendered":"<p>L'\u00e9nergie, la couleur et l'identit\u00e9 lucanienne dans une seule chemise.<br \/>\nLe nouveau T-shirt Tenuta Pad\u00ec c\u00e9l\u00e8bre le Peperone Crusco, symbole incontournable de la Basilicate, en le transformant en un graphique pop art vivant et contemporain.<\/p>\n<p>Fabriqu\u00e9 en coton biologique 100%, ce T-shirt allie confort, qualit\u00e9 et durabilit\u00e9, refl\u00e9tant les valeurs authentiques de Tenuta Pad\u00ec : respect de la terre, amour de la tradition et souci du d\u00e9tail.<\/p>\n<p>L'impression, la m\u00eame que celle qui caract\u00e9rise notre embl\u00e9matique Tote Bag, raconte avec ironie et fiert\u00e9 le go\u00fbt vif et audacieux qui repr\u00e9sente la Basilicate dans le monde entier.<br \/>\nParfait pour ceux qui aiment se distinguer par leur style et emporter un morceau de terre avec eux... m\u00eame dans la vie de tous les jours.<\/p>","protected":false},"excerpt":{"rendered":"<p>Porter le T-shirt Tenuta Pad\u00ec, c'est raconter avec fiert\u00e9 ses racines.<br \/>\nC'est un v\u00eatement simple mais significatif : un symbole de la culture gastronomique et de la cr\u00e9ativit\u00e9 m\u00e9diterran\u00e9enne, r\u00e9interpr\u00e9t\u00e9 \u00e0 travers le langage universel du pop art. Coupe r\u00e9guli\u00e8re<\/p>\n<p>Associez-le au sac fourre-tout Tenuta Pad\u00ec pour un look coordonn\u00e9 qui allie design, ironie et esprit lucanien.<\/p>","protected":false},"featured_media":5604,"comment_status":"closed","ping_status":"closed","template":"","meta":[],"product_brand":[],"product_cat":[106],"product_tag":[],"class_list":{"0":"post-5488","1":"product","2":"type-product","3":"status-publish","4":"has-post-thumbnail","6":"product_cat-merchandising","8":"first","9":"instock","10":"sale","11":"taxable","12":"shipping-taxable","13":"purchasable","14":"product-type-variable"},"_links":{"self":[{"href":"https:\/\/tenutapadi.it\/fr\/wp-json\/wp\/v2\/product\/5488","targetHints":{"allow":["GET"]}}],"collection":[{"href":"https:\/\/tenutapadi.it\/fr\/wp-json\/wp\/v2\/product"}],"about":[{"href":"https:\/\/tenutapadi.it\/fr\/wp-json\/wp\/v2\/types\/product"}],"replies":[{"embeddable":true,"href":"https:\/\/tenutapadi.it\/fr\/wp-json\/wp\/v2\/comments?post=5488"}],"wp:featuredmedia":[{"embeddable":true,"href":"https:\/\/tenutapadi.it\/fr\/wp-json\/wp\/v2\/media\/5604"}],"wp:attachment":[{"href":"https:\/\/tenutapadi.it\/fr\/wp-json\/wp\/v2\/media?parent=5488"}],"wp:term":[{"taxonomy":"product_brand","embeddable":true,"href":"https:\/\/tenutapadi.it\/fr\/wp-json\/wp\/v2\/product_brand?post=5488"},{"taxonomy":"product_cat","embeddable":true,"href":"https:\/\/tenutapadi.it\/fr\/wp-json\/wp\/v2\/product_cat?post=5488"},{"taxonomy":"product_tag","embeddable":true,"href":"https:\/\/tenutapadi.it\/fr\/wp-json\/wp\/v2\/product_tag?post=5488"}],"curies":[{"name":"wp","href":"https:\/\/api.w.org\/{rel}","templated":true}]}}