{"id":970,"date":"2024-02-02T11:14:10","date_gmt":"2024-02-02T10:14:10","guid":{"rendered":"https:\/\/tenutapadi.it\/?post_type=product&#038;p=970"},"modified":"2026-01-11T18:33:06","modified_gmt":"2026-01-11T17:33:06","slug":"pasta-al-peperone-crusco-di-senise-strascinati-fusilli","status":"publish","type":"product","link":"https:\/\/tenutapadi.it\/fr\/produit\/pasta-al-peperone-crusco-di-senise-strascinati-fusilli\/","title":{"rendered":"Tenuta Pad\u00ec Pasta al Peperone Crusco di Senise IGP | Strascinati ou Fusilli avec semoule de bl\u00e9 dur italien | Farine de graines et poudre de Crusco"},"content":{"rendered":"<div class=\"product-description\">\n<h2><strong>D\u00c9COUVREZ NOS P\u00c2TES CRUSCO<\/strong><\/h2>\n<p>Notre <strong>p\u00e2tes avec crusco<\/strong> est un <strong>un d\u00e9lice authentique<\/strong> de <strong>La tradition lucanienne<\/strong>, passionn\u00e9, \u00e9tape par \u00e9tape, en n'utilisant que des <strong>des ingr\u00e9dients de haute qualit\u00e9<\/strong>. Fabriqu\u00e9 avec <strong>semoule de bl\u00e9 dur<\/strong> S\u00e9lectionn\u00e9s en Italie et enrichis de <strong>farine et poudre de graines<\/strong> par <strong>PGI Senise pepper<\/strong>, Le produit, qui \u00e9mane d'un <strong>go\u00fbt prononc\u00e9<\/strong> et un <strong>une consistance parfaite<\/strong>, capable de rehausser n'importe quel plat.<\/p>\n<h3><strong>FORMATS DISPONIBLES :<\/strong><\/h3>\n<ul>\n<li>Strascinati avec crusco<\/li>\n<li>Fusilli \u00e0 la cr\u00e8me<\/li>\n<\/ul>\n<h3><strong>BROYAGE DES GRAINES \u00c0 LA PIERRE<\/strong><\/h3>\n<p>I <strong>graines du poivre IGP de Senise<\/strong> sont <strong>pierre-terre<\/strong> afin de pr\u00e9server ses ar\u00f4mes, ses saveurs et ses propri\u00e9t\u00e9s nutritionnelles. Ce proc\u00e9d\u00e9 artisanal met en valeur les <strong>caract\u00e8re intense<\/strong> de la crusco, en donnant aux p\u00e2tes une <strong>saveur unique<\/strong> e <strong>irr\u00e9sistible<\/strong>.<\/p>\n<h3><strong>TRADITION ET INNOVATION<\/strong><\/h3>\n<p>Chaque format de <strong>p\u00e2tes avec crusco<\/strong> est le r\u00e9sultat d'une <strong>savant \u00e9quilibre<\/strong> entre <strong>La tradition lucanienne<\/strong> e <strong>l'innovation<\/strong> dans le processus. Pr\u00eate en quelques minutes et simple \u00e0 pr\u00e9parer, elle est id\u00e9ale pour ceux qui souhaitent apporter \u00e0 la table un repas de qualit\u00e9. <strong>Un authentique morceau de Basilicate<\/strong>.<\/p>\n<p><strong>Date limite :<\/strong> 12 mois<\/p>\n<hr \/>\n<h2><strong>TENUTA PAD\u00cc : Grandir avec amour<\/strong><\/h2>\n<p><strong>Un amour lucanien rouge \u2764<\/strong><br \/>\nLa Tenuta Pad\u00ec est la gardienne de la\u2019<strong>Or rouge lucanien<\/strong>, les <strong>Peperone Crusco IGP<\/strong>, que nous c\u00e9l\u00e9brons sous toutes ses formes avec amour et respect pour notre terre.<\/p>\n<h3><strong>LE ROI DE NOTRE CUISINE \ud83d\udc51\ud83c\udf36\ud83c\udf36<\/strong><\/h3>\n<p>De couleur rouge pourpre, croustillante et \u00e0 la chair tr\u00e8s fine, la <strong>Poivre Crusco<\/strong> - \u201c<em>Zafaran crusk<\/em>\u201d en dialecte lucanien - est l'embl\u00e8me de notre tradition gastronomique.<\/p>\n<h3><strong>UNE QUALIT\u00c9 SANS COMPROMIS \ud83c\udf1f<\/strong><\/h3>\n<p>De <strong>de la culture \u00e0 la transformation<\/strong>, nous suivons nous-m\u00eames chaque \u00e9tape. Nous ne s\u00e9lectionnons que des semences <strong>plantes n\u00e9es dans la zone IGP<\/strong>. Les <strong>transplantation<\/strong> et le <strong>collection<\/strong> se font \u00e0 la main, tandis que les\u2019<strong>s\u00e9chage<\/strong> se fait naturellement, dans la serre, sans recours \u00e0 des moyens m\u00e9caniques.<\/p>\n<h3><strong>VOUS TOMBEREZ AMOUREUX AU PREMIER COUP DE C\u0152UR \ud83d\ude0d<\/strong><\/h3>\n<p>Uniquement les meilleures baies, <strong>s\u00e9lectionn\u00e9 \u00e0 la main<\/strong> e <strong>nettoy\u00e9 de toutes les graines<\/strong>, sont immerg\u00e9s dans <strong>Huile d'olive extra vierge 100% Bio<\/strong> de notre propre production. Le r\u00e9sultat ? A <strong>excellent produit<\/strong>, sans compromis, qui vous s\u00e9duit d\u00e8s la premi\u00e8re d\u00e9gustation.<\/p>\n<\/div>","protected":false},"excerpt":{"rendered":"<p class=\"p1\"><span class=\"s1\">Les strascinati al crusco et les fusilli al crusco sont fabriqu\u00e9s \u00e0 partir de semoule de bl\u00e9 dur italien 100%, de farine de graines de poivre de Senise IGP et de poudre de poivre de Senise IGP moulu \u00e0 la meule de pierre.<\/span><\/p>","protected":false},"featured_media":971,"comment_status":"closed","ping_status":"closed","template":"","meta":[],"product_brand":[],"product_cat":[41,39],"product_tag":[],"class_list":{"0":"post-970","1":"product","2":"type-product","3":"status-publish","4":"has-post-thumbnail","6":"product_cat-le-selezioni-gourmet","7":"product_cat-fantasiosi","9":"first","10":"instock","11":"sale","12":"featured","13":"taxable","14":"shipping-taxable","15":"purchasable","16":"product-type-variable","17":"has-default-attributes"},"_links":{"self":[{"href":"https:\/\/tenutapadi.it\/fr\/wp-json\/wp\/v2\/product\/970","targetHints":{"allow":["GET"]}}],"collection":[{"href":"https:\/\/tenutapadi.it\/fr\/wp-json\/wp\/v2\/product"}],"about":[{"href":"https:\/\/tenutapadi.it\/fr\/wp-json\/wp\/v2\/types\/product"}],"replies":[{"embeddable":true,"href":"https:\/\/tenutapadi.it\/fr\/wp-json\/wp\/v2\/comments?post=970"}],"wp:featuredmedia":[{"embeddable":true,"href":"https:\/\/tenutapadi.it\/fr\/wp-json\/wp\/v2\/media\/971"}],"wp:attachment":[{"href":"https:\/\/tenutapadi.it\/fr\/wp-json\/wp\/v2\/media?parent=970"}],"wp:term":[{"taxonomy":"product_brand","embeddable":true,"href":"https:\/\/tenutapadi.it\/fr\/wp-json\/wp\/v2\/product_brand?post=970"},{"taxonomy":"product_cat","embeddable":true,"href":"https:\/\/tenutapadi.it\/fr\/wp-json\/wp\/v2\/product_cat?post=970"},{"taxonomy":"product_tag","embeddable":true,"href":"https:\/\/tenutapadi.it\/fr\/wp-json\/wp\/v2\/product_tag?post=970"}],"curies":[{"name":"wp","href":"https:\/\/api.w.org\/{rel}","templated":true}]}}