{"id":975,"date":"2024-02-02T11:30:54","date_gmt":"2024-02-02T10:30:54","guid":{"rendered":"https:\/\/tenutapadi.it\/?post_type=product&#038;p=975"},"modified":"2026-03-22T20:52:57","modified_gmt":"2026-03-22T19:52:57","slug":"confiture-de-poivrons","status":"publish","type":"product","link":"https:\/\/tenutapadi.it\/fr\/produit\/confiture-de-poivrons\/","title":{"rendered":"Tenuta Pad\u00ec Confettura di Peperone di Senise IGP | poivrons fra\u00eechement cueillis"},"content":{"rendered":"<p style=\"text-align: center;\"><strong>D\u00c9COUVRIR LE PRODUIT<\/strong><\/p>\n<p>La<strong> confiture<\/strong> \u00e0 base de \"Peperone di Senise IGP\" est une <strong>un d\u00e9lice id\u00e9al<\/strong> accompagner <strong>fromages frais<\/strong> ou de maturit\u00e9 moyenne, <strong>rehausser le go\u00fbt<\/strong> avec un<strong> note douce<\/strong> e <strong>l\u00e9g\u00e8rement \u00e9pic\u00e9<\/strong>. Ce produit unique, issu de la tradition culinaire lucanienne, est \u00e9labor\u00e9 \u00e0 partir de poivrons frais, cueillis \u00e0 la main par nos soins au plus fort de leur maturit\u00e9 pour garantir une saveur intense et authentique.<\/p>\n<p><strong>DE NOTRE TERRE \u00c0 VOTRE TABLE<\/strong><\/p>\n<p>Le traitement des confitures a lieu <strong>imm\u00e9diatement<\/strong> apr\u00e8s<strong> la collection<\/strong>en veillant \u00e0 ce que chaque pot contienne tous les <strong>fra\u00eecheur<\/strong> et le <strong>qualit\u00e9s organoleptiques<\/strong> les poivrons de Senise, connus pour leurs <strong>douceur naturelle<\/strong> et le<strong>absence d'acidit\u00e9<\/strong>. Les <strong>processus artisanal<\/strong> pr\u00e9serve les caract\u00e9ristiques distinctives du poivre en le transformant en confiture <strong>raffin\u00e9<\/strong> e <strong>polyvalent<\/strong>.<\/p>\n<p><strong>UNE R\u00c9VOLUTION POUR VOS RECETTES<\/strong><\/p>\n<p>Parfait pour cr\u00e9er <strong>accords gourmands<\/strong>Cette confiture peut \u00eatre tartin\u00e9e sur des crostini, accompagn\u00e9e d'un plateau de fromages ou utilis\u00e9e comme ingr\u00e9dient secret dans des plats \u00e0 base d'huile d'olive ou d'huile d'olive. <strong>recettes cr\u00e9atives<\/strong>. Les <strong>PGI Senise pepper<\/strong> donne le <strong>confiture<\/strong> a <strong>couleur vive<\/strong> et un <strong>ar\u00f4me incomparable<\/strong>Ce qui en fait un excellent choix pour ceux qui souhaitent ajouter une touche d'\u00e9l\u00e9gance et de tradition lucanienne \u00e0 leur table.<\/p>\n<p><span style=\"font-weight: 400;\">TENUTA PAD\u00cc :<\/span><b> Cultiver avec amour<\/b><\/p>\n<p><b>UN AMOUR ROUGE LUCANIEN<\/b><span style=\"font-weight: 400;\"> \u2764<\/span><\/p>\n<p><span style=\"font-weight: 400;\">La Tenuta Pad\u00ec, gardienne de l'or rouge de Lucanie, c\u00e9l\u00e8bre sous toutes ses formes l'excellence de l'IGP Senise : Sa Majest\u00e9 le Peperone Crusco.<\/span><\/p>\n<p><b>LE ROI DE NOTRE CUISINE<\/b><span style=\"font-weight: 400;\"> \ud83d\udc51\ud83c\udf36<\/span><\/p>\n<p><span style=\"font-weight: 400;\">Doux, croquant, de couleur rouge pourpre et \u00e0 la chair tr\u00e8s fine. Ce sont ces caract\u00e9ristiques qui rendent le poivron crusco, en dialecte lucanien \"Zafaran crusk\", unique.<\/span><\/p>\n<p><b>LA QUALIT\u00c9 SANS COMPROMIS<\/b><span style=\"font-weight: 400;\"> \ud83c\udf1f<\/span><\/p>\n<p><span style=\"font-weight: 400;\">Chaque \u00e9tape du processus, de la culture \u00e0 la transformation, nous concerne directement.<\/span><\/p>\n<p><span style=\"font-weight: 400;\">La Tenuta Pad\u00ec s\u00e9lectionne les meilleures semences uniquement \u00e0 partir de plantes n\u00e9es dans la zone IGP.<\/span><\/p>\n<p><span style=\"font-weight: 400;\">Le repiquage des plants et la r\u00e9colte des baies se font \u00e0 la main.<\/span><\/p>\n<p><span style=\"font-weight: 400;\">Le s\u00e9chage se fait naturellement dans une serre sans l'aide de moyens m\u00e9caniques.<\/span><\/p>\n<p><b>VOUS TOMBEREZ AMOUREUX D\u00c8S LE PREMIER COUP DE PINCEAU<\/b><span style=\"font-weight: 400;\"> \ud83d\ude0d<\/span><\/p>\n<p><span style=\"font-weight: 400;\">Seules les meilleures baies, d\u00e9barrass\u00e9es de toutes leurs graines, sont s\u00e9lectionn\u00e9es pour \u00eatre tremp\u00e9es dans notre propre huile d'olive extra vierge 100% Bio de Lucanie. Seulement de l'amour, du soin et des ingr\u00e9dients de qualit\u00e9 sup\u00e9rieure, sans compromis.<\/span><\/p>\n<p>\u00c9CH\u00c9ANCE 12 MOIS<\/p>","protected":false},"excerpt":{"rendered":"<p>La confiture \"Peperone di Senise igp\" est indiqu\u00e9e pour accompagner les fromages frais ou moyennement affin\u00e9s.<\/p>\n<p>La confiture est obtenue par la transformation directe du produit fra\u00eechement r\u00e9colt\u00e9.<\/p>","protected":false},"featured_media":976,"comment_status":"closed","ping_status":"closed","template":"","meta":[],"product_brand":[],"product_cat":[41,32,39],"product_tag":[],"class_list":{"0":"post-975","1":"product","2":"type-product","3":"status-publish","4":"has-post-thumbnail","6":"product_cat-le-selezioni-gourmet","7":"product_cat-le-conserve-di-tenuta-padi","8":"product_cat-fantasiosi","10":"first","11":"outofstock","12":"sale","13":"featured","14":"taxable","15":"shipping-taxable","16":"purchasable","17":"product-type-variable"},"_links":{"self":[{"href":"https:\/\/tenutapadi.it\/fr\/wp-json\/wp\/v2\/product\/975","targetHints":{"allow":["GET"]}}],"collection":[{"href":"https:\/\/tenutapadi.it\/fr\/wp-json\/wp\/v2\/product"}],"about":[{"href":"https:\/\/tenutapadi.it\/fr\/wp-json\/wp\/v2\/types\/product"}],"replies":[{"embeddable":true,"href":"https:\/\/tenutapadi.it\/fr\/wp-json\/wp\/v2\/comments?post=975"}],"wp:featuredmedia":[{"embeddable":true,"href":"https:\/\/tenutapadi.it\/fr\/wp-json\/wp\/v2\/media\/976"}],"wp:attachment":[{"href":"https:\/\/tenutapadi.it\/fr\/wp-json\/wp\/v2\/media?parent=975"}],"wp:term":[{"taxonomy":"product_brand","embeddable":true,"href":"https:\/\/tenutapadi.it\/fr\/wp-json\/wp\/v2\/product_brand?post=975"},{"taxonomy":"product_cat","embeddable":true,"href":"https:\/\/tenutapadi.it\/fr\/wp-json\/wp\/v2\/product_cat?post=975"},{"taxonomy":"product_tag","embeddable":true,"href":"https:\/\/tenutapadi.it\/fr\/wp-json\/wp\/v2\/product_tag?post=975"}],"curies":[{"name":"wp","href":"https:\/\/api.w.org\/{rel}","templated":true}]}}